{"id":9958,"date":"2025-09-17T12:45:48","date_gmt":"2025-09-17T10:45:48","guid":{"rendered":"https:\/\/boreait.com\/hu\/?post_type=product&#038;p=9958"},"modified":"2025-09-17T12:45:54","modified_gmt":"2025-09-17T10:45:54","slug":"lcd-kepernyo-lenovo-ideapad-3-14ada05-14-matt-fhd-ips-edp-30-tus-uj","status":"publish","type":"product","link":"https:\/\/boreait.com\/hu\/termek\/lcd-kepernyo-lenovo-ideapad-3-14ada05-14-matt-fhd-ips-edp-30-tus-uj\/","title":{"rendered":"LCD k\u00e9perny\u0151 Lenovo IdeaPad 3 14ADA05 14&#8243; matt FHD IPS eDP 30 t\u0171s \u00faj"},"content":{"rendered":"<p><strong>T\u00e9nyleges LCD-k\u00e9perny\u0151s modell: MB140SC01-4 VER 1.3 vagy N140HCA-EAC REV. C4 \u2013 TELJESEN KOMPATIBILIS LAPTOP K\u00c9PERNY\u0150VEL A Lenovo IdeaPad 3 14ADA05-h\u00f6z<\/strong><\/p>\n<p>Fokozza Lenovo IdeaPad 3 14ADA05 k\u00e9sz\u00fcl\u00e9k\u00e9t ezzel a kiv\u00e1l\u00f3 min\u0151s\u00e9g\u0171 14&#8243;-es LCD-k\u00e9perny\u0151vel, amely kiv\u00e9teles tisztas\u00e1got \u00e9s \u00e9l\u00e9nk sz\u00edneket biztos\u00edt. A Full HD (1920&#215;1080) felbont\u00e1snak k\u00f6sz\u00f6nhet\u0151en a k\u00e9perny\u0151 \u00e9les \u00e9s tiszta k\u00e9peket biztos\u00edt, \u00edgy munk\u00e1hoz \u00e9s sz\u00f3rakoz\u00e1shoz egyar\u00e1nt ide\u00e1lis. Az IPS technol\u00f3gia egyenletes sz\u00ednpontoss\u00e1got biztos\u00edt, cs\u00f6kkenti a l\u00e1t\u00e1si sz\u00f6get \u00e9s a sz\u00e9les betekint\u00e9si sz\u00f6get. k\u00fcl\u00f6nf\u00e9le f\u00e9nyviszonyok.<\/p>\n<p>Ez a k\u00e9perny\u0151 30 t\u0171s eDP-csatlakoz\u00f3val van felszerelve, amely z\u00f6kken\u0151mentes kompatibilit\u00e1st \u00e9s stabil kapcsolatot biztos\u00edt laptopj\u00e1val. A felszerel\u00e9st a mell\u00e9kelt k\u00e9toldalas ragaszt\u00f3cs\u00edkok teszik egyszer\u0171v\u00e9. Ak\u00e1r egy s\u00e9r\u00fclt k\u00e9perny\u0151t cser\u00e9l, ak\u00e1r a jobb teljes\u00edtm\u00e9ny \u00e9rdek\u00e9ben friss\u00edt, ez az LCD-k\u00e9perny\u0151 megb\u00edzhat\u00f3 v\u00e1laszt\u00e1s Lenovo IdeaPad 3 14ADA05 k\u00e9sz\u00fcl\u00e9k\u00e9hez.<\/p>\n<p>K\u00e9rj\u00fck, vegye figyelembe, hogy ez a k\u00e9perny\u0151 nem tartalmaz fels\u0151 \u00e9s als\u00f3 z\u00e1r\u00f3jeleket. Teljesen \u00faj \u00e1llapotban van, \u00edgy hib\u00e1tlan \u00e9s haszn\u00e1latra k\u00e9sz term\u00e9ket kap.<\/p>\n","protected":false},"excerpt":{"rendered":"<p>Friss\u00edtse Lenovo IdeaPad 3 14ADA05 k\u00e9sz\u00fcl\u00e9k\u00e9t egy 14&#8243;-es matt FHD IPS LCD-k\u00e9perny\u0151vel. Az eDP 30 t\u0171s csatlakoz\u00e1ssal rendelkez\u0151 kijelz\u0151 \u00e9les k\u00e9pet \u00e9s sz\u00e9les betekint\u00e9si sz\u00f6get biztos\u00edt. A k\u00e9toldalas ragaszt\u00f3cs\u00edkok az egyszer\u0171 telep\u00edt\u00e9s \u00e9rdek\u00e9ben. \u00c1llapot: \u00daj.<\/p>\n","protected":false},"featured_media":9942,"template":"","meta":[],"product_brand":[],"product_cat":[74,71],"product_tag":[26],"class_list":{"0":"post-9958","1":"product","2":"type-product","3":"status-publish","4":"has-post-thumbnail","6":"product_cat-14-new-laptop-screens-lcd-panels","7":"product_cat-new-laptop-screens-lcd-panels","8":"product_tag-lenovo","10":"first","11":"instock","12":"taxable","13":"shipping-taxable","14":"purchasable","15":"product-type-simple"},"_links":{"self":[{"href":"https:\/\/boreait.com\/hu\/wp-json\/wp\/v2\/product\/9958","targetHints":{"allow":["GET"]}}],"collection":[{"href":"https:\/\/boreait.com\/hu\/wp-json\/wp\/v2\/product"}],"about":[{"href":"https:\/\/boreait.com\/hu\/wp-json\/wp\/v2\/types\/product"}],"wp:featuredmedia":[{"embeddable":true,"href":"https:\/\/boreait.com\/hu\/wp-json\/wp\/v2\/media\/9942"}],"wp:attachment":[{"href":"https:\/\/boreait.com\/hu\/wp-json\/wp\/v2\/media?parent=9958"}],"wp:term":[{"taxonomy":"product_brand","embeddable":true,"href":"https:\/\/boreait.com\/hu\/wp-json\/wp\/v2\/product_brand?post=9958"},{"taxonomy":"product_cat","embeddable":true,"href":"https:\/\/boreait.com\/hu\/wp-json\/wp\/v2\/product_cat?post=9958"},{"taxonomy":"product_tag","embeddable":true,"href":"https:\/\/boreait.com\/hu\/wp-json\/wp\/v2\/product_tag?post=9958"}],"curies":[{"name":"wp","href":"https:\/\/api.w.org\/{rel}","templated":true}]}}