{"id":9957,"date":"2025-09-17T12:45:48","date_gmt":"2025-09-17T10:45:48","guid":{"rendered":"https:\/\/boreait.com\/hu\/?post_type=product&#038;p=9957"},"modified":"2025-09-17T12:45:54","modified_gmt":"2025-09-17T10:45:54","slug":"hp-14-dk1032wm-14-dk1035wm-lcd-14-fhd-ips-30-tus-matt-kepernyo-uj","status":"publish","type":"product","link":"https:\/\/boreait.com\/hu\/termek\/hp-14-dk1032wm-14-dk1035wm-lcd-14-fhd-ips-30-tus-matt-kepernyo-uj\/","title":{"rendered":"HP 14-DK1032WM 14-DK1035WM LCD 14&#8243; FHD IPS 30 t\u0171s matt k\u00e9perny\u0151 \u00daj"},"content":{"rendered":"<p><strong>T\u00e9nyleges LCD-k\u00e9perny\u0151s modell: MB140SC01-4 VER 1.3 vagy N140HCA-EAC REV. C4 \u2013 TELJESEN KOMPATIBILIS A HP 14-DK1032WM 14-DK1035WM laptop k\u00e9perny\u0151j\u00e9vel<\/strong><\/p>\n<p>Emelje fel HP 14-DK1032WM vagy 14-DK1035WM laptopja kijelz\u0151j\u00e9t ezzel a 14&#8243;-es matt FHD IPS LCD-k\u00e9perny\u0151vel. A nagy teljes\u00edtm\u00e9nyre tervezett k\u00e9perny\u0151 Full HD (1920&#215;1080) felbont\u00e1st k\u00edn\u00e1l, \u00e9les, tiszta l\u00e1tv\u00e1nyt \u00e9s \u00e9l\u00e9nk sz\u00edneket biztos\u00edt. Az IPS technol\u00f3gia \u00e9s a konzisztens sz\u00e9les l\u00e1t\u00f3sz\u00f6get biztos\u00edtja a sz\u00e9les l\u00e1t\u00f3sz\u00f6g\u0171 k\u00e9perny\u0151n.<\/p>\n<p>A 30 t\u0171s eDP-csatlakoz\u00f3 biztons\u00e1gos \u00e9s stabil kapcsolatot biztos\u00edt az eszk\u00f6zzel, biztos\u00edtva a z\u00f6kken\u0151mentes m\u0171k\u00f6d\u00e9st. Ez a k\u00e9perny\u0151 fels\u0151 \u00e9s als\u00f3 konzolok n\u00e9lk\u00fcl kaphat\u00f3, de k\u00e9toldalas ragaszt\u00f3cs\u00edkokat tartalmaz, \u00edgy a telep\u00edt\u00e9s egyszer\u0171 \u00e9s probl\u00e9mamentes. Ak\u00e1r egy s\u00e9r\u00fclt k\u00e9perny\u0151t cser\u00e9l, ak\u00e1r a jobb megjelen\u00edt\u00e9s \u00e9rdek\u00e9ben friss\u00edt, ez az LCD-k\u00e9perny\u0151 t\u00f6k\u00e9letes v\u00e1laszt\u00e1s laptopja teljes\u00edtm\u00e9ny\u00e9nek fokoz\u00e1s\u00e1ra.<\/p>\n","protected":false},"excerpt":{"rendered":"<p>Friss\u00edtse HP 14-DK1032WM vagy 14-DK1035WM k\u00e9sz\u00fcl\u00e9k\u00e9t 14&#8243;-es matt FHD IPS LCD-k\u00e9perny\u0151vel. 30 t\u0171s eDP-csatlakoz\u00f3val \u00e9s k\u00e9toldalas ragaszt\u00f3cs\u00edkokkal az egyszer\u0171 telep\u00edt\u00e9s \u00e9rdek\u00e9ben. \u00c1llapot: \u00daj.<\/p>\n","protected":false},"featured_media":9942,"template":"","meta":[],"product_brand":[],"product_cat":[74,71],"product_tag":[],"class_list":{"0":"post-9957","1":"product","2":"type-product","3":"status-publish","4":"has-post-thumbnail","6":"product_cat-14-new-laptop-screens-lcd-panels","7":"product_cat-new-laptop-screens-lcd-panels","9":"first","10":"instock","11":"taxable","12":"shipping-taxable","13":"purchasable","14":"product-type-simple"},"_links":{"self":[{"href":"https:\/\/boreait.com\/hu\/wp-json\/wp\/v2\/product\/9957","targetHints":{"allow":["GET"]}}],"collection":[{"href":"https:\/\/boreait.com\/hu\/wp-json\/wp\/v2\/product"}],"about":[{"href":"https:\/\/boreait.com\/hu\/wp-json\/wp\/v2\/types\/product"}],"wp:featuredmedia":[{"embeddable":true,"href":"https:\/\/boreait.com\/hu\/wp-json\/wp\/v2\/media\/9942"}],"wp:attachment":[{"href":"https:\/\/boreait.com\/hu\/wp-json\/wp\/v2\/media?parent=9957"}],"wp:term":[{"taxonomy":"product_brand","embeddable":true,"href":"https:\/\/boreait.com\/hu\/wp-json\/wp\/v2\/product_brand?post=9957"},{"taxonomy":"product_cat","embeddable":true,"href":"https:\/\/boreait.com\/hu\/wp-json\/wp\/v2\/product_cat?post=9957"},{"taxonomy":"product_tag","embeddable":true,"href":"https:\/\/boreait.com\/hu\/wp-json\/wp\/v2\/product_tag?post=9957"}],"curies":[{"name":"wp","href":"https:\/\/api.w.org\/{rel}","templated":true}]}}