{"id":9956,"date":"2025-09-17T12:45:48","date_gmt":"2025-09-17T10:45:48","guid":{"rendered":"https:\/\/boreait.com\/hu\/?post_type=product&#038;p=9956"},"modified":"2025-09-17T12:45:54","modified_gmt":"2025-09-17T10:45:54","slug":"hp-pavilion-14-ce-lcd-14-matt-fhd-ips-edp-30-tus-ragasztocsikokkal-uj","status":"publish","type":"product","link":"https:\/\/boreait.com\/hu\/termek\/hp-pavilion-14-ce-lcd-14-matt-fhd-ips-edp-30-tus-ragasztocsikokkal-uj\/","title":{"rendered":"HP Pavilion 14-CE LCD 14&#8243; matt FHD IPS eDP 30 t\u0171s ragaszt\u00f3cs\u00edkokkal \u00daj"},"content":{"rendered":"<p><strong>T\u00e9nyleges LCD-k\u00e9perny\u0151s modell: MB140SC01-4 VER 1.3 vagy N140HCA-EAC REV. C4 \u2013 TELJESEN KOMPATIBILIS A HP Pavilion 14-CE laptop k\u00e9perny\u0151j\u00e9vel<\/strong><\/p>\n<p>Friss\u00edtse HP Pavilion 14-CE k\u00e9sz\u00fcl\u00e9k\u00e9t egy kiv\u00e1l\u00f3 min\u0151s\u00e9g\u0171, 14&#8243;-es LCD-k\u00e9perny\u0151vel, amely kiv\u00e9teles l\u00e1tv\u00e1nyt \u00e9s tart\u00f3ss\u00e1got biztos\u00edt. Ez a k\u00e9perny\u0151 Full HD (1920&#215;1080) felbont\u00e1st k\u00edn\u00e1l, \u00e9les \u00e9s tiszta k\u00e9peket biztos\u00edt, \u00e9s t\u00f6k\u00e9letes mind a munk\u00e1hoz, mind a sz\u00f3rakoz\u00e1shoz. Az IPS technol\u00f3gia egyenletes \u00e9s pontos sz\u00edneket biztos\u00edt k\u00fcl\u00f6nf\u00e9le sz\u00e9les l\u00e1t\u00f3sz\u00f6gekben, m\u00edg a matt f\u00e9nyez\u00e9s cs\u00f6kkenti a csillog\u00e1st.<\/p>\n<p>A 30 t\u0171s eDP csatlakoz\u00f3 biztons\u00e1gos kapcsolatot biztos\u00edt az eszk\u00f6zzel, \u00edgy garant\u00e1lja a stabil teljes\u00edtm\u00e9nyt. A mell\u00e9kelt k\u00e9toldalas ragaszt\u00f3cs\u00edkok leegyszer\u0171s\u00edtik a telep\u00edt\u00e9si folyamatot, megk\u00f6nny\u00edtve a megl\u00e9v\u0151 k\u00e9perny\u0151 cser\u00e9j\u00e9t.<\/p>\n<p>Ez az LCD-k\u00e9perny\u0151 fels\u0151 \u00e9s als\u00f3 tart\u00f3elemek n\u00e9lk\u00fcl \u00e9rkezik, \u00e9s vadonat\u00faj, \u00edgy biztos\u00edtva, hogy hib\u00e1tlan, beszerel\u00e9sre k\u00e9sz term\u00e9ket kapjon.<\/p>\n","protected":false},"excerpt":{"rendered":"<p>Fejlessze HP Pavilion 14-CE k\u00e9sz\u00fcl\u00e9k\u00e9t ezzel a 14&#8243;-es matt LCD-k\u00e9perny\u0151vel. FHD IPS-tisztas\u00e1ggal, 30 t\u0171s eDP-csatlakoz\u00e1ssal \u00e9s egyszer\u0171 telep\u00edt\u00e9ssel a k\u00e9toldalas ragaszt\u00f3cs\u00edkokkal. \u00c1llapot: \u00daj.<\/p>\n","protected":false},"featured_media":9942,"template":"","meta":[],"product_brand":[],"product_cat":[74,71],"product_tag":[],"class_list":{"0":"post-9956","1":"product","2":"type-product","3":"status-publish","4":"has-post-thumbnail","6":"product_cat-14-new-laptop-screens-lcd-panels","7":"product_cat-new-laptop-screens-lcd-panels","9":"first","10":"instock","11":"taxable","12":"shipping-taxable","13":"purchasable","14":"product-type-simple"},"_links":{"self":[{"href":"https:\/\/boreait.com\/hu\/wp-json\/wp\/v2\/product\/9956","targetHints":{"allow":["GET"]}}],"collection":[{"href":"https:\/\/boreait.com\/hu\/wp-json\/wp\/v2\/product"}],"about":[{"href":"https:\/\/boreait.com\/hu\/wp-json\/wp\/v2\/types\/product"}],"wp:featuredmedia":[{"embeddable":true,"href":"https:\/\/boreait.com\/hu\/wp-json\/wp\/v2\/media\/9942"}],"wp:attachment":[{"href":"https:\/\/boreait.com\/hu\/wp-json\/wp\/v2\/media?parent=9956"}],"wp:term":[{"taxonomy":"product_brand","embeddable":true,"href":"https:\/\/boreait.com\/hu\/wp-json\/wp\/v2\/product_brand?post=9956"},{"taxonomy":"product_cat","embeddable":true,"href":"https:\/\/boreait.com\/hu\/wp-json\/wp\/v2\/product_cat?post=9956"},{"taxonomy":"product_tag","embeddable":true,"href":"https:\/\/boreait.com\/hu\/wp-json\/wp\/v2\/product_tag?post=9956"}],"curies":[{"name":"wp","href":"https:\/\/api.w.org\/{rel}","templated":true}]}}