{"id":9954,"date":"2025-09-17T12:45:48","date_gmt":"2025-09-17T10:45:48","guid":{"rendered":"https:\/\/boreait.com\/hu\/?post_type=product&#038;p=9954"},"modified":"2025-09-17T12:45:53","modified_gmt":"2025-09-17T10:45:53","slug":"lenovo-ideapad-330s-14ikb-14-lcd-fhd-ips-edp-30-tus-ragasztocsikokkal-uj","status":"publish","type":"product","link":"https:\/\/boreait.com\/hu\/termek\/lenovo-ideapad-330s-14ikb-14-lcd-fhd-ips-edp-30-tus-ragasztocsikokkal-uj\/","title":{"rendered":"Lenovo Ideapad 330S-14IKB 14&#8243; LCD FHD IPS eDP 30 t\u0171s ragaszt\u00f3cs\u00edkokkal \u00daj"},"content":{"rendered":"<p><strong>T\u00e9nyleges LCD-k\u00e9perny\u0151s modell: MB140SC01-4 VER 1.3 vagy N140HCA-EAC REV. C4 \u2013 TELJESEN KOMPATIBILIS A LAPTOP K\u00c9PERNY\u0150J\u00c9VEL A Lenovo ideapad 330S-14IKB 330S-14AST<\/strong>hez<\/p>\n<p>Fokozza Lenovo Ideapad 330S-14IKB vagy 330S-14AST vizu\u00e1lis \u00e9lm\u00e9ny\u00e9t ezzel a pr\u00e9mium 14&#8243;-es LCD-k\u00e9perny\u0151vel. A kiv\u00e1l\u00f3 k\u00e9pmin\u0151s\u00e9gre tervezett k\u00e9perny\u0151 Full HD (1920&#215;1080) felbont\u00e1ssal rendelkezik, amely \u00e9les \u00e9s \u00e9l\u00e9nk l\u00e1tv\u00e1nyt biztos\u00edt. Az IPS technol\u00f3gia egyenletes sz\u00ednpontoss\u00e1got biztos\u00edt, cs\u00f6kkenti \u00e9s sz\u00e9les l\u00e1t\u00f3sz\u00f6get tesz lehet\u0151v\u00e9, mik\u00f6zben cs\u00f6kkenti a matt l\u00e1t\u00f3sz\u00f6get. f\u00e9nyviszonyok.<\/p>\n<p>Ez az LCD-k\u00e9perny\u0151 30 t\u0171s eDP interf\u00e9szen kereszt\u00fcl csatlakozik, \u00edgy stabil \u00e9s megb\u00edzhat\u00f3 kapcsolatot biztos\u00edt az eszk\u00f6zzel. A beszerel\u00e9st megk\u00f6nny\u00edti a mell\u00e9kelt k\u00e9toldalas ragaszt\u00f3cs\u00edk, amely lehet\u0151v\u00e9 teszi a k\u00e9perny\u0151 biztons\u00e1gos r\u00f6gz\u00edt\u00e9s\u00e9t an\u00e9lk\u00fcl, hogy tov\u00e1bbi konzolokra lenne sz\u00fcks\u00e9ge. Ak\u00e1r egy s\u00e9r\u00fclt k\u00e9perny\u0151t cser\u00e9l, ak\u00e1r a jobb megjelen\u00edt\u00e9s \u00e9rdek\u00e9ben friss\u00edt, ez az LCD-k\u00e9perny\u0151 ide\u00e1lis v\u00e1laszt\u00e1s.<\/p>\n<p>K\u00e9rj\u00fck, vegye figyelembe, hogy ez a k\u00e9perny\u0151 nem tartalmaz fels\u0151 \u00e9s als\u00f3 z\u00e1r\u00f3jeleket. Vadonat\u00faj, \u00edgy hibamentes term\u00e9ket kap, amely k\u00e9szen \u00e1ll a legjobb teljes\u00edtm\u00e9nyre.<\/p>\n","protected":false},"excerpt":{"rendered":"<p>Friss\u00edtse Lenovo Ideapad 330S-14IKB\/330S-14AST k\u00e9sz\u00fcl\u00e9k\u00e9t ezzel a 14&#8243;-es matt LCD-k\u00e9perny\u0151vel. FHD IPS-tisztas\u00e1ggal \u00e9s 30 t\u0171s eDP-kapcsolattal \u00e9les l\u00e1tv\u00e1nyt biztos\u00edt. K\u00e9toldalas ragaszt\u00f3cs\u00edkokat tartalmaz a k\u00f6nny\u0171 telep\u00edt\u00e9s \u00e9rdek\u00e9ben. \u00c1llapot: \u00daj.<\/p>\n","protected":false},"featured_media":9942,"template":"","meta":[],"product_brand":[],"product_cat":[74,71],"product_tag":[26],"class_list":{"0":"post-9954","1":"product","2":"type-product","3":"status-publish","4":"has-post-thumbnail","6":"product_cat-14-new-laptop-screens-lcd-panels","7":"product_cat-new-laptop-screens-lcd-panels","8":"product_tag-lenovo","10":"first","11":"instock","12":"taxable","13":"shipping-taxable","14":"purchasable","15":"product-type-simple"},"_links":{"self":[{"href":"https:\/\/boreait.com\/hu\/wp-json\/wp\/v2\/product\/9954","targetHints":{"allow":["GET"]}}],"collection":[{"href":"https:\/\/boreait.com\/hu\/wp-json\/wp\/v2\/product"}],"about":[{"href":"https:\/\/boreait.com\/hu\/wp-json\/wp\/v2\/types\/product"}],"wp:featuredmedia":[{"embeddable":true,"href":"https:\/\/boreait.com\/hu\/wp-json\/wp\/v2\/media\/9942"}],"wp:attachment":[{"href":"https:\/\/boreait.com\/hu\/wp-json\/wp\/v2\/media?parent=9954"}],"wp:term":[{"taxonomy":"product_brand","embeddable":true,"href":"https:\/\/boreait.com\/hu\/wp-json\/wp\/v2\/product_brand?post=9954"},{"taxonomy":"product_cat","embeddable":true,"href":"https:\/\/boreait.com\/hu\/wp-json\/wp\/v2\/product_cat?post=9954"},{"taxonomy":"product_tag","embeddable":true,"href":"https:\/\/boreait.com\/hu\/wp-json\/wp\/v2\/product_tag?post=9954"}],"curies":[{"name":"wp","href":"https:\/\/api.w.org\/{rel}","templated":true}]}}