{"id":9953,"date":"2025-09-17T12:45:48","date_gmt":"2025-09-17T10:45:48","guid":{"rendered":"https:\/\/boreait.com\/hu\/?post_type=product&#038;p=9953"},"modified":"2025-09-17T12:45:53","modified_gmt":"2025-09-17T10:45:53","slug":"lenovo-ideapad-5-14alc05-14-matt-fhd-ips-lcd-edp-30-tus-uj-ragasztoval","status":"publish","type":"product","link":"https:\/\/boreait.com\/hu\/termek\/lenovo-ideapad-5-14alc05-14-matt-fhd-ips-lcd-edp-30-tus-uj-ragasztoval\/","title":{"rendered":"Lenovo IdeaPad 5 14ALC05 14&#8243; matt FHD IPS LCD eDP 30 t\u0171s \u00faj, ragaszt\u00f3val"},"content":{"rendered":"<p><strong>T\u00e9nyleges LCD-k\u00e9perny\u0151s modell: MB140SC01-4 VER 1.3 vagy N140HCA-EAC REV. C4 \u2013 TELJESEN KOMPATIBILIS LAPTOP K\u00c9PERNY\u0150VEL A Lenovo IdeaPad 5 14ALC05 82LM<\/strong>hez<\/p>\n<p>Fokozza Lenovo IdeaPad 5 14ALC05 82LM-j\u00e9t ezzel a 14&#8243;-es matt LCD-k\u00e9perny\u0151vel, amely kiv\u00e9teles vizu\u00e1lis tisztas\u00e1got \u00e9s teljes\u00edtm\u00e9nyt biztos\u00edt. A Full HD (1920&#215;1080) felbont\u00e1s \u00e9les, \u00e9l\u00e9nk k\u00e9peket, m\u00edg az IPS technol\u00f3gia egyenletes sz\u00ednt \u00e9s sz\u00e9les betekint\u00e9si sz\u00f6get biztos\u00edt, amely b\u00e1rmilyen k\u00f6rnyezethez t\u00f6k\u00e9letes. A matt fel\u00fclet minimaliz\u00e1lja a csillog\u00e1st \u00e9s minim\u00e1lisra cs\u00f6kkenti a f\u00e9nyt.<\/p>\n<p>Ez a k\u00e9perny\u0151 biztons\u00e1gosan csatlakozik laptopj\u00e1hoz az eDP 30 t\u0171s interf\u00e9szen kereszt\u00fcl, \u00edgy biztos\u00edtva a stabil \u00e9s megb\u00edzhat\u00f3 teljes\u00edtm\u00e9nyt. A beszerel\u00e9st egyszer\u0171v\u00e9 teszik a mell\u00e9kelt k\u00e9toldalas ragaszt\u00f3cs\u00edkok, amelyek lehet\u0151v\u00e9 teszik a k\u00e9perny\u0151 gyors \u00e9s egyszer\u0171 cser\u00e9j\u00e9t. Ak\u00e1r friss\u00edti, ak\u00e1r cser\u00e9li a s\u00e9r\u00fclt k\u00e9perny\u0151t, ez az LCD megb\u00edzhat\u00f3 \u00e9s kiv\u00e1l\u00f3 min\u0151s\u00e9g\u0171 v\u00e1laszt\u00e1s.<\/p>\n<p>K\u00e9rj\u00fck, vegye figyelembe, hogy ez a k\u00e9perny\u0151 fels\u0151 \u00e9s als\u00f3 z\u00e1r\u00f3jelek n\u00e9lk\u00fcl \u00e9rkezik. Teljesen \u00faj, \u00edgy azonnali haszn\u00e1latra k\u00e9sz hib\u00e1tlan term\u00e9ket kap.<\/p>\n","protected":false},"excerpt":{"rendered":"<p>Friss\u00edtse Lenovo IdeaPad 5 14ALC05 82LM k\u00e9sz\u00fcl\u00e9k\u00e9t 14&#8243;-es matt FHD IPS LCD k\u00e9perny\u0151vel. eDP 30 t\u0171s csatlakoz\u00e1ssal \u00e9s k\u00e9toldalas ragaszt\u00f3cs\u00edkokkal az egyszer\u0171 telep\u00edt\u00e9s \u00e9rdek\u00e9ben. \u00c1llapot: \u00daj.<\/p>\n","protected":false},"featured_media":9942,"template":"","meta":[],"product_brand":[],"product_cat":[74,71],"product_tag":[26],"class_list":{"0":"post-9953","1":"product","2":"type-product","3":"status-publish","4":"has-post-thumbnail","6":"product_cat-14-new-laptop-screens-lcd-panels","7":"product_cat-new-laptop-screens-lcd-panels","8":"product_tag-lenovo","10":"first","11":"instock","12":"taxable","13":"shipping-taxable","14":"purchasable","15":"product-type-simple"},"_links":{"self":[{"href":"https:\/\/boreait.com\/hu\/wp-json\/wp\/v2\/product\/9953","targetHints":{"allow":["GET"]}}],"collection":[{"href":"https:\/\/boreait.com\/hu\/wp-json\/wp\/v2\/product"}],"about":[{"href":"https:\/\/boreait.com\/hu\/wp-json\/wp\/v2\/types\/product"}],"wp:featuredmedia":[{"embeddable":true,"href":"https:\/\/boreait.com\/hu\/wp-json\/wp\/v2\/media\/9942"}],"wp:attachment":[{"href":"https:\/\/boreait.com\/hu\/wp-json\/wp\/v2\/media?parent=9953"}],"wp:term":[{"taxonomy":"product_brand","embeddable":true,"href":"https:\/\/boreait.com\/hu\/wp-json\/wp\/v2\/product_brand?post=9953"},{"taxonomy":"product_cat","embeddable":true,"href":"https:\/\/boreait.com\/hu\/wp-json\/wp\/v2\/product_cat?post=9953"},{"taxonomy":"product_tag","embeddable":true,"href":"https:\/\/boreait.com\/hu\/wp-json\/wp\/v2\/product_tag?post=9953"}],"curies":[{"name":"wp","href":"https:\/\/api.w.org\/{rel}","templated":true}]}}