{"id":9952,"date":"2025-09-17T12:45:48","date_gmt":"2025-09-17T10:45:48","guid":{"rendered":"https:\/\/boreait.com\/hu\/?post_type=product&#038;p=9952"},"modified":"2025-09-17T12:45:53","modified_gmt":"2025-09-17T10:45:53","slug":"lenovo-14-w-gen-2-v14-14-lcd-matt-fhd-ips-edp-30-tus-ragasztocsikokkal-uj","status":"publish","type":"product","link":"https:\/\/boreait.com\/hu\/termek\/lenovo-14-w-gen-2-v14-14-lcd-matt-fhd-ips-edp-30-tus-ragasztocsikokkal-uj\/","title":{"rendered":"Lenovo 14 W Gen 2 V14 14&#8243; LCD matt FHD IPS eDP 30 t\u0171s ragaszt\u00f3cs\u00edkokkal \u00daj"},"content":{"rendered":"<p><strong>T\u00e9nyleges LCD-k\u00e9perny\u0151s modell: MB140SC01-4 VER 1.3 vagy N140HCA-EAC REV. C4 \u2013 TELJESEN KOMPATIBILIS A LENOVO 14W Gen 2 V14-IIL V14-ADA V14 G1-IML laptop k\u00e9perny\u0151j\u00e9vel<\/strong><\/p>\n<p>N\u00f6velje Lenovo laptopja megjelen\u00edt\u00e9si min\u0151s\u00e9g\u00e9t ezzel a pr\u00e9mium 14&#8243;-es LCD-k\u00e9perny\u0151vel, amelyet kifejezetten a Lenovo 14W Gen 2, V14-IIL, V14-ADA \u00e9s V14 G1-IML modellekhez terveztek. Ez a k\u00e9perny\u0151 Full HD (1920&#215;1080) felbont\u00e1ssal b\u00fcszk\u00e9lkedhet, \u00edgy t\u00f6k\u00e9letes \u00e9les, tiszta k\u00e9peket \u00e9s egyenletes sz\u00edneket biztos\u00edt. \u00e9s sz\u00f3rakoz\u00e1s.<\/p>\n<p>A matt fel\u00fclet cs\u00f6kkenti a t\u00fckr\u00f6z\u0151d\u00e9st, \u00edgy k\u00e9nyelmesen haszn\u00e1lhatja laptopj\u00e1t k\u00fcl\u00f6nf\u00e9le f\u00e9nyviszonyok k\u00f6z\u00f6tt. Ez az LCD-k\u00e9perny\u0151 eDP 30 t\u0171s csatlakoz\u00f3val rendelkezik a biztons\u00e1gos \u00e9s megb\u00edzhat\u00f3 csatlakoz\u00e1s \u00e9rdek\u00e9ben. Ezenk\u00edv\u00fcl a csomag k\u00e9toldalas ragaszt\u00f3cs\u00edkokat tartalmaz, amelyek leegyszer\u0171s\u00edtik a telep\u00edt\u00e9si folyamatot.<\/p>\n<p>K\u00e9rj\u00fck, vegye figyelembe, hogy ez a k\u00e9perny\u0151 fels\u0151 \u00e9s als\u00f3 tart\u00f3elemek n\u00e9lk\u00fcl \u00e9rkezik, biztos\u00edtva ezzel a kompatibilit\u00e1st a laptop modellj\u00e9vel. A k\u00e9perny\u0151 \u00fajszer\u0171 \u00e1llapot\u00fa, garant\u00e1ltan az elv\u00e1r\u00e1soknak megfelel\u0151 min\u0151s\u00e9gi csere.<\/p>\n","protected":false},"excerpt":{"rendered":"<p>Friss\u00edtse Lenovo laptopj\u00e1t a 14&#8243;-es FHD IPS LCD k\u00e9perny\u0151vel, amely kompatibilis a Lenovo 14W Gen 2, V14-IIL, V14-ADA \u00e9s V14 G1-IML modellekkel. Matt fel\u00fclet, 30 t\u0171s eDP csatlakoz\u00e1s \u00e9s k\u00e9toldalas ragaszt\u00f3cs\u00edkok a k\u00f6nny\u0171 telep\u00edt\u00e9s \u00e9rdek\u00e9ben. \u00c1llapot: \u00daj.<\/p>\n","protected":false},"featured_media":9942,"template":"","meta":[],"product_brand":[],"product_cat":[74,71],"product_tag":[26],"class_list":{"0":"post-9952","1":"product","2":"type-product","3":"status-publish","4":"has-post-thumbnail","6":"product_cat-14-new-laptop-screens-lcd-panels","7":"product_cat-new-laptop-screens-lcd-panels","8":"product_tag-lenovo","10":"first","11":"instock","12":"taxable","13":"shipping-taxable","14":"purchasable","15":"product-type-simple"},"_links":{"self":[{"href":"https:\/\/boreait.com\/hu\/wp-json\/wp\/v2\/product\/9952","targetHints":{"allow":["GET"]}}],"collection":[{"href":"https:\/\/boreait.com\/hu\/wp-json\/wp\/v2\/product"}],"about":[{"href":"https:\/\/boreait.com\/hu\/wp-json\/wp\/v2\/types\/product"}],"wp:featuredmedia":[{"embeddable":true,"href":"https:\/\/boreait.com\/hu\/wp-json\/wp\/v2\/media\/9942"}],"wp:attachment":[{"href":"https:\/\/boreait.com\/hu\/wp-json\/wp\/v2\/media?parent=9952"}],"wp:term":[{"taxonomy":"product_brand","embeddable":true,"href":"https:\/\/boreait.com\/hu\/wp-json\/wp\/v2\/product_brand?post=9952"},{"taxonomy":"product_cat","embeddable":true,"href":"https:\/\/boreait.com\/hu\/wp-json\/wp\/v2\/product_cat?post=9952"},{"taxonomy":"product_tag","embeddable":true,"href":"https:\/\/boreait.com\/hu\/wp-json\/wp\/v2\/product_tag?post=9952"}],"curies":[{"name":"wp","href":"https:\/\/api.w.org\/{rel}","templated":true}]}}