{"id":9950,"date":"2025-09-17T12:45:47","date_gmt":"2025-09-17T10:45:47","guid":{"rendered":"https:\/\/boreait.com\/hu\/?post_type=product&#038;p=9950"},"modified":"2025-09-17T12:45:52","modified_gmt":"2025-09-17T10:45:52","slug":"lenovo-ideapad-s340-14-lcd-fhd-ips-edp-30-tus-ragasztocsikokkal-uj","status":"publish","type":"product","link":"https:\/\/boreait.com\/hu\/termek\/lenovo-ideapad-s340-14-lcd-fhd-ips-edp-30-tus-ragasztocsikokkal-uj\/","title":{"rendered":"Lenovo IdeaPad S340 14&#8243; LCD FHD IPS eDP 30 t\u0171s ragaszt\u00f3cs\u00edkokkal \u00daj"},"content":{"rendered":"<p><strong>T\u00e9nyleges LCD-k\u00e9perny\u0151s modell: MB140SC01-4 VER 1.3 vagy N140HCA-EAC REV. C4 \u2013 TELJESEN KOMPATIBILIS LAPTOP K\u00c9PERNY\u0150VEL A Lenovo ideapad S340-14IWL 14IML 14API 14IIL<\/strong>hez<\/p>\n<p>Fokozza Lenovo IdeaPad S340 sorozat\u00e1nak megjelen\u00edt\u00e9s\u00e9t ezzel a kiv\u00e1l\u00f3 min\u0151s\u00e9g\u0171, 14&#8243;-es LCD-k\u00e9perny\u0151vel, amely kompatibilis a 14IWL, 14IML, 14API \u00e9s 14IIL modellekkel. A kiv\u00e9teles teljes\u00edtm\u00e9nyre tervezett k\u00e9perny\u0151 Full HD (1920&#215;1080) felbont\u00e1st k\u00edn\u00e1l, amely egyenletes sz\u00edn\u00e9lm\u00e9nyt \u00e9s mag\u00e1val ragad\u00f3 PS technol\u00f3gi\u00e1t biztos\u00edt. sz\u00e9les betekint\u00e9si sz\u00f6gek, m\u00edg a matt fel\u00fclet cs\u00f6kkenti a t\u00fckr\u00f6z\u0151d\u00e9st, \u00edgy ide\u00e1lis k\u00fcl\u00f6nf\u00e9le megvil\u00e1g\u00edt\u00e1si k\u00f6rnyezetekhez.<\/p>\n<p>Ez a k\u00e9perny\u0151 30 t\u0171s eDP-csatlakoz\u00f3val rendelkezik, amely stabil \u00e9s biztons\u00e1gos kapcsolatot biztos\u00edt az eszk\u00f6zzel. A csomag k\u00e9toldalas ragaszt\u00f3cs\u00edkokat tartalmaz, amelyek leegyszer\u0171s\u00edtik a telep\u00edt\u00e9si folyamatot \u00e9s biztos\u00edtj\u00e1k a szil\u00e1rd r\u00f6gz\u00edt\u00e9st. K\u00e9rj\u00fck, vegye figyelembe, hogy ezt a k\u00e9perny\u0151t fels\u0151 \u00e9s als\u00f3 konzolok n\u00e9lk\u00fcl \u00e9rt\u00e9kes\u00edtik.<\/p>\n<p>T\u00f6k\u00e9letes a s\u00e9r\u00fclt k\u00e9perny\u0151 cser\u00e9j\u00e9hez vagy az eszk\u00f6z kijelz\u0151j\u00e9nek friss\u00edt\u00e9s\u00e9hez. Ez az LCD-k\u00e9perny\u0151 vadonat\u00faj \u00e1llapotban van, k\u00e9szen \u00e1ll arra, hogy kiv\u00e1l\u00f3 min\u0151s\u00e9g\u0171 l\u00e1tv\u00e1nyt ny\u00fajtson \u00e9s jav\u00edtsa a sz\u00e1m\u00edt\u00e1stechnikai \u00e9lm\u00e9nyt.<\/p>\n","protected":false},"excerpt":{"rendered":"<p>Friss\u00edtse Lenovo IdeaPad S340 sorozat\u00e1t ezzel a 14&#8243;-es LCD-k\u00e9perny\u0151vel. FHD IPS-tisztas\u00e1ggal, matt fel\u00fclettel \u00e9s 30 t\u0171s eDP-csatlakoz\u00e1ssal \u00e9l\u00e9nk l\u00e1tv\u00e1nyt ny\u00fajt. K\u00e9toldalas ragaszt\u00f3cs\u00edkok mell\u00e9kelve az egyszer\u0171 telep\u00edt\u00e9s \u00e9rdek\u00e9ben. \u00c1llapot: \u00daj.<\/p>\n","protected":false},"featured_media":9942,"template":"","meta":[],"product_brand":[],"product_cat":[74,71],"product_tag":[26],"class_list":{"0":"post-9950","1":"product","2":"type-product","3":"status-publish","4":"has-post-thumbnail","6":"product_cat-14-new-laptop-screens-lcd-panels","7":"product_cat-new-laptop-screens-lcd-panels","8":"product_tag-lenovo","10":"first","11":"instock","12":"taxable","13":"shipping-taxable","14":"purchasable","15":"product-type-simple"},"_links":{"self":[{"href":"https:\/\/boreait.com\/hu\/wp-json\/wp\/v2\/product\/9950","targetHints":{"allow":["GET"]}}],"collection":[{"href":"https:\/\/boreait.com\/hu\/wp-json\/wp\/v2\/product"}],"about":[{"href":"https:\/\/boreait.com\/hu\/wp-json\/wp\/v2\/types\/product"}],"wp:featuredmedia":[{"embeddable":true,"href":"https:\/\/boreait.com\/hu\/wp-json\/wp\/v2\/media\/9942"}],"wp:attachment":[{"href":"https:\/\/boreait.com\/hu\/wp-json\/wp\/v2\/media?parent=9950"}],"wp:term":[{"taxonomy":"product_brand","embeddable":true,"href":"https:\/\/boreait.com\/hu\/wp-json\/wp\/v2\/product_brand?post=9950"},{"taxonomy":"product_cat","embeddable":true,"href":"https:\/\/boreait.com\/hu\/wp-json\/wp\/v2\/product_cat?post=9950"},{"taxonomy":"product_tag","embeddable":true,"href":"https:\/\/boreait.com\/hu\/wp-json\/wp\/v2\/product_tag?post=9950"}],"curies":[{"name":"wp","href":"https:\/\/api.w.org\/{rel}","templated":true}]}}