{"id":995,"date":"2025-09-17T09:52:25","date_gmt":"2025-09-17T07:52:25","guid":{"rendered":"https:\/\/boreait.com\/hu\/?post_type=product&#038;p=995"},"modified":"2025-09-17T09:53:40","modified_gmt":"2025-09-17T07:53:40","slug":"lenovo-dvd-multi-iii-thinkpad-t-w-sorozatu-optikai-meghajto-gt33n","status":"publish","type":"product","link":"https:\/\/boreait.com\/hu\/termek\/lenovo-dvd-multi-iii-thinkpad-t-w-sorozatu-optikai-meghajto-gt33n\/","title":{"rendered":"Lenovo DVD Multi III &#8211; ThinkPad T\/W sorozat\u00fa optikai meghajt\u00f3 &#8211; GT33N"},"content":{"rendered":"<p>Friss\u00edtse ThinkPad T\/W sorozat\u00fa laptopj\u00e1t a Lenovo DVD Multi III &#8211; GT33N optikai lemezmeghajt\u00f3val, \u00e9s \u00e9lvezze a k\u00fcl\u00f6nf\u00e9le optikai adathordoz\u00f3k olvas\u00e1s\u00e1nak \u00e9s \u00edr\u00e1s\u00e1nak k\u00e9nyelm\u00e9t. Ez a DVD-meghajt\u00f3 sokoldal\u00fa \u00e9s megb\u00edzhat\u00f3 megold\u00e1s adatt\u00e1rol\u00e1si, szoftvertelep\u00edt\u00e9si \u00e9s m\u00e9dialej\u00e1tsz\u00e1si ig\u00e9nyekhez.<\/p>\n<p>A Lenovo DVD Multi III &#8211; GT33N \u00fagy lett kialak\u00edtva, hogy z\u00f6kken\u0151mentesen beilleszkedjen a kompatibilis ThinkPad T\/W sorozat\u00fa laptopba, t\u00f6k\u00e9letes illeszked\u00e9st \u00e9s optim\u00e1lis teljes\u00edtm\u00e9nyt biztos\u00edtva. Ak\u00e1r szoftvereket kell telep\u00edtenie, ak\u00e1r DVD-ket n\u00e9znie, adatokat CD-re \u00edrnia, vagy fontos f\u00e1jlokr\u00f3l biztons\u00e1gi m\u00e1solatot kell k\u00e9sz\u00edtenie, ez az optikai meghajt\u00f3 mindent megtesz.<\/p>\n<p>A k\u00fcl\u00f6nf\u00e9le optikai adathordoz\u00f3-form\u00e1tumok t\u00e1mogat\u00e1s\u00e1val, bele\u00e9rtve a DVD-RAM-ot, a DVD\u00b1RW-t, a CD-RW-t \u00e9s egyebeket, k\u00f6nnyen el\u00e9rheti \u00e9s kezelheti a CD-n \u00e9s DVD-n l\u00e9v\u0151 adatokat. Ezzel a sokoldal\u00fa DVD-meghajt\u00f3val k\u00e9sz\u00edtsen biztons\u00e1gi m\u00e1solatot a fontos dokumentumokr\u00f3l, \u00edrja ki kedvenc zen\u00e9it CD-re, vagy n\u00e9zzen filmeket \u00fatk\u00f6zben.<\/p>\n<p>A Lenovo DVD Multi III &#8211; GT33N a megb\u00edzhat\u00f3s\u00e1gra \u00e9s a tart\u00f3ss\u00e1gra lett tervezve, \u00edgy biztos\u00edtva a z\u00f6kken\u0151mentes m\u0171k\u00f6d\u00e9st az id\u0151 m\u00fal\u00e1s\u00e1val. Massz\u00edv fel\u00e9p\u00edt\u00e9se ellen\u00e1ll a napi haszn\u00e1latnak \u00e9s sz\u00e1ll\u00edt\u00e1snak. A t\u00e1lcabet\u00f6lt\u0151 mechanizmus lehet\u0151v\u00e9 teszi a lemezek egyszer\u0171 behelyez\u00e9s\u00e9t \u00e9s elt\u00e1vol\u00edt\u00e1s\u00e1t.<\/p>\n<p>A telep\u00edt\u00e9s probl\u00e9mamentes, mivel ez az optikai meghajt\u00f3 z\u00f6kken\u0151mentesen csatlakozik a ThinkPad T\/W sorozat\u00fa laptop interf\u00e9sz\u00e9hez. \u00c9lvezze a plug-and-play funkci\u00f3 egyszer\u0171s\u00e9g\u00e9t \u00e9s k\u00e9nyelm\u00e9t, \u00edgy minden tov\u00e1bbi be\u00e1ll\u00edt\u00e1s n\u00e9lk\u00fcl azonnal elkezdheti haszn\u00e1lni a meghajt\u00f3t.<\/p>\n<p>Tapasztalja meg a nagy sebess\u00e9g\u0171 adat\u00e1tviteli sebess\u00e9get a GT33N optikai meghajt\u00f3 gyors olvas\u00e1si \u00e9s \u00edr\u00e1si k\u00e9pess\u00e9geivel. Ak\u00e1r nagy f\u00e1jlokat m\u00e1sol, ak\u00e1r lemezeket \u00edr, ak\u00e1r nagy felbont\u00e1s\u00fa vide\u00f3kat n\u00e9z, ez a meghajt\u00f3 z\u00f6kken\u0151mentes teljes\u00edtm\u00e9nyt biztos\u00edt k\u00e9s\u00e9sek \u00e9s megszak\u00edt\u00e1sok n\u00e9lk\u00fcl.<\/p>\n<p>A Lenovo DVD Multi III &#8211; GT33N n\u00e9lk\u00fcl\u00f6zhetetlen tartoz\u00e9ka a ThinkPad T\/W sorozat\u00fa laptopoknak, b\u0151v\u00edtve annak funkcionalit\u00e1s\u00e1t \u00e9s sokoldal\u00fas\u00e1g\u00e1t. Hozd keze \u00fcgy\u00e9be az optikai adathordoz\u00f3k vil\u00e1g\u00e1t ezzel a megb\u00edzhat\u00f3 \u00e9s hat\u00e9kony Lenovo DVD-meghajt\u00f3val. \u00c9lvezze a CD-n \u00e9s DVD-n l\u00e9v\u0151 adatok egyszer\u0171 el\u00e9r\u00e9s\u00e9nek, l\u00e9trehoz\u00e1s\u00e1nak \u00e9s kezel\u00e9s\u00e9nek szabads\u00e1g\u00e1t.<\/p>\n","protected":false},"excerpt":{"rendered":"<p>A Lenovo DVD Multi III &#8211; GT33N egy megb\u00edzhat\u00f3 optikai lemezmeghajt\u00f3, amelyet ThinkPad T\/W sorozat\u00fa laptopokhoz terveztek. Ezzel a DVD-meghajt\u00f3val k\u00fcl\u00f6nf\u00e9le t\u00edpus\u00fa optikai adathordoz\u00f3kat olvashat \u00e9s \u00edrhat, \u00edgy t\u00f6k\u00e9letes adatment\u00e9shez, szoftvertelep\u00edt\u00e9shez \u00e9s m\u00e9dialej\u00e1tsz\u00e1shoz.<\/p>\n","protected":false},"featured_media":1063,"template":"","meta":[],"product_brand":[],"product_cat":[27],"product_tag":[26],"class_list":{"0":"post-995","1":"product","2":"type-product","3":"status-publish","4":"has-post-thumbnail","6":"product_cat-motherboards-board-parts","7":"product_tag-lenovo","9":"first","10":"instock","11":"taxable","12":"shipping-taxable","13":"purchasable","14":"product-type-simple"},"_links":{"self":[{"href":"https:\/\/boreait.com\/hu\/wp-json\/wp\/v2\/product\/995","targetHints":{"allow":["GET"]}}],"collection":[{"href":"https:\/\/boreait.com\/hu\/wp-json\/wp\/v2\/product"}],"about":[{"href":"https:\/\/boreait.com\/hu\/wp-json\/wp\/v2\/types\/product"}],"wp:featuredmedia":[{"embeddable":true,"href":"https:\/\/boreait.com\/hu\/wp-json\/wp\/v2\/media\/1063"}],"wp:attachment":[{"href":"https:\/\/boreait.com\/hu\/wp-json\/wp\/v2\/media?parent=995"}],"wp:term":[{"taxonomy":"product_brand","embeddable":true,"href":"https:\/\/boreait.com\/hu\/wp-json\/wp\/v2\/product_brand?post=995"},{"taxonomy":"product_cat","embeddable":true,"href":"https:\/\/boreait.com\/hu\/wp-json\/wp\/v2\/product_cat?post=995"},{"taxonomy":"product_tag","embeddable":true,"href":"https:\/\/boreait.com\/hu\/wp-json\/wp\/v2\/product_tag?post=995"}],"curies":[{"name":"wp","href":"https:\/\/api.w.org\/{rel}","templated":true}]}}