{"id":9949,"date":"2025-09-17T12:45:47","date_gmt":"2025-09-17T10:45:47","guid":{"rendered":"https:\/\/boreait.com\/hu\/?post_type=product&#038;p=9949"},"modified":"2025-09-17T12:45:52","modified_gmt":"2025-09-17T10:45:52","slug":"asus-m415-m415d-m415da-lcd-kepernyo-14-fhd-ips-edp-30-tus-matt-uj","status":"publish","type":"product","link":"https:\/\/boreait.com\/hu\/termek\/asus-m415-m415d-m415da-lcd-kepernyo-14-fhd-ips-edp-30-tus-matt-uj\/","title":{"rendered":"ASUS M415 M415D M415DA LCD k\u00e9perny\u0151 14&#8243; FHD IPS eDP 30 t\u0171s matt \u00daj"},"content":{"rendered":"<p><strong>T\u00e9nyleges LCD-k\u00e9perny\u0151s modell: MB140SC01-4 VER 1.3 vagy N140HCA-EAC REV. C4 \u2013 TELJESEN KOMPATIBILIS A LAPTOP K\u00c9PERNY\u0150J\u00c9VEL ASUS M415 M415D M415DA<\/strong>hoz<\/p>\n<p>Fokozza ASUS M415 sorozat\u00fa laptopj\u00e1t ezzel a kiv\u00e1l\u00f3 min\u0151s\u00e9g\u0171, 14&#8243;-es LCD-k\u00e9perny\u0151vel, amelyet kifejezetten az M415, M415D \u00e9s M415DA modellekhez terveztek. Ez a k\u00e9perny\u0151 Full HD (1920&#215;1080) felbont\u00e1st biztos\u00edt, \u00e9les \u00e9s \u00e9l\u00e9nk l\u00e1tv\u00e1nyt ny\u00fajtva mag\u00e1val ragad\u00f3 megtekint\u00e9si \u00e9lm\u00e9ny\u00e9rt. Az IPS-technol\u00f3gia matt fel\u00fcletet \u00e9s egyenletes sz\u00ednvil\u00e1got biztos\u00edt, cs\u00f6kkenti a sz\u00ednvil\u00e1got \u00e9s cs\u00f6kkenti a l\u00e1t\u00f3sz\u00f6get. ide\u00e1lis k\u00fcl\u00f6nf\u00e9le f\u00e9nyviszonyokhoz.<\/p>\n<p>A 30 t\u0171s eDP csatlakoz\u00f3 biztons\u00e1gos \u00e9s megb\u00edzhat\u00f3 csatlakoz\u00e1st biztos\u00edt az eszk\u00f6zh\u00f6z, a mell\u00e9kelt k\u00e9toldalas ragaszt\u00f3cs\u00edkok pedig egyszer\u0171v\u00e9 \u00e9s probl\u00e9mamentess\u00e9 teszik a telep\u00edt\u00e9si folyamatot. Ak\u00e1r egy s\u00e9r\u00fclt k\u00e9perny\u0151t cser\u00e9l, ak\u00e1r friss\u00edti jelenlegi kijelz\u0151j\u00e9t, ez az LCD-k\u00e9perny\u0151 a t\u00f6k\u00e9letes megold\u00e1s.<\/p>\n<p>K\u00e9rj\u00fck, vegye figyelembe, hogy ez a k\u00e9perny\u0151 fels\u0151 \u00e9s als\u00f3 z\u00e1r\u00f3jelek n\u00e9lk\u00fcl \u00e9rkezik. Teljesen \u00fajszer\u0171 \u00e1llapotban van, \u00edgy hib\u00e1tlan \u00e9s haszn\u00e1latra k\u00e9sz term\u00e9ket kap.<\/p>\n","protected":false},"excerpt":{"rendered":"<p>Friss\u00edtse ASUS M415 sorozat\u00fa laptopj\u00e1t ezzel a 14&#8243;-es matt LCD-k\u00e9perny\u0151vel. FHD IPS felbont\u00e1ssal, 30 t\u0171s eDP csatlakoz\u00e1ssal \u00e9s k\u00e9toldalas ragaszt\u00f3cs\u00edkokkal rendelkezik, amelyek \u00e9l\u00e9nk l\u00e1tv\u00e1nyt \u00e9s egyszer\u0171 telep\u00edt\u00e9st biztos\u00edtanak. \u00c1llapot: \u00daj.<\/p>\n","protected":false},"featured_media":9942,"template":"","meta":[],"product_brand":[],"product_cat":[74,71],"product_tag":[30],"class_list":{"0":"post-9949","1":"product","2":"type-product","3":"status-publish","4":"has-post-thumbnail","6":"product_cat-14-new-laptop-screens-lcd-panels","7":"product_cat-new-laptop-screens-lcd-panels","8":"product_tag-asus","10":"first","11":"instock","12":"taxable","13":"shipping-taxable","14":"purchasable","15":"product-type-simple"},"_links":{"self":[{"href":"https:\/\/boreait.com\/hu\/wp-json\/wp\/v2\/product\/9949","targetHints":{"allow":["GET"]}}],"collection":[{"href":"https:\/\/boreait.com\/hu\/wp-json\/wp\/v2\/product"}],"about":[{"href":"https:\/\/boreait.com\/hu\/wp-json\/wp\/v2\/types\/product"}],"wp:featuredmedia":[{"embeddable":true,"href":"https:\/\/boreait.com\/hu\/wp-json\/wp\/v2\/media\/9942"}],"wp:attachment":[{"href":"https:\/\/boreait.com\/hu\/wp-json\/wp\/v2\/media?parent=9949"}],"wp:term":[{"taxonomy":"product_brand","embeddable":true,"href":"https:\/\/boreait.com\/hu\/wp-json\/wp\/v2\/product_brand?post=9949"},{"taxonomy":"product_cat","embeddable":true,"href":"https:\/\/boreait.com\/hu\/wp-json\/wp\/v2\/product_cat?post=9949"},{"taxonomy":"product_tag","embeddable":true,"href":"https:\/\/boreait.com\/hu\/wp-json\/wp\/v2\/product_tag?post=9949"}],"curies":[{"name":"wp","href":"https:\/\/api.w.org\/{rel}","templated":true}]}}