{"id":9948,"date":"2025-09-17T12:45:47","date_gmt":"2025-09-17T10:45:47","guid":{"rendered":"https:\/\/boreait.com\/hu\/?post_type=product&#038;p=9948"},"modified":"2025-09-17T12:45:52","modified_gmt":"2025-09-17T10:45:52","slug":"hp-14-dq1043cl-14-fhd-ips-matt-lcd-kepernyo-edp-30-tus-ragasztoval-uj","status":"publish","type":"product","link":"https:\/\/boreait.com\/hu\/termek\/hp-14-dq1043cl-14-fhd-ips-matt-lcd-kepernyo-edp-30-tus-ragasztoval-uj\/","title":{"rendered":"HP 14-dq1043cl 14&#8243; FHD IPS matt LCD k\u00e9perny\u0151 eDP 30 t\u0171s ragaszt\u00f3val \u00daj"},"content":{"rendered":"<p><strong>T\u00e9nyleges LCD-k\u00e9perny\u0151s modell: MB140SC01-4 VER 1.3 vagy N140HCA-EAC REV. C4 \u2013 TELJESEN KOMPATIBILIS A HP 14-dq1043cl 14-dq1033cl laptop k\u00e9perny\u0151j\u00e9vel<\/strong><\/p>\n<p>Fokozza HP 14-dq1043cl vagy 14-dq1033cl laptopj\u00e1t ezzel a kiv\u00e1l\u00f3 min\u0151s\u00e9g\u0171 14&#8243;-es LCD-k\u00e9perny\u0151vel, amelyet azok sz\u00e1m\u00e1ra terveztek, akik nagyra \u00e9rt\u00e9kelik a tiszta, \u00e9l\u00e9nk kijelz\u0151ket. A k\u00e9perny\u0151 Full HD (1920&#215;1080) felbont\u00e1ssal b\u00fcszk\u00e9lkedhet, \u00e9les \u00e9s \u00e9l\u00e9nk k\u00e9peket biztos\u00edtva, amelyek \u00e9letre keltik a tartalmat. Az IPS technol\u00f3gi\u00e1nak k\u00f6sz\u00f6nhet\u0151en ide\u00e1lis sz\u00ednek \u00e9s sz\u00e9les l\u00e1t\u00f3sz\u00f6g\u0171 sz\u00f3rakoztat\u00e1s \u00e9rhet\u0151 el.<\/p>\n<p>A k\u00e9perny\u0151 matt fel\u00fclete cs\u00f6kkenti a t\u00fckr\u00f6z\u0151d\u00e9st, \u00edgy k\u00e9nyelmes megtekint\u00e9st tesz lehet\u0151v\u00e9 k\u00fcl\u00f6nf\u00e9le f\u00e9nyviszonyok k\u00f6z\u00f6tt. A 30 t\u0171s eDP-csatlakoz\u00f3 biztons\u00e1gos \u00e9s megb\u00edzhat\u00f3 csatlakoz\u00e1st biztos\u00edt laptopj\u00e1hoz, a mell\u00e9kelt k\u00e9toldalas ragaszt\u00f3cs\u00edkok pedig gyors \u00e9s egyszer\u0171 telep\u00edt\u00e9st tesznek lehet\u0151v\u00e9.<\/p>\n<p>Ez a k\u00e9perny\u0151 kiv\u00e1l\u00f3an helyettes\u00edti a s\u00e9r\u00fclt vagy hib\u00e1san m\u0171k\u00f6d\u0151 kijelz\u0151t, \u00e9s vissza\u00e1ll\u00edtja laptopja teljes vizu\u00e1lis potenci\u00e1lj\u00e1t. K\u00e9rj\u00fck, vegye figyelembe, hogy ez a k\u00e9perny\u0151 fels\u0151 \u00e9s als\u00f3 z\u00e1r\u00f3jel n\u00e9lk\u00fcl \u00e9rkezik. Teljesen \u00fajszer\u0171 \u00e1llapotban, friss \u00e9s hib\u00e1tlan alkatr\u00e9szt biztos\u00edt a k\u00e9sz\u00fcl\u00e9k\u00e9hez.<\/p>\n","protected":false},"excerpt":{"rendered":"<p>Friss\u00edtse HP 14-dq1043cl vagy 14-dq1033cl laptopj\u00e1t egy \u00faj, 14&#8243;-es matt FHD IPS LCD k\u00e9perny\u0151vel. 30 t\u0171s eDP csatlakoz\u00f3val \u00e9s k\u00e9toldalas ragaszt\u00f3cs\u00edkokkal az egyszer\u0171 telep\u00edt\u00e9s \u00e9rdek\u00e9ben. \u00c1llapot: \u00daj.<\/p>\n","protected":false},"featured_media":9942,"template":"","meta":[],"product_brand":[],"product_cat":[74,71],"product_tag":[],"class_list":{"0":"post-9948","1":"product","2":"type-product","3":"status-publish","4":"has-post-thumbnail","6":"product_cat-14-new-laptop-screens-lcd-panels","7":"product_cat-new-laptop-screens-lcd-panels","9":"first","10":"instock","11":"taxable","12":"shipping-taxable","13":"purchasable","14":"product-type-simple"},"_links":{"self":[{"href":"https:\/\/boreait.com\/hu\/wp-json\/wp\/v2\/product\/9948","targetHints":{"allow":["GET"]}}],"collection":[{"href":"https:\/\/boreait.com\/hu\/wp-json\/wp\/v2\/product"}],"about":[{"href":"https:\/\/boreait.com\/hu\/wp-json\/wp\/v2\/types\/product"}],"wp:featuredmedia":[{"embeddable":true,"href":"https:\/\/boreait.com\/hu\/wp-json\/wp\/v2\/media\/9942"}],"wp:attachment":[{"href":"https:\/\/boreait.com\/hu\/wp-json\/wp\/v2\/media?parent=9948"}],"wp:term":[{"taxonomy":"product_brand","embeddable":true,"href":"https:\/\/boreait.com\/hu\/wp-json\/wp\/v2\/product_brand?post=9948"},{"taxonomy":"product_cat","embeddable":true,"href":"https:\/\/boreait.com\/hu\/wp-json\/wp\/v2\/product_cat?post=9948"},{"taxonomy":"product_tag","embeddable":true,"href":"https:\/\/boreait.com\/hu\/wp-json\/wp\/v2\/product_tag?post=9948"}],"curies":[{"name":"wp","href":"https:\/\/api.w.org\/{rel}","templated":true}]}}