{"id":9947,"date":"2025-09-17T12:45:47","date_gmt":"2025-09-17T10:45:47","guid":{"rendered":"https:\/\/boreait.com\/hu\/?post_type=product&#038;p=9947"},"modified":"2025-09-17T12:45:52","modified_gmt":"2025-09-17T10:45:52","slug":"14-lcd-kepernyo-hp-elitebook-840-g5-g6-fhd-ips-edp-30-tus-matt-uj","status":"publish","type":"product","link":"https:\/\/boreait.com\/hu\/termek\/14-lcd-kepernyo-hp-elitebook-840-g5-g6-fhd-ips-edp-30-tus-matt-uj\/","title":{"rendered":"14&#8243; LCD k\u00e9perny\u0151 HP EliteBook 840 G5\/G6 FHD IPS eDP 30 t\u0171s matt \u00faj"},"content":{"rendered":"<p><strong>T\u00e9nyleges LCD-k\u00e9perny\u0151s modell: MB140SC01-4 VER 1.3 vagy N140HCA-EAC REV. C4 \u2013 TELJESEN KOMPATIBILIS A HP EliteBook 840 G5 840 G6 laptop k\u00e9perny\u0151j\u00e9vel<\/strong><\/p>\n<p>Fokozza HP EliteBook 840 G5 vagy 840 G6 k\u00e9sz\u00fcl\u00e9k\u00e9t ezzel a pr\u00e9mium 14 h\u00fcvelykes LCD-k\u00e9perny\u0151vel, amelyet az optim\u00e1lis teljes\u00edtm\u00e9nyre \u00e9s a vizu\u00e1lis tisztas\u00e1gra terveztek. Ez a k\u00e9perny\u0151 Full HD (1920&#215;1080) felbont\u00e1st k\u00edn\u00e1l, amely \u00e9les \u00e9s \u00e9l\u00e9nk l\u00e1tv\u00e1nyt ny\u00fajt a mag\u00e1val ragad\u00f3 megtekint\u00e9si \u00e9lm\u00e9nyhez. Az IPS technol\u00f3gia egyenletes sz\u00ednpontoss\u00e1got \u00e9s sz\u00e9les betekint\u00e9si sz\u00f6get biztos\u00edt a k\u00fclt\u00e9ri haszn\u00e1latra, mik\u00f6zben cs\u00f6kkenti a csillog\u00e1st, mik\u00f6zben cs\u00f6kkenti a csillog\u00f3 matracot.<\/p>\n<p>A 30 t\u0171s eDP csatlakoz\u00f3 biztons\u00e1gos \u00e9s stabil csatlakoz\u00e1st biztos\u00edt, a mell\u00e9kelt k\u00e9toldalas ragaszt\u00f3cs\u00edkok pedig egyszer\u0171v\u00e9 teszik a telep\u00edt\u00e9st, m\u00e9g fels\u0151 \u00e9s als\u00f3 konzolok n\u00e9lk\u00fcl is. Ak\u00e1r egy s\u00e9r\u00fclt k\u00e9perny\u0151t cser\u00e9l, ak\u00e1r a jobb l\u00e1tv\u00e1ny \u00e9rdek\u00e9ben friss\u00edt, ez a k\u00e9perny\u0151 megb\u00edzhat\u00f3 v\u00e1laszt\u00e1s EliteBook-j\u00e1hoz.<\/p>\n<p>K\u00e9rj\u00fck, vegye figyelembe, hogy ez a k\u00e9perny\u0151 fels\u0151 \u00e9s als\u00f3 z\u00e1r\u00f3jelek n\u00e9lk\u00fcl \u00e9rkezik. Teljesen \u00faj \u00e1llapot\u00fa, \u00edgy hib\u00e1tlan, azonnali haszn\u00e1latra k\u00e9sz term\u00e9ket kap.<\/p>\n","protected":false},"excerpt":{"rendered":"<p>Friss\u00edtse HP EliteBook 840 G5\/G6-j\u00e1t 14&#8243;-es LCD-k\u00e9perny\u0151vel, FHD IPS-tisztas\u00e1ggal, matt fel\u00fclettel \u00e9s 30 t\u0171s eDP-csatlakoz\u00e1ssal. K\u00e9toldalas ragaszt\u00f3cs\u00edkokat tartalmaz az egyszer\u0171 telep\u00edt\u00e9s \u00e9rdek\u00e9ben. \u00c1llapot: \u00daj.<\/p>\n","protected":false},"featured_media":9942,"template":"","meta":[],"product_brand":[],"product_cat":[74,71],"product_tag":[],"class_list":{"0":"post-9947","1":"product","2":"type-product","3":"status-publish","4":"has-post-thumbnail","6":"product_cat-14-new-laptop-screens-lcd-panels","7":"product_cat-new-laptop-screens-lcd-panels","9":"first","10":"instock","11":"taxable","12":"shipping-taxable","13":"purchasable","14":"product-type-simple"},"_links":{"self":[{"href":"https:\/\/boreait.com\/hu\/wp-json\/wp\/v2\/product\/9947","targetHints":{"allow":["GET"]}}],"collection":[{"href":"https:\/\/boreait.com\/hu\/wp-json\/wp\/v2\/product"}],"about":[{"href":"https:\/\/boreait.com\/hu\/wp-json\/wp\/v2\/types\/product"}],"wp:featuredmedia":[{"embeddable":true,"href":"https:\/\/boreait.com\/hu\/wp-json\/wp\/v2\/media\/9942"}],"wp:attachment":[{"href":"https:\/\/boreait.com\/hu\/wp-json\/wp\/v2\/media?parent=9947"}],"wp:term":[{"taxonomy":"product_brand","embeddable":true,"href":"https:\/\/boreait.com\/hu\/wp-json\/wp\/v2\/product_brand?post=9947"},{"taxonomy":"product_cat","embeddable":true,"href":"https:\/\/boreait.com\/hu\/wp-json\/wp\/v2\/product_cat?post=9947"},{"taxonomy":"product_tag","embeddable":true,"href":"https:\/\/boreait.com\/hu\/wp-json\/wp\/v2\/product_tag?post=9947"}],"curies":[{"name":"wp","href":"https:\/\/api.w.org\/{rel}","templated":true}]}}