{"id":9946,"date":"2025-09-17T12:45:47","date_gmt":"2025-09-17T10:45:47","guid":{"rendered":"https:\/\/boreait.com\/hu\/?post_type=product&#038;p=9946"},"modified":"2025-09-17T12:45:51","modified_gmt":"2025-09-17T10:45:51","slug":"hp-zbook-14u-g5-14-fhd-ips-lcd-kepernyo-matt-edp-30-tus-ragasztoval-uj","status":"publish","type":"product","link":"https:\/\/boreait.com\/hu\/termek\/hp-zbook-14u-g5-14-fhd-ips-lcd-kepernyo-matt-edp-30-tus-ragasztoval-uj\/","title":{"rendered":"HP ZBook 14U G5 14&#8243; FHD IPS LCD k\u00e9perny\u0151 matt eDP 30 t\u0171s ragaszt\u00f3val \u00daj"},"content":{"rendered":"<p><strong>T\u00e9nyleges LCD-kijelz\u0151s modell: N140HCA-ELK REV C.2 \u2013 TELJESEN KOMPATIBILIS A HP ZBook 14U G5 laptop k\u00e9perny\u0151j\u00e9vel<\/strong><\/p>\n<p>Fokozza HP ZBook 14U G5 kijelz\u0151j\u00e9t ezzel a 14 h\u00fcvelykes matt FHD IPS LCD-k\u00e9perny\u0151vel. A kiv\u00e1l\u00f3 tisztas\u00e1gra \u00e9s teljes\u00edtm\u00e9nyre tervezett k\u00e9perny\u0151 Full HD (1920&#215;1080) felbont\u00e1st k\u00edn\u00e1l, amely \u00e9les \u00e9s \u00e9l\u00e9nk l\u00e1tv\u00e1nyt ny\u00fajt. Az IPS technol\u00f3gia egyenletes sz\u00edneket \u00e9s sz\u00e9les betekint\u00e9si sz\u00f6geket biztos\u00edt, \u00edgy ide\u00e1lis professzion\u00e1lis haszn\u00e1latra.<\/p>\n<p>A matt fel\u00fclet seg\u00edt cs\u00f6kkenteni a t\u00fckr\u00f6z\u0151d\u00e9st, k\u00e9nyelmes megtekint\u00e9si \u00e9lm\u00e9nyt biztos\u00edtva k\u00fcl\u00f6nf\u00e9le f\u00e9nyviszonyok k\u00f6z\u00f6tt. Ez a k\u00e9perny\u0151 eDP 30 t\u0171s csatlakoz\u00f3n kereszt\u00fcl csatlakozik, \u00edgy biztons\u00e1gos \u00e9s stabil kapcsolatot biztos\u00edt laptopj\u00e1val. A beszerel\u00e9s egyszer\u0171 a mell\u00e9kelt k\u00e9toldalas ragaszt\u00f3cs\u00edkokkal.<\/p>\n<p>K\u00e9rj\u00fck, vegye figyelembe, hogy ez a k\u00e9perny\u0151 fels\u0151 \u00e9s als\u00f3 z\u00e1r\u00f3jelek n\u00e9lk\u00fcl \u00e9rkezik. Teljesen \u00fajszer\u0171 \u00e1llapotban van, ami biztos\u00edtja, hogy hib\u00e1tlan \u00e9s beszerel\u00e9sre k\u00e9sz term\u00e9ket kapjon.<\/p>\n","protected":false},"excerpt":{"rendered":"<p>Friss\u00edtse HP ZBook 14U G5 k\u00e9sz\u00fcl\u00e9k\u00e9t egy 14&#8243;-es matt FHD IPS LCD k\u00e9perny\u0151vel. 30 t\u0171s eDP csatlakoz\u00e1ssal \u00e9s k\u00e9toldalas ragaszt\u00f3cs\u00edkokkal rendelkezik az egyszer\u0171 telep\u00edt\u00e9s \u00e9rdek\u00e9ben. \u00c1llapot: \u00daj.<\/p>\n","protected":false},"featured_media":9973,"template":"","meta":[],"product_brand":[],"product_cat":[74,71],"product_tag":[],"class_list":{"0":"post-9946","1":"product","2":"type-product","3":"status-publish","4":"has-post-thumbnail","6":"product_cat-14-new-laptop-screens-lcd-panels","7":"product_cat-new-laptop-screens-lcd-panels","9":"first","10":"instock","11":"taxable","12":"shipping-taxable","13":"purchasable","14":"product-type-simple"},"_links":{"self":[{"href":"https:\/\/boreait.com\/hu\/wp-json\/wp\/v2\/product\/9946","targetHints":{"allow":["GET"]}}],"collection":[{"href":"https:\/\/boreait.com\/hu\/wp-json\/wp\/v2\/product"}],"about":[{"href":"https:\/\/boreait.com\/hu\/wp-json\/wp\/v2\/types\/product"}],"wp:featuredmedia":[{"embeddable":true,"href":"https:\/\/boreait.com\/hu\/wp-json\/wp\/v2\/media\/9973"}],"wp:attachment":[{"href":"https:\/\/boreait.com\/hu\/wp-json\/wp\/v2\/media?parent=9946"}],"wp:term":[{"taxonomy":"product_brand","embeddable":true,"href":"https:\/\/boreait.com\/hu\/wp-json\/wp\/v2\/product_brand?post=9946"},{"taxonomy":"product_cat","embeddable":true,"href":"https:\/\/boreait.com\/hu\/wp-json\/wp\/v2\/product_cat?post=9946"},{"taxonomy":"product_tag","embeddable":true,"href":"https:\/\/boreait.com\/hu\/wp-json\/wp\/v2\/product_tag?post=9946"}],"curies":[{"name":"wp","href":"https:\/\/api.w.org\/{rel}","templated":true}]}}