{"id":9943,"date":"2025-09-17T12:45:46","date_gmt":"2025-09-17T10:45:46","guid":{"rendered":"https:\/\/boreait.com\/hu\/?post_type=product&#038;p=9943"},"modified":"2025-09-17T12:45:50","modified_gmt":"2025-09-17T10:45:50","slug":"14-lcd-kepernyo-lenovo-t14-gen-1-p14s-t14s-matt-fhd-ips-edp-30-tus-uj","status":"publish","type":"product","link":"https:\/\/boreait.com\/hu\/termek\/14-lcd-kepernyo-lenovo-t14-gen-1-p14s-t14s-matt-fhd-ips-edp-30-tus-uj\/","title":{"rendered":"14&#8243; LCD k\u00e9perny\u0151 Lenovo T14 Gen 1 P14s T14s matt FHD IPS eDP 30 t\u0171s \u00faj"},"content":{"rendered":"<p><strong>T\u00e9nyleges LCD-k\u00e9perny\u0151s modell: MB140SC01-4 VER 1.3 vagy N140HCA-EAC REV. C4 \u2013 TELJESEN KOMPATIBILIS LAPTOP K\u00c9PERNY\u0150VEL A Lenovo ThinkPad T14 Gen 1 P14s Gen 1 T14s<\/strong>hez<\/p>\n<p>Emelje fel Lenovo ThinkPad T14 Gen 1, P14s Gen 1 vagy T14s laptopj\u00e1t ezzel a kiv\u00e1l\u00f3 min\u0151s\u00e9g\u0171 14&#8243;-es LCD-k\u00e9perny\u0151vel, amelyet kiv\u00e9teles tisztas\u00e1gra \u00e9s teljes\u00edtm\u00e9nyre terveztek. A Full HD (1920&#215;1080) felbont\u00e1snak k\u00f6sz\u00f6nhet\u0151en ez a k\u00e9perny\u0151 \u00e9les, \u00e9l\u00e9nk k\u00e9peket biztos\u00edt, \u00edgy a mindennapi feladatok \u00e9s a multim\u00e9di\u00e1s technol\u00f3gia egyenletesebb\u00e9 teszi a sz\u00ednes l\u00e1t\u00f3sz\u00f6get \u00e9s a sz\u00e9les l\u00e1t\u00f3sz\u00f6g\u0171 multim\u00e9di\u00e1s \u00e9lm\u00e9nyt. A fel\u00fclet minim\u00e1lisra cs\u00f6kkenti a t\u00fckr\u00f6z\u0151d\u00e9st, \u00edgy k\u00e9nyelmes haszn\u00e1latot tesz lehet\u0151v\u00e9 k\u00fcl\u00f6nf\u00e9le megvil\u00e1g\u00edt\u00e1si k\u00f6rnyezetekben.<\/p>\n<p>A k\u00e9perny\u0151 30 t\u0171s eDP interf\u00e9szen kereszt\u00fcl csatlakozik, \u00edgy biztons\u00e1gos \u00e9s megb\u00edzhat\u00f3 kapcsolatot biztos\u00edt az eszk\u00f6zzel. Ezenk\u00edv\u00fcl k\u00e9toldalas \u00f6ntapad\u00f3 cs\u00edkok is tal\u00e1lhat\u00f3k az egyszer\u0171 telep\u00edt\u00e9s \u00e9rdek\u00e9ben, amelyek megk\u00f6nny\u00edtik a jelenlegi k\u00e9perny\u0151 cser\u00e9j\u00e9t tov\u00e1bbi szersz\u00e1mok vagy tartoz\u00e9kok n\u00e9lk\u00fcl.<\/p>\n<p>Ez az LCD-k\u00e9perny\u0151 vadonat\u00faj \u00e1llapotban van, fels\u0151 \u00e9s als\u00f3 tart\u00f3 n\u00e9lk\u00fcl \u00e9rkezik. T\u00f6k\u00e9letes megold\u00e1s azok sz\u00e1m\u00e1ra, akik szeretn\u00e9k helyre\u00e1ll\u00edtani vagy friss\u00edteni laptopjuk kijelz\u0151j\u00e9t, min\u0151s\u00e9get \u00e9s tart\u00f3ss\u00e1got egyar\u00e1nt k\u00edn\u00e1lva.<\/p>\n","protected":false},"excerpt":{"rendered":"<p>Friss\u00edtse Lenovo ThinkPad T14 Gen 1, P14s Gen 1 vagy T14s k\u00e9sz\u00fcl\u00e9k\u00e9t 14&#8243;-es matt LCD k\u00e9perny\u0151vel. FHD IPS kijelz\u0151min\u0151s\u00e9ggel, eDP 30 t\u0171s csatlakoz\u00e1ssal \u00e9s mell\u00e9kelt k\u00e9toldalas ragaszt\u00f3cs\u00edkokkal az egyszer\u0171 telep\u00edt\u00e9s \u00e9rdek\u00e9ben. \u00c1llapot: \u00daj.<\/p>\n","protected":false},"featured_media":9942,"template":"","meta":[],"product_brand":[],"product_cat":[74,71],"product_tag":[26],"class_list":{"0":"post-9943","1":"product","2":"type-product","3":"status-publish","4":"has-post-thumbnail","6":"product_cat-14-new-laptop-screens-lcd-panels","7":"product_cat-new-laptop-screens-lcd-panels","8":"product_tag-lenovo","10":"first","11":"instock","12":"taxable","13":"shipping-taxable","14":"purchasable","15":"product-type-simple"},"_links":{"self":[{"href":"https:\/\/boreait.com\/hu\/wp-json\/wp\/v2\/product\/9943","targetHints":{"allow":["GET"]}}],"collection":[{"href":"https:\/\/boreait.com\/hu\/wp-json\/wp\/v2\/product"}],"about":[{"href":"https:\/\/boreait.com\/hu\/wp-json\/wp\/v2\/types\/product"}],"wp:featuredmedia":[{"embeddable":true,"href":"https:\/\/boreait.com\/hu\/wp-json\/wp\/v2\/media\/9942"}],"wp:attachment":[{"href":"https:\/\/boreait.com\/hu\/wp-json\/wp\/v2\/media?parent=9943"}],"wp:term":[{"taxonomy":"product_brand","embeddable":true,"href":"https:\/\/boreait.com\/hu\/wp-json\/wp\/v2\/product_brand?post=9943"},{"taxonomy":"product_cat","embeddable":true,"href":"https:\/\/boreait.com\/hu\/wp-json\/wp\/v2\/product_cat?post=9943"},{"taxonomy":"product_tag","embeddable":true,"href":"https:\/\/boreait.com\/hu\/wp-json\/wp\/v2\/product_tag?post=9943"}],"curies":[{"name":"wp","href":"https:\/\/api.w.org\/{rel}","templated":true}]}}