{"id":9941,"date":"2025-09-17T12:45:29","date_gmt":"2025-09-17T10:45:29","guid":{"rendered":"https:\/\/boreait.com\/hu\/?post_type=product&#038;p=9941"},"modified":"2025-09-17T12:45:43","modified_gmt":"2025-09-17T10:45:43","slug":"lenovo-v14-g1-g2-g3-14-fhd-ips-matt-lcd-edp-30-tus-ontapado-csikokkal-uj","status":"publish","type":"product","link":"https:\/\/boreait.com\/hu\/termek\/lenovo-v14-g1-g2-g3-14-fhd-ips-matt-lcd-edp-30-tus-ontapado-csikokkal-uj\/","title":{"rendered":"Lenovo V14 G1\/G2\/G3 14&#8243; FHD IPS matt LCD eDP 30 t\u0171s \u00f6ntapad\u00f3 cs\u00edkokkal \u00daj"},"content":{"rendered":"<p><strong>T\u00e9nyleges LCD-k\u00e9perny\u0151s modell: MB140SC01-4 VER 1.3 vagy N140HCA-EAC REV. C4 \u2013 TELJESEN KOMPATIBILIS A LAPTOP K\u00c9PERNY\u0150J\u00c9VEL A Lenovo V14 G1 \/ V14 G2 \/ V14 G3 k\u00e9sz\u00fcl\u00e9kekhez<\/strong><\/p>\n<p>Fokozza Lenovo V14 G1\/G2\/G3 laptopj\u00e1t ezzel a pr\u00e9mium 14&#8243;-es LCD-k\u00e9perny\u0151vel, amely kiv\u00e9teles vizu\u00e1lis tisztas\u00e1got \u00e9s teljes\u00edtm\u00e9nyt biztos\u00edt. A Full HD (1920&#215;1080) felbont\u00e1snak \u00e9s az IPS technol\u00f3gi\u00e1nak k\u00f6sz\u00f6nhet\u0151en ez a k\u00e9perny\u0151 \u00e9les, \u00e9l\u00e9nk k\u00e9peket k\u00edn\u00e1l sz\u00e9les betekint\u00e9si sz\u00f6gekkel, \u00edgy munk\u00e1hoz \u00e9s sz\u00f3rakoz\u00e1shoz egyar\u00e1nt ide\u00e1lis.<\/p>\n<p>A matt fel\u00fclet cs\u00f6kkenti a t\u00fckr\u00f6z\u0151d\u00e9st, \u00edgy k\u00e9nyelmes megtekint\u00e9st biztos\u00edt k\u00fcl\u00f6nf\u00e9le f\u00e9nyviszonyok k\u00f6z\u00f6tt. Ez a k\u00e9perny\u0151 egy 30 t\u0171s eDP interf\u00e9szen kereszt\u00fcl csatlakozik, \u00edgy stabil \u00e9s megb\u00edzhat\u00f3 kapcsolatot biztos\u00edt az eszk\u00f6zzel. A felszerel\u00e9st egyszer\u0171v\u00e9 teszik a mell\u00e9kelt k\u00e9toldalas ragaszt\u00f3cs\u00edkok, amelyek biztons\u00e1gos r\u00f6gz\u00edt\u00e9st tesznek lehet\u0151v\u00e9.<\/p>\n<p>K\u00e9rj\u00fck, vegye figyelembe, hogy ez a k\u00e9perny\u0151 fels\u0151 \u00e9s als\u00f3 z\u00e1r\u00f3jelek n\u00e9lk\u00fcl \u00e9rkezik. Vadonat\u00faj, biztos\u00edtva, hogy hib\u00e1tlan \u00e9s haszn\u00e1latra k\u00e9sz term\u00e9ket kapjon.<\/p>\n","protected":false},"excerpt":{"rendered":"<p>Friss\u00edtse Lenovo V14 G1\/G2\/G3 k\u00e9sz\u00fcl\u00e9k\u00e9t 14&#8243;-es FHD IPS LCD-k\u00e9perny\u0151vel. Matt fel\u00fclet, 30 t\u0171s eDP csatlakoz\u00e1s \u00e9s k\u00e9toldalas ragaszt\u00f3cs\u00edkok az egyszer\u0171 telep\u00edt\u00e9s \u00e9rdek\u00e9ben. \u00c1llapot: \u00daj.<\/p>\n","protected":false},"featured_media":9942,"template":"","meta":[],"product_brand":[],"product_cat":[74,71],"product_tag":[26],"class_list":{"0":"post-9941","1":"product","2":"type-product","3":"status-publish","4":"has-post-thumbnail","6":"product_cat-14-new-laptop-screens-lcd-panels","7":"product_cat-new-laptop-screens-lcd-panels","8":"product_tag-lenovo","10":"first","11":"instock","12":"taxable","13":"shipping-taxable","14":"purchasable","15":"product-type-simple"},"_links":{"self":[{"href":"https:\/\/boreait.com\/hu\/wp-json\/wp\/v2\/product\/9941","targetHints":{"allow":["GET"]}}],"collection":[{"href":"https:\/\/boreait.com\/hu\/wp-json\/wp\/v2\/product"}],"about":[{"href":"https:\/\/boreait.com\/hu\/wp-json\/wp\/v2\/types\/product"}],"wp:featuredmedia":[{"embeddable":true,"href":"https:\/\/boreait.com\/hu\/wp-json\/wp\/v2\/media\/9942"}],"wp:attachment":[{"href":"https:\/\/boreait.com\/hu\/wp-json\/wp\/v2\/media?parent=9941"}],"wp:term":[{"taxonomy":"product_brand","embeddable":true,"href":"https:\/\/boreait.com\/hu\/wp-json\/wp\/v2\/product_brand?post=9941"},{"taxonomy":"product_cat","embeddable":true,"href":"https:\/\/boreait.com\/hu\/wp-json\/wp\/v2\/product_cat?post=9941"},{"taxonomy":"product_tag","embeddable":true,"href":"https:\/\/boreait.com\/hu\/wp-json\/wp\/v2\/product_tag?post=9941"}],"curies":[{"name":"wp","href":"https:\/\/api.w.org\/{rel}","templated":true}]}}