{"id":9939,"date":"2025-09-17T12:45:29","date_gmt":"2025-09-17T10:45:29","guid":{"rendered":"https:\/\/boreait.com\/hu\/?post_type=product&#038;p=9939"},"modified":"2025-09-17T12:45:42","modified_gmt":"2025-09-17T10:45:42","slug":"n140hca-eba-nv140fhm-n62-n61-14-fhd-ips-lcd-matt-edp-30-tus-uj-ragasztoval","status":"publish","type":"product","link":"https:\/\/boreait.com\/hu\/termek\/n140hca-eba-nv140fhm-n62-n61-14-fhd-ips-lcd-matt-edp-30-tus-uj-ragasztoval\/","title":{"rendered":"N140HCA-EBA NV140FHM-N62\/N61 14&#8243; FHD IPS LCD matt eDP 30 t\u0171s \u00daj ragaszt\u00f3val"},"content":{"rendered":"<p><strong>T\u00e9nyleges LCD-k\u00e9perny\u0151s modell: MB140SC01-4 VER 1.3 vagy N140HCA-EAC REV. C4 \u2013 TELJESEN KOMPATIBILIS A LAPTOP K\u00c9PERNY\u0150VEL N140HCA-EBA NV140FHM-N62 N61 N3B N47 N4C<\/strong><\/p>\n<p>Fokozza laptopja teljes\u00edtm\u00e9ny\u00e9t \u00e9s megtekint\u00e9si \u00e9lm\u00e9ny\u00e9t az N140HCA-EBA, NV140FHM-N62\/N61\/N3B\/N47\/N4C 14&#8243;-es LCD-k\u00e9perny\u0151vel. A kiv\u00e1l\u00f3 tisztas\u00e1g \u00e9s \u00e9l\u00e9nk sz\u00ednek biztos\u00edt\u00e1s\u00e1ra tervezett k\u00e9perny\u0151 Full HD (1920&#215;1080) egyenletes l\u00e1t\u00e1si sz\u00f6get \u00e9s sz\u00e9les l\u00e1t\u00f3sz\u00f6g\u0171 IPS-reprodukci\u00f3t biztos\u00edt. seg\u00edt minimaliz\u00e1lni a t\u00fckr\u00f6z\u0151d\u00e9st, \u00edgy ide\u00e1lis k\u00fcl\u00f6nf\u00e9le f\u00e9nyviszonyok k\u00f6z\u00f6tt.<\/p>\n<p>Ez az LCD-panel 30 t\u0171s eDP-csatlakoz\u00f3val van felszerelve, amely biztons\u00e1gos \u00e9s stabil kapcsolatot biztos\u00edt az eszk\u00f6zzel. A beszerel\u00e9st egyszer\u0171v\u00e9 teszik a mell\u00e9kelt k\u00e9toldalas ragaszt\u00f3cs\u00edkok, amelyek lehet\u0151v\u00e9 teszik a k\u00e9perny\u0151 gyors \u00e9s hat\u00e9kony cser\u00e9j\u00e9t.<\/p>\n<p>K\u00e9rj\u00fck, vegye figyelembe, hogy ezt a k\u00e9perny\u0151t fels\u0151 \u00e9s als\u00f3 z\u00e1r\u00f3jel n\u00e9lk\u00fcl \u00e9rt\u00e9kes\u00edtik. Ennek a term\u00e9knek az \u00e1llapota \u00faj, ami garant\u00e1lja, hogy hibamentes, beszerel\u00e9sre k\u00e9sz k\u00e9perny\u0151t kap.<\/p>\n","protected":false},"excerpt":{"rendered":"<p>B\u0151v\u00edtse laptop kijelz\u0151j\u00e9t az N140HCA-EBA, NV140FHM-N62\/N61\/N3B\/N47\/N4C 14&#8243;-es LCD-k\u00e9perny\u0151vel. Ez a Full HD IPS panel leny\u0171g\u00f6z\u0151 l\u00e1tv\u00e1nyt ny\u00fajt matt fel\u00fclettel a t\u00fckr\u00f6z\u0151d\u00e9s cs\u00f6kkent\u00e9se \u00e9rdek\u00e9ben. 30 t\u0171s eDP-csatlakoz\u00f3val, k\u00f6nnyen telep\u00edthet\u0151 dupla cs\u00edkkal. \u00daj.<\/p>\n","protected":false},"featured_media":9942,"template":"","meta":[],"product_brand":[],"product_cat":[74,71],"product_tag":[],"class_list":{"0":"post-9939","1":"product","2":"type-product","3":"status-publish","4":"has-post-thumbnail","6":"product_cat-14-new-laptop-screens-lcd-panels","7":"product_cat-new-laptop-screens-lcd-panels","9":"first","10":"instock","11":"taxable","12":"shipping-taxable","13":"purchasable","14":"product-type-simple"},"_links":{"self":[{"href":"https:\/\/boreait.com\/hu\/wp-json\/wp\/v2\/product\/9939","targetHints":{"allow":["GET"]}}],"collection":[{"href":"https:\/\/boreait.com\/hu\/wp-json\/wp\/v2\/product"}],"about":[{"href":"https:\/\/boreait.com\/hu\/wp-json\/wp\/v2\/types\/product"}],"wp:featuredmedia":[{"embeddable":true,"href":"https:\/\/boreait.com\/hu\/wp-json\/wp\/v2\/media\/9942"}],"wp:attachment":[{"href":"https:\/\/boreait.com\/hu\/wp-json\/wp\/v2\/media?parent=9939"}],"wp:term":[{"taxonomy":"product_brand","embeddable":true,"href":"https:\/\/boreait.com\/hu\/wp-json\/wp\/v2\/product_brand?post=9939"},{"taxonomy":"product_cat","embeddable":true,"href":"https:\/\/boreait.com\/hu\/wp-json\/wp\/v2\/product_cat?post=9939"},{"taxonomy":"product_tag","embeddable":true,"href":"https:\/\/boreait.com\/hu\/wp-json\/wp\/v2\/product_tag?post=9939"}],"curies":[{"name":"wp","href":"https:\/\/api.w.org\/{rel}","templated":true}]}}