{"id":9938,"date":"2025-09-17T12:45:29","date_gmt":"2025-09-17T10:45:29","guid":{"rendered":"https:\/\/boreait.com\/hu\/?post_type=product&#038;p=9938"},"modified":"2025-09-17T12:45:42","modified_gmt":"2025-09-17T10:45:42","slug":"lp140wf7-spc1-lcd-14-matt-fhd-ips-edp-30-tus-ragasztocsikokkal-uj","status":"publish","type":"product","link":"https:\/\/boreait.com\/hu\/termek\/lp140wf7-spc1-lcd-14-matt-fhd-ips-edp-30-tus-ragasztocsikokkal-uj\/","title":{"rendered":"LP140WF7 SPC1 LCD 14&#8243; matt FHD IPS eDP 30 t\u0171s ragaszt\u00f3cs\u00edkokkal \u00daj"},"content":{"rendered":"<p><strong>T\u00e9nyleges LCD-k\u00e9perny\u0151s modell: MB140SC01-4 VER 1.3 vagy N140HCA-EAC REV. C4 \u2013 TELJESEN KOMPATIBILIS A LP140WF7 SPC1 LAPTOP K\u00c9PERNY\u0150VEL<\/strong><\/p>\n<p>Fokozza laptopja kijelz\u0151j\u00e9t az LP140WF7 SPC1 14&#8243;-es LCD-k\u00e9perny\u0151vel, amely kiv\u00e9teles vizu\u00e1lis teljes\u00edtm\u00e9nyt \u00e9s tart\u00f3ss\u00e1got biztos\u00edt. Ez a k\u00e9perny\u0151 Full HD (1920&#215;1080) felbont\u00e1st k\u00edn\u00e1l, \u00edgy \u00e9les \u00e9s \u00e9l\u00e9nk k\u00e9peket biztos\u00edt, amelyek jav\u00edtj\u00e1k a megtekint\u00e9si \u00e9lm\u00e9nyt. Az IPS technol\u00f3gia egyenletes \u00e9s pontos sz\u00edneket, valamint sz\u00e9les betekint\u00e9si sz\u00f6get biztos\u00edt a munk\u00e1hoz \u00e9s a sz\u00f3rakoz\u00e1shoz egyar\u00e1nt.<\/p>\n<p>A matt fel\u00fclet minim\u00e1lisra cs\u00f6kkenti a t\u00fckr\u00f6z\u0151d\u00e9st, \u00edgy k\u00e9nyelmesen dolgozhat k\u00fcl\u00f6nf\u00e9le f\u00e9nyviszonyok k\u00f6z\u00f6tt. Az eDP 30 t\u0171s csatlakoz\u00f3 biztons\u00e1gos \u00e9s stabil kapcsolatot biztos\u00edt a k\u00e9sz\u00fcl\u00e9kkel. Ez a k\u00e9perny\u0151 is k\u00f6nnyen felszerelhet\u0151 a mell\u00e9kelt k\u00e9toldalas ragaszt\u00f3cs\u00edkokkal, biztos\u00edtva a z\u00f6kken\u0151mentes csere- vagy friss\u00edt\u00e9si folyamatot.<\/p>\n<p>K\u00e9rj\u00fck, vegye figyelembe, hogy ez a k\u00e9perny\u0151 nem tartalmaz fels\u0151 \u00e9s als\u00f3 z\u00e1r\u00f3jeleket. Vadonat\u00faj, garant\u00e1ltan hib\u00e1tlan \u00e1llapot\u00fa, azonnali beszerel\u00e9sre \u00e9s haszn\u00e1latra k\u00e9sz term\u00e9ket kap.<\/p>\n","protected":false},"excerpt":{"rendered":"<p>B\u0151v\u00edtse laptopj\u00e1t az LP140WF7 SPC1 14&#8243;-es LCD-k\u00e9perny\u0151vel. FHD IPS-tisztas\u00e1ggal, matt fel\u00fclettel \u00e9s 30 t\u0171s eDP csatlakoz\u00e1ssal leny\u0171g\u00f6z\u0151 l\u00e1tv\u00e1nyt ny\u00fajt. K\u00e9toldalas ragaszt\u00f3cs\u00edkok mell\u00e9kelve az egyszer\u0171 telep\u00edt\u00e9s \u00e9rdek\u00e9ben. \u00c1llapot: \u00daj.<\/p>\n","protected":false},"featured_media":9942,"template":"","meta":[],"product_brand":[],"product_cat":[74,71],"product_tag":[],"class_list":{"0":"post-9938","1":"product","2":"type-product","3":"status-publish","4":"has-post-thumbnail","6":"product_cat-14-new-laptop-screens-lcd-panels","7":"product_cat-new-laptop-screens-lcd-panels","9":"first","10":"instock","11":"taxable","12":"shipping-taxable","13":"purchasable","14":"product-type-simple"},"_links":{"self":[{"href":"https:\/\/boreait.com\/hu\/wp-json\/wp\/v2\/product\/9938","targetHints":{"allow":["GET"]}}],"collection":[{"href":"https:\/\/boreait.com\/hu\/wp-json\/wp\/v2\/product"}],"about":[{"href":"https:\/\/boreait.com\/hu\/wp-json\/wp\/v2\/types\/product"}],"wp:featuredmedia":[{"embeddable":true,"href":"https:\/\/boreait.com\/hu\/wp-json\/wp\/v2\/media\/9942"}],"wp:attachment":[{"href":"https:\/\/boreait.com\/hu\/wp-json\/wp\/v2\/media?parent=9938"}],"wp:term":[{"taxonomy":"product_brand","embeddable":true,"href":"https:\/\/boreait.com\/hu\/wp-json\/wp\/v2\/product_brand?post=9938"},{"taxonomy":"product_cat","embeddable":true,"href":"https:\/\/boreait.com\/hu\/wp-json\/wp\/v2\/product_cat?post=9938"},{"taxonomy":"product_tag","embeddable":true,"href":"https:\/\/boreait.com\/hu\/wp-json\/wp\/v2\/product_tag?post=9938"}],"curies":[{"name":"wp","href":"https:\/\/api.w.org\/{rel}","templated":true}]}}