{"id":9936,"date":"2025-09-17T12:45:28","date_gmt":"2025-09-17T10:45:28","guid":{"rendered":"https:\/\/boreait.com\/hu\/?post_type=product&#038;p=9936"},"modified":"2025-09-17T12:45:42","modified_gmt":"2025-09-17T10:45:42","slug":"b140han03-2-14-lcd-fhd-ips-matt-kepernyo-edp-30-tus-ragasztocsikokkal-uj","status":"publish","type":"product","link":"https:\/\/boreait.com\/hu\/termek\/b140han03-2-14-lcd-fhd-ips-matt-kepernyo-edp-30-tus-ragasztocsikokkal-uj\/","title":{"rendered":"B140HAN03.2 14&#8243; LCD FHD IPS matt k\u00e9perny\u0151 eDP 30 t\u0171s ragaszt\u00f3cs\u00edkokkal \u00daj"},"content":{"rendered":"<p><strong>T\u00e9nyleges LCD-k\u00e9perny\u0151s modell: MB140SC01-4 VER 1.3 vagy N140HCA-EAC REV. C4 \u2013 TELJESEN KOMPATIBILIS A B140HAN03.2 LAPTOP K\u00c9PERNY\u0150VEL<\/strong><\/p>\n<p>Jav\u00edtsa laptopja megjelen\u00edt\u00e9si min\u0151s\u00e9g\u00e9t a B140HAN03.2 14&#8243;-es LCD-k\u00e9perny\u0151vel. A kiv\u00e1l\u00f3 tisztas\u00e1gra \u00e9s teljes\u00edtm\u00e9nyre tervezett k\u00e9perny\u0151 Full HD (1920&#215;1080) felbont\u00e1st k\u00edn\u00e1l, \u00e9les, \u00e9l\u00e9nk k\u00e9peket \u00e9s jobb megtekint\u00e9si \u00e9lm\u00e9nyt biztos\u00edt. Az IPS technol\u00f3gia egyenletes sz\u00ednvisszaad\u00e1st \u00e9s sz\u00e9les betekint\u00e9si sz\u00f6get garant\u00e1l, a matt fel\u00fclet pedig cs\u00f6kkenti a csillog\u00e1st.<\/p>\n<p>A k\u00e9perny\u0151 30 t\u0171s eDP csatlakoz\u00f3n kereszt\u00fcl csatlakozik, \u00edgy megb\u00edzhat\u00f3 \u00e9s stabil kapcsolatot biztos\u00edt. A telep\u00edt\u00e9si folyamat leegyszer\u0171s\u00edt\u00e9se \u00e9rdek\u00e9ben k\u00e9toldalas ragaszt\u00f3cs\u00edkokat tartalmaznak, amelyek megk\u00f6nny\u00edtik a k\u00e9perny\u0151 r\u00f6gz\u00edt\u00e9s\u00e9t. Ez a k\u00e9perny\u0151 kiv\u00e1l\u00f3 v\u00e1laszt\u00e1s azok sz\u00e1m\u00e1ra, akik egy s\u00e9r\u00fclt kijelz\u0151t szeretn\u00e9nek kicser\u00e9lni, vagy jobb min\u0151s\u00e9g\u0171 panelre szeretn\u00e9nek friss\u00edteni.<\/p>\n<p>K\u00e9rj\u00fck, vegye figyelembe, hogy ez az LCD-k\u00e9perny\u0151 fels\u0151 \u00e9s als\u00f3 konzolok n\u00e9lk\u00fcl kaphat\u00f3. Vadonat\u00faj, \u00edgy hib\u00e1tlan, haszn\u00e1latra k\u00e9sz term\u00e9ket kap.<\/p>\n","protected":false},"excerpt":{"rendered":"<p>B\u0151v\u00edtse laptopj\u00e1t a B140HAN03.2 14&#8243;-es LCD-k\u00e9perny\u0151vel. FHD IPS technol\u00f3gi\u00e1val \u00e9s matt fel\u00fclettel, \u00e9les l\u00e1tv\u00e1nyt ny\u00fajt. A 30 t\u0171s eDP csatlakoz\u00f3 biztos\u00edtja a biztons\u00e1gos telep\u00edt\u00e9st, a k\u00e9toldalas ragaszt\u00f3cs\u00edkok pedig mell\u00e9kelve. \u00c1llapot: \u00daj.<\/p>\n","protected":false},"featured_media":9942,"template":"","meta":[],"product_brand":[],"product_cat":[74,71],"product_tag":[],"class_list":{"0":"post-9936","1":"product","2":"type-product","3":"status-publish","4":"has-post-thumbnail","6":"product_cat-14-new-laptop-screens-lcd-panels","7":"product_cat-new-laptop-screens-lcd-panels","9":"first","10":"instock","11":"taxable","12":"shipping-taxable","13":"purchasable","14":"product-type-simple"},"_links":{"self":[{"href":"https:\/\/boreait.com\/hu\/wp-json\/wp\/v2\/product\/9936","targetHints":{"allow":["GET"]}}],"collection":[{"href":"https:\/\/boreait.com\/hu\/wp-json\/wp\/v2\/product"}],"about":[{"href":"https:\/\/boreait.com\/hu\/wp-json\/wp\/v2\/types\/product"}],"wp:featuredmedia":[{"embeddable":true,"href":"https:\/\/boreait.com\/hu\/wp-json\/wp\/v2\/media\/9942"}],"wp:attachment":[{"href":"https:\/\/boreait.com\/hu\/wp-json\/wp\/v2\/media?parent=9936"}],"wp:term":[{"taxonomy":"product_brand","embeddable":true,"href":"https:\/\/boreait.com\/hu\/wp-json\/wp\/v2\/product_brand?post=9936"},{"taxonomy":"product_cat","embeddable":true,"href":"https:\/\/boreait.com\/hu\/wp-json\/wp\/v2\/product_cat?post=9936"},{"taxonomy":"product_tag","embeddable":true,"href":"https:\/\/boreait.com\/hu\/wp-json\/wp\/v2\/product_tag?post=9936"}],"curies":[{"name":"wp","href":"https:\/\/api.w.org\/{rel}","templated":true}]}}