{"id":9935,"date":"2025-09-17T12:45:28","date_gmt":"2025-09-17T10:45:28","guid":{"rendered":"https:\/\/boreait.com\/hu\/?post_type=product&#038;p=9935"},"modified":"2025-09-17T12:45:41","modified_gmt":"2025-09-17T10:45:41","slug":"b140htn04-0-lcd-14-matt-fhd-ips-edp-30-tus-ragasztocsikokkal-uj","status":"publish","type":"product","link":"https:\/\/boreait.com\/hu\/termek\/b140htn04-0-lcd-14-matt-fhd-ips-edp-30-tus-ragasztocsikokkal-uj\/","title":{"rendered":"B140HTN04.0 LCD 14&#8243; matt FHD IPS eDP 30 t\u0171s ragaszt\u00f3cs\u00edkokkal \u00daj"},"content":{"rendered":"<p><strong>T\u00e9nyleges LCD-k\u00e9perny\u0151s modell: MB140SC01-4 VER 1.3 vagy N140HCA-EAC REV. C4 \u2013 TELJESEN KOMPATIBILIS A B140HTN04.0 LAPTOP K\u00c9PERNY\u0150VEL<\/strong><\/p>\n<p>Emelje fel laptopja kijelz\u0151j\u00e9t a B140HTN04.0 14&#8243;-es LCD-k\u00e9perny\u0151vel, amelyet nagy teljes\u00edtm\u00e9nyre \u00e9s kiv\u00e1l\u00f3 vizu\u00e1lis tisztas\u00e1gra terveztek. Ez a k\u00e9perny\u0151 Full HD (1920&#215;1080) felbont\u00e1st k\u00edn\u00e1l, \u00e9les, \u00e9l\u00e9nk k\u00e9peket biztos\u00edtva, amelyek fokozz\u00e1k a megtekint\u00e9si \u00e9lm\u00e9nyt. Az IPS technol\u00f3gia biztos\u00edtja a konzisztens sz\u00ednvisszaad\u00e1st \u00e9s a sz\u00e9les betekint\u00e9si sz\u00f6get, mik\u00f6zben a matt fel\u00fclet cs\u00f6kkenti a csillog\u00f3 k\u00f6rnyezetet.<\/p>\n<p>A 30 t\u0171s eDP csatlakoz\u00f3 biztons\u00e1gos \u00e9s stabil kapcsolatot biztos\u00edt az eszk\u00f6zzel, a mell\u00e9kelt k\u00e9toldalas ragaszt\u00f3cs\u00edkok pedig egyszer\u0171v\u00e9 \u00e9s probl\u00e9mamentess\u00e9 teszik a telep\u00edt\u00e9st. Ak\u00e1r egy s\u00e9r\u00fclt k\u00e9perny\u0151t cser\u00e9l, ak\u00e1r a jobb l\u00e1tv\u00e1ny \u00e9rdek\u00e9ben friss\u00edt, ez az LCD-k\u00e9perny\u0151 megb\u00edzhat\u00f3 v\u00e1laszt\u00e1s.<\/p>\n<p>K\u00e9rj\u00fck, vegye figyelembe, hogy ez a k\u00e9perny\u0151 fels\u0151 \u00e9s als\u00f3 z\u00e1r\u00f3jelek n\u00e9lk\u00fcl \u00e9rkezik. Teljesen \u00fajszer\u0171 \u00e1llapotban van, \u00edgy azonnali haszn\u00e1latra k\u00e9sz hib\u00e1tlan term\u00e9ket kap.<\/p>\n","protected":false},"excerpt":{"rendered":"<p>B\u0151v\u00edtse laptopj\u00e1t a B140HTN04.0 14&#8243;-es LCD-k\u00e9perny\u0151vel. FHD IPS-min\u0151s\u00e9ggel, matt fel\u00fclettel \u00e9s 30 t\u0171s eDP csatlakoz\u00e1ssal \u00e9les, \u00e9l\u00e9nk l\u00e1tv\u00e1nyt ny\u00fajt. K\u00e9toldalas ragaszt\u00f3cs\u00edkok mell\u00e9kelve az egyszer\u0171 telep\u00edt\u00e9s \u00e9rdek\u00e9ben. \u00c1llapot: \u00daj.<\/p>\n","protected":false},"featured_media":9942,"template":"","meta":[],"product_brand":[],"product_cat":[74,71],"product_tag":[],"class_list":{"0":"post-9935","1":"product","2":"type-product","3":"status-publish","4":"has-post-thumbnail","6":"product_cat-14-new-laptop-screens-lcd-panels","7":"product_cat-new-laptop-screens-lcd-panels","9":"first","10":"instock","11":"taxable","12":"shipping-taxable","13":"purchasable","14":"product-type-simple"},"_links":{"self":[{"href":"https:\/\/boreait.com\/hu\/wp-json\/wp\/v2\/product\/9935","targetHints":{"allow":["GET"]}}],"collection":[{"href":"https:\/\/boreait.com\/hu\/wp-json\/wp\/v2\/product"}],"about":[{"href":"https:\/\/boreait.com\/hu\/wp-json\/wp\/v2\/types\/product"}],"wp:featuredmedia":[{"embeddable":true,"href":"https:\/\/boreait.com\/hu\/wp-json\/wp\/v2\/media\/9942"}],"wp:attachment":[{"href":"https:\/\/boreait.com\/hu\/wp-json\/wp\/v2\/media?parent=9935"}],"wp:term":[{"taxonomy":"product_brand","embeddable":true,"href":"https:\/\/boreait.com\/hu\/wp-json\/wp\/v2\/product_brand?post=9935"},{"taxonomy":"product_cat","embeddable":true,"href":"https:\/\/boreait.com\/hu\/wp-json\/wp\/v2\/product_cat?post=9935"},{"taxonomy":"product_tag","embeddable":true,"href":"https:\/\/boreait.com\/hu\/wp-json\/wp\/v2\/product_tag?post=9935"}],"curies":[{"name":"wp","href":"https:\/\/api.w.org\/{rel}","templated":true}]}}