{"id":9931,"date":"2025-09-17T12:45:28","date_gmt":"2025-09-17T10:45:28","guid":{"rendered":"https:\/\/boreait.com\/hu\/?post_type=product&#038;p=9931"},"modified":"2025-09-17T12:45:37","modified_gmt":"2025-09-17T10:45:37","slug":"mb140sc01-4-ver-1-3-lcd-14-matt-fhd-ips-edp-30-tus-ragasztocsikokkal-uj","status":"publish","type":"product","link":"https:\/\/boreait.com\/hu\/termek\/mb140sc01-4-ver-1-3-lcd-14-matt-fhd-ips-edp-30-tus-ragasztocsikokkal-uj\/","title":{"rendered":"MB140SC01-4 VER 1.3 LCD 14&#8243; matt FHD IPS eDP 30 t\u0171s ragaszt\u00f3cs\u00edkokkal \u00daj"},"content":{"rendered":"<p><strong>T\u00e9nyleges LCD-k\u00e9perny\u0151s modell: MB140SC01-4 VER 1.3 vagy N140HCA-EAC REV. C4<\/strong>re<\/p>\n<p>Fokozza laptopja kijelz\u0151j\u00e9t az MB140SC01-4 VER 1,3 14&#8243;-es LCD-k\u00e9perny\u0151vel, amelyet a kiv\u00e1l\u00f3 teljes\u00edtm\u00e9ny \u00e9s a vizu\u00e1lis tisztas\u00e1g \u00e9rdek\u00e9ben terveztek. Ez a k\u00e9perny\u0151 Full HD (1920&#215;1080) felbont\u00e1ssal rendelkezik, amely \u00e9les, \u00e9l\u00e9nk k\u00e9peket \u00e9s mag\u00e1val ragad\u00f3 megtekint\u00e9si \u00e9lm\u00e9nyt k\u00edn\u00e1l. Az IPS technol\u00f3gia egyenletes sz\u00ednt \u00e9s sz\u00e9les matt betekint\u00e9si sz\u00f6get biztos\u00edt, a k\u00fcl\u00f6nf\u00e9le matt f\u00e9nyviszonyokat pedig cs\u00f6kkenti, mik\u00f6zben cs\u00f6kkenti a csillog\u00e1st.<\/p>\n<p>A 30 t\u0171s eDP csatlakoz\u00f3 biztons\u00e1gos \u00e9s stabil csatlakoz\u00e1st biztos\u00edt eszk\u00f6z\u00e9hez, a mell\u00e9kelt k\u00e9toldalas ragaszt\u00f3cs\u00edkok pedig egyszer\u0171v\u00e9 teszik a telep\u00edt\u00e9st. Ak\u00e1r egy s\u00e9r\u00fclt k\u00e9perny\u0151t cser\u00e9l, ak\u00e1r a jobb l\u00e1tv\u00e1ny \u00e9rdek\u00e9ben friss\u00edt, ez az LCD-k\u00e9perny\u0151 megb\u00edzhat\u00f3 v\u00e1laszt\u00e1s.<\/p>\n<p>K\u00e9rj\u00fck, vegye figyelembe, hogy ez a k\u00e9perny\u0151 fels\u0151 \u00e9s als\u00f3 z\u00e1r\u00f3jelek n\u00e9lk\u00fcl \u00e9rkezik. Teljesen \u00fajszer\u0171 \u00e1llapotban van, \u00edgy hib\u00e1tlan \u00e9s haszn\u00e1latra k\u00e9sz term\u00e9ket kap.<\/p>\n","protected":false},"excerpt":{"rendered":"<p>Friss\u00edtse laptopj\u00e1t az MB140SC01-4 VER 1.3 14&#8243;-es LCD-k\u00e9perny\u0151vel. FHD IPS tisztas\u00e1ggal, matt fel\u00fclettel \u00e9s 30 t\u0171s eDP csatlakoz\u00e1ssal \u00e9l\u00e9nk l\u00e1tv\u00e1nyt ny\u00fajt. K\u00e9toldalas ragaszt\u00f3cs\u00edkokat tartalmaz az egyszer\u0171 telep\u00edt\u00e9s \u00e9rdek\u00e9ben. \u00c1llapot: \u00daj.<\/p>\n","protected":false},"featured_media":9942,"template":"","meta":[],"product_brand":[],"product_cat":[74,71],"product_tag":[],"class_list":{"0":"post-9931","1":"product","2":"type-product","3":"status-publish","4":"has-post-thumbnail","6":"product_cat-14-new-laptop-screens-lcd-panels","7":"product_cat-new-laptop-screens-lcd-panels","9":"first","10":"instock","11":"taxable","12":"shipping-taxable","13":"purchasable","14":"product-type-simple"},"_links":{"self":[{"href":"https:\/\/boreait.com\/hu\/wp-json\/wp\/v2\/product\/9931","targetHints":{"allow":["GET"]}}],"collection":[{"href":"https:\/\/boreait.com\/hu\/wp-json\/wp\/v2\/product"}],"about":[{"href":"https:\/\/boreait.com\/hu\/wp-json\/wp\/v2\/types\/product"}],"wp:featuredmedia":[{"embeddable":true,"href":"https:\/\/boreait.com\/hu\/wp-json\/wp\/v2\/media\/9942"}],"wp:attachment":[{"href":"https:\/\/boreait.com\/hu\/wp-json\/wp\/v2\/media?parent=9931"}],"wp:term":[{"taxonomy":"product_brand","embeddable":true,"href":"https:\/\/boreait.com\/hu\/wp-json\/wp\/v2\/product_brand?post=9931"},{"taxonomy":"product_cat","embeddable":true,"href":"https:\/\/boreait.com\/hu\/wp-json\/wp\/v2\/product_cat?post=9931"},{"taxonomy":"product_tag","embeddable":true,"href":"https:\/\/boreait.com\/hu\/wp-json\/wp\/v2\/product_tag?post=9931"}],"curies":[{"name":"wp","href":"https:\/\/api.w.org\/{rel}","templated":true}]}}