{"id":9930,"date":"2025-09-17T12:45:28","date_gmt":"2025-09-17T10:45:28","guid":{"rendered":"https:\/\/boreait.com\/hu\/?post_type=product&#038;p=9930"},"modified":"2025-09-17T12:45:35","modified_gmt":"2025-09-17T10:45:35","slug":"173-huvelykes-lcd-kepernyo-msi-pulse-17-b13vgk-matt-fhd-ips-144-hz-40-pin-uj","status":"publish","type":"product","link":"https:\/\/boreait.com\/hu\/termek\/173-huvelykes-lcd-kepernyo-msi-pulse-17-b13vgk-matt-fhd-ips-144-hz-40-pin-uj\/","title":{"rendered":"17,3 h\u00fcvelykes LCD k\u00e9perny\u0151 MSI Pulse 17 B13VGK matt FHD IPS 144 Hz 40 Pin \u00daj"},"content":{"rendered":"<p><strong>T\u00e9nyleges LCD-k\u00e9perny\u0151s modell: N173HCE-G33 REV C1 \/ NV173FHM-NY2 v8.1 \u2013 TELJESEN KOMPATIBILIS AZ MSI Pulse 17 B13VGK-VAL<\/strong><\/p>\n<p>Alak\u00edtsa \u00e1t MSI Pulse 17 B13VGK laptopj\u00e1t ezzel a cs\u00facskateg\u00f3ri\u00e1s 17,3 h\u00fcvelykes LCD-k\u00e9perny\u0151vel. A kiv\u00e1l\u00f3 teljes\u00edtm\u00e9nyre tervezett k\u00e9perny\u0151 Full HD (1920&#215;1080) felbont\u00e1ssal b\u00fcszk\u00e9lkedhet, amely \u00e9letre kelt j\u00e1t\u00e9kaiban \u00e9s m\u00e9di\u00e1j\u00e1ban \u00e9l\u00e9nk r\u00e9szletekkel \u00e9s \u00e9les tisztas\u00e1ggal. Az IPS technol\u00f3gia sz\u00e9les l\u00e1t\u00f3sz\u00f6get \u00e9s pontos sz\u00ednvisszaad\u00e1st biztos\u00edt, \u00edgy j\u00e1t\u00e9khoz \u00e9s kreat\u00edv munk\u00e1hoz egyar\u00e1nt t\u00f6k\u00e9letes.<\/p>\n<p>Ez a k\u00e9perny\u0151 40 t\u0171s eDP-csatlakoz\u00f3val van felszerelve, \u00e9s sima, 144 Hz-es friss\u00edt\u00e9si frekvenci\u00e1t k\u00edn\u00e1l, \u00edgy g\u00f6rd\u00fcl\u00e9keny \u00e9s \u00e9rz\u00e9keny kijelz\u0151t biztos\u00edt, amely ide\u00e1lis a gyors temp\u00f3j\u00fa j\u00e1t\u00e9kokhoz. A matt fel\u00fclet cs\u00f6kkenti a t\u00fckr\u00f6z\u0151d\u00e9st, \u00edgy m\u00e9g er\u0151sen megvil\u00e1g\u00edtott k\u00f6rnyezetben is tiszta l\u00e1that\u00f3s\u00e1got biztos\u00edt.<\/p>\n<p>B\u00e1r ez a k\u00e9perny\u0151 nem tartalmaz fels\u0151 \u00e9s als\u00f3 tart\u00f3t, k\u00e9toldalas ragaszt\u00f3cs\u00edkokkal rendelkezik a biztons\u00e1gos \u00e9s egyszer\u0171 telep\u00edt\u00e9s \u00e9rdek\u00e9ben. Ez a vadonat\u00faj \u00e9s t\u00f6k\u00e9letes \u00e1llapot\u00fa LCD-k\u00e9perny\u0151 a t\u00f6k\u00e9letes friss\u00edt\u00e9s laptopja kijelz\u0151j\u00e9nek teljes\u00edtm\u00e9ny\u00e9hez \u00e9s az \u00e1ltal\u00e1nos \u00e9lm\u00e9ny fokoz\u00e1s\u00e1hoz.<\/p>\n<p>Ak\u00e1r professzion\u00e1lis j\u00e1t\u00e9kos, ak\u00e1r tartalomk\u00e9sz\u00edt\u0151, az MSI Pulse 17 B13VGK LCD-k\u00e9perny\u0151 biztos\u00edtja azt a min\u0151s\u00e9get \u00e9s megb\u00edzhat\u00f3s\u00e1got, amelyre sz\u00fcks\u00e9ge van a mag\u00e1val ragad\u00f3 \u00e9s produkt\u00edv munkamenetekhez.<\/p>\n","protected":false},"excerpt":{"rendered":"<p>Friss\u00edtse MSI Pulse 17 B13VGK k\u00e9sz\u00fcl\u00e9k\u00e9t ezzel a 17,3 h\u00fcvelykes matt LCD-k\u00e9perny\u0151vel. A 40 t\u0171s eDP csatlakoz\u00f3val, az FHD felbont\u00e1ssal \u00e9s az IPS technol\u00f3gi\u00e1val rendelkez\u0151 k\u00e9sz\u00fcl\u00e9k leny\u0171g\u00f6z\u0151 l\u00e1tv\u00e1nyt ny\u00fajt 144 Hz-en. K\u00e9toldalas ragaszt\u00f3cs\u00edkok tal\u00e1lhat\u00f3k a csomagban a k\u00f6nny\u0171 felszerel\u00e9s \u00e9rdek\u00e9ben. Vadonat\u00faj \u00e9s k\u00e9szen \u00e1ll a j\u00e1t\u00e9k\u00e9lm\u00e9ny fokoz\u00e1s\u00e1ra.<\/p>\n","protected":false},"featured_media":9911,"template":"","meta":[],"product_brand":[],"product_cat":[72,71],"product_tag":[58],"class_list":{"0":"post-9930","1":"product","2":"type-product","3":"status-publish","4":"has-post-thumbnail","6":"product_cat-17-3","7":"product_cat-new-laptop-screens-lcd-panels","8":"product_tag-msi","10":"first","11":"instock","12":"taxable","13":"shipping-taxable","14":"purchasable","15":"product-type-simple"},"_links":{"self":[{"href":"https:\/\/boreait.com\/hu\/wp-json\/wp\/v2\/product\/9930","targetHints":{"allow":["GET"]}}],"collection":[{"href":"https:\/\/boreait.com\/hu\/wp-json\/wp\/v2\/product"}],"about":[{"href":"https:\/\/boreait.com\/hu\/wp-json\/wp\/v2\/types\/product"}],"wp:featuredmedia":[{"embeddable":true,"href":"https:\/\/boreait.com\/hu\/wp-json\/wp\/v2\/media\/9911"}],"wp:attachment":[{"href":"https:\/\/boreait.com\/hu\/wp-json\/wp\/v2\/media?parent=9930"}],"wp:term":[{"taxonomy":"product_brand","embeddable":true,"href":"https:\/\/boreait.com\/hu\/wp-json\/wp\/v2\/product_brand?post=9930"},{"taxonomy":"product_cat","embeddable":true,"href":"https:\/\/boreait.com\/hu\/wp-json\/wp\/v2\/product_cat?post=9930"},{"taxonomy":"product_tag","embeddable":true,"href":"https:\/\/boreait.com\/hu\/wp-json\/wp\/v2\/product_tag?post=9930"}],"curies":[{"name":"wp","href":"https:\/\/api.w.org\/{rel}","templated":true}]}}