{"id":9929,"date":"2025-09-17T12:45:28","date_gmt":"2025-09-17T10:45:28","guid":{"rendered":"https:\/\/boreait.com\/hu\/?post_type=product&#038;p=9929"},"modified":"2025-09-17T12:45:35","modified_gmt":"2025-09-17T10:45:35","slug":"173-huvelykes-lcd-kepernyo-msi-gl75-leopard-10scsr-matt-144-hz-fhd-ips-40-tus-uj","status":"publish","type":"product","link":"https:\/\/boreait.com\/hu\/termek\/173-huvelykes-lcd-kepernyo-msi-gl75-leopard-10scsr-matt-144-hz-fhd-ips-40-tus-uj\/","title":{"rendered":"17,3 h\u00fcvelykes LCD k\u00e9perny\u0151 MSI GL75 Leopard 10SCSR matt 144 Hz FHD IPS 40 t\u0171s \u00faj"},"content":{"rendered":"<p><strong>T\u00e9nyleges LCD-k\u00e9perny\u0151s modell: N173HCE-G33 REV C1 \/ NV173FHM-NY2 v8.1 \u2013 TELJESEN KOMPATIBILIS AZ MSI GL75 LEOPARD 10SCSR-009RU-val<\/strong><\/p>\n<p>N\u00f6velje j\u00e1t\u00e9k- \u00e9s multim\u00e9di\u00e1s \u00e9lm\u00e9ny\u00e9t ezzel a pr\u00e9mium 17,3 h\u00fcvelykes LCD-k\u00e9perny\u0151vel, amelyet kifejezetten az MSI GL75 Leopard 10SCSR-009RU-hoz terveztek. Ez a matt k\u00e9perny\u0151 cs\u00f6kkenti a t\u00fckr\u00f6z\u0151d\u00e9st, \u00e9s k\u00e9nyelmes megtekint\u00e9si \u00e9lm\u00e9nyt biztos\u00edt k\u00fcl\u00f6nf\u00e9le f\u00e9nyviszonyok k\u00f6z\u00f6tt. A Full HD (1920&#215;1080) felbont\u00e1s \u00e9s az IPS technol\u00f3gia, a t\u00f6k\u00e9letes l\u00e1t\u00f3sz\u00f6gek, a t\u00f6k\u00e9letes l\u00e1t\u00f3sz\u00f6gek, az \u00e9l\u00e9nk \u00e9s a sz\u00e9les sz\u00ednek \u00e9lvezet\u00e9t biztos\u00edtj\u00e1k. filmeket n\u00e9zni.<\/p>\n<p>A k\u00e9perny\u0151 leny\u0171g\u00f6z\u0151, 144 Hz-es friss\u00edt\u00e9si gyakoris\u00e1ggal b\u00fcszk\u00e9lkedhet, ami rendk\u00edv\u00fcl sima l\u00e1tv\u00e1nyt biztos\u00edt, ide\u00e1lis gyors temp\u00f3j\u00fa j\u00e1t\u00e9kokhoz, ahol minden k\u00e9pkocka sz\u00e1m\u00edt. Egy 40 t\u0171s eDP-csatlakoz\u00f3val csatlakozik laptopj\u00e1hoz, biztos\u00edtva a z\u00f6kken\u0151mentes kapcsolatot az eszk\u00f6zzel. B\u00e1r ehhez a k\u00e9perny\u0151h\u00f6z nem tartozik fels\u0151 \u00e9s als\u00f3 konzol, k\u00e9toldalas ragaszt\u00f3cs\u00edkokat tartalmaz, amelyek egyszer\u0171v\u00e9 \u00e9s biztons\u00e1goss\u00e1 teszik a telep\u00edt\u00e9st.<\/p>\n<p>A vadonat\u00faj \u00e9s t\u00f6k\u00e9letes \u00e1llapotban l\u00e9v\u0151 LCD-k\u00e9perny\u0151 kiv\u00e1l\u00f3an helyettes\u00edti vagy friss\u00edti az MSI GL75 Leopard 10SCSR-009RU k\u00e9sz\u00fcl\u00e9ket. Legyen sz\u00f3 j\u00e1t\u00e9kosr\u00f3l, tartalomk\u00e9sz\u00edt\u0151r\u0151l, vagy egyszer\u0171en csak j\u00f3 min\u0151s\u00e9g\u0171 kijelz\u0151re van sz\u00fcks\u00e9ge, ez a k\u00e9perny\u0151 jav\u00edtja laptopja teljes\u00edtm\u00e9ny\u00e9t \u00e9s vizu\u00e1lis \u00e9lm\u00e9ny\u00e9t.<\/p>\n","protected":false},"excerpt":{"rendered":"<p>Friss\u00edtse MSI GL75 Leopard 10SCSR-009RU-j\u00e1t ezzel a 17,3&#8243;-es matt LCD-k\u00e9perny\u0151vel. Az FHD felbont\u00e1ssal, az IPS technol\u00f3gi\u00e1val \u00e9s a 144 Hz-es friss\u00edt\u00e9si gyakoris\u00e1ggal ez a k\u00e9perny\u0151 leny\u0171g\u00f6z\u0151 l\u00e1tv\u00e1nyt \u00e9s z\u00f6kken\u0151mentes teljes\u00edtm\u00e9nyt ny\u00fajt. 40 t\u0171s eDP csatlakoz\u00f3n kereszt\u00fcl csatlakozik, \u00e9s k\u00e9toldalas cs\u00edkokat tartalmaz az egyszer\u0171 telep\u00edt\u00e9s \u00e9rdek\u00e9ben.<\/p>\n","protected":false},"featured_media":9911,"template":"","meta":[],"product_brand":[],"product_cat":[72,71],"product_tag":[58],"class_list":{"0":"post-9929","1":"product","2":"type-product","3":"status-publish","4":"has-post-thumbnail","6":"product_cat-17-3","7":"product_cat-new-laptop-screens-lcd-panels","8":"product_tag-msi","10":"first","11":"instock","12":"taxable","13":"shipping-taxable","14":"purchasable","15":"product-type-simple"},"_links":{"self":[{"href":"https:\/\/boreait.com\/hu\/wp-json\/wp\/v2\/product\/9929","targetHints":{"allow":["GET"]}}],"collection":[{"href":"https:\/\/boreait.com\/hu\/wp-json\/wp\/v2\/product"}],"about":[{"href":"https:\/\/boreait.com\/hu\/wp-json\/wp\/v2\/types\/product"}],"wp:featuredmedia":[{"embeddable":true,"href":"https:\/\/boreait.com\/hu\/wp-json\/wp\/v2\/media\/9911"}],"wp:attachment":[{"href":"https:\/\/boreait.com\/hu\/wp-json\/wp\/v2\/media?parent=9929"}],"wp:term":[{"taxonomy":"product_brand","embeddable":true,"href":"https:\/\/boreait.com\/hu\/wp-json\/wp\/v2\/product_brand?post=9929"},{"taxonomy":"product_cat","embeddable":true,"href":"https:\/\/boreait.com\/hu\/wp-json\/wp\/v2\/product_cat?post=9929"},{"taxonomy":"product_tag","embeddable":true,"href":"https:\/\/boreait.com\/hu\/wp-json\/wp\/v2\/product_tag?post=9929"}],"curies":[{"name":"wp","href":"https:\/\/api.w.org\/{rel}","templated":true}]}}