{"id":9928,"date":"2025-09-17T12:45:27","date_gmt":"2025-09-17T10:45:27","guid":{"rendered":"https:\/\/boreait.com\/hu\/?post_type=product&#038;p=9928"},"modified":"2025-09-17T12:45:34","modified_gmt":"2025-09-17T10:45:34","slug":"173-huvelykes-lcd-kepernyo-lenovo-p-n-sd10w86613-matt-40-tus-fhd-ips-144-hz-uj","status":"publish","type":"product","link":"https:\/\/boreait.com\/hu\/termek\/173-huvelykes-lcd-kepernyo-lenovo-p-n-sd10w86613-matt-40-tus-fhd-ips-144-hz-uj\/","title":{"rendered":"17,3 h\u00fcvelykes LCD k\u00e9perny\u0151 Lenovo P\/N SD10W86613 matt 40 t\u0171s FHD IPS 144 Hz \u00daj"},"content":{"rendered":"<p><strong>T\u00e9nyleges LCD-k\u00e9perny\u0151s modell: N173HCE-G33 REV C1 \/ NV173FHM-NY2 v8.1 \u2013 TELJESEN KOMPATIBILIS A Lenovo P\/N SD10W86613-mal<\/strong><\/p>\n<p>A Lenovo P\/N SD10W86613 egy pr\u00e9mium 17,3 h\u00fcvelykes LCD-k\u00e9perny\u0151, amelyet arra terveztek, hogy jav\u00edtsa laptopja megjelen\u00edt\u00e9si \u00e9lm\u00e9ny\u00e9t. Ez a matt fel\u00fclet\u0171 k\u00e9perny\u0151 minim\u00e1lisra cs\u00f6kkenti a t\u00fckr\u00f6z\u0151d\u00e9st, \u00edgy vil\u00e1gos \u00e9s hom\u00e1lyos k\u00f6rnyezetben egyar\u00e1nt t\u00f6k\u00e9letes. A Full HD (1920&#215;1080) felbont\u00e1snak, az IPS technol\u00f3gi\u00e1nak \u00e9s a 144 Hz-es friss\u00edt\u00e9si gyakoris\u00e1gnak k\u00f6sz\u00f6nhet\u0151en \u00e9l\u00e9nk sz\u00edneket, sz\u00e9les betekint\u00e9si sz\u00f6geket \u00e9s rendk\u00edv\u00fcl sima l\u00e1tv\u00e1nyt \u00e9lvezhet, amely ide\u00e1lis j\u00e1t\u00e9khoz, vide\u00f3szerkeszt\u00e9shez vagy mindennapi feladatokhoz.<\/p>\n<p>Ez az LCD-k\u00e9perny\u0151 40 t\u0171s eDP-csatlakoz\u00f3val van felszerelve, amely z\u00f6kken\u0151mentes kapcsolatot biztos\u00edt az eszk\u00f6zzel. B\u00e1r nem tartalmaz fels\u0151 \u00e9s als\u00f3 tart\u00f3t, a csomag k\u00e9toldalas ragaszt\u00f3cs\u00edkokat tartalmaz a biztons\u00e1gos \u00e9s probl\u00e9mamentes telep\u00edt\u00e9s \u00e9rdek\u00e9ben. Ez biztos\u00edtja, hogy a k\u00e9perny\u0151 szil\u00e1rdan a hely\u00e9n maradjon, \u00e9s hosszan tart\u00f3 teljes\u00edtm\u00e9nyt ny\u00fajtson.<\/p>\n<p>A vadonat\u00faj \u00e9s kifog\u00e1stalan \u00e1llapotban l\u00e9v\u0151 Lenovo P\/N SD10W86613 t\u00f6k\u00e9letes csere vagy friss\u00edt\u00e9s laptopj\u00e1hoz. Legyen sz\u00f3 j\u00e1t\u00e9kosr\u00f3l, kreat\u00edv szakemberr\u0151l, vagy csak egy kiv\u00e1l\u00f3 kijelz\u0151t keres, ez a k\u00e9perny\u0151 azt a tisztas\u00e1got, sz\u00ednpontoss\u00e1got \u00e9s sima teljes\u00edtm\u00e9nyt k\u00edn\u00e1lja, amelyre a jobb megtekint\u00e9si \u00e9lm\u00e9nyhez sz\u00fcks\u00e9ge van.<\/p>\n","protected":false},"excerpt":{"rendered":"<p>Friss\u00edtse Lenovo laptopj\u00e1t a 17,3 h\u00fcvelykes LCD-k\u00e9perny\u0151vel, P\/N SD10W86613. Ez a matt, FHD IPS-kijelz\u0151 144 Hz-es friss\u00edt\u00e9si gyakoris\u00e1ggal \u00e9s 40 t\u0171s eDP-csatlakoz\u00f3val rendelkezik. A k\u00e9toldalas ragaszt\u00f3cs\u00edkok az egyszer\u0171 telep\u00edt\u00e9s \u00e9rdek\u00e9ben. Vadonat\u00fajak \u00e9s leny\u0171g\u00f6z\u0151 l\u00e1tv\u00e1nyt ny\u00fajtanak.<\/p>\n","protected":false},"featured_media":9911,"template":"","meta":[],"product_brand":[],"product_cat":[72,71],"product_tag":[26],"class_list":{"0":"post-9928","1":"product","2":"type-product","3":"status-publish","4":"has-post-thumbnail","6":"product_cat-17-3","7":"product_cat-new-laptop-screens-lcd-panels","8":"product_tag-lenovo","10":"first","11":"instock","12":"taxable","13":"shipping-taxable","14":"purchasable","15":"product-type-simple"},"_links":{"self":[{"href":"https:\/\/boreait.com\/hu\/wp-json\/wp\/v2\/product\/9928","targetHints":{"allow":["GET"]}}],"collection":[{"href":"https:\/\/boreait.com\/hu\/wp-json\/wp\/v2\/product"}],"about":[{"href":"https:\/\/boreait.com\/hu\/wp-json\/wp\/v2\/types\/product"}],"wp:featuredmedia":[{"embeddable":true,"href":"https:\/\/boreait.com\/hu\/wp-json\/wp\/v2\/media\/9911"}],"wp:attachment":[{"href":"https:\/\/boreait.com\/hu\/wp-json\/wp\/v2\/media?parent=9928"}],"wp:term":[{"taxonomy":"product_brand","embeddable":true,"href":"https:\/\/boreait.com\/hu\/wp-json\/wp\/v2\/product_brand?post=9928"},{"taxonomy":"product_cat","embeddable":true,"href":"https:\/\/boreait.com\/hu\/wp-json\/wp\/v2\/product_cat?post=9928"},{"taxonomy":"product_tag","embeddable":true,"href":"https:\/\/boreait.com\/hu\/wp-json\/wp\/v2\/product_tag?post=9928"}],"curies":[{"name":"wp","href":"https:\/\/api.w.org\/{rel}","templated":true}]}}