{"id":9926,"date":"2025-09-17T12:45:27","date_gmt":"2025-09-17T10:45:27","guid":{"rendered":"https:\/\/boreait.com\/hu\/?post_type=product&#038;p=9926"},"modified":"2025-09-17T12:45:34","modified_gmt":"2025-09-17T10:45:34","slug":"173-lcd-kepernyo-msi-ms-17g1-ms-17l1-gs75-matt-fhd-ips-144hz-uj","status":"publish","type":"product","link":"https:\/\/boreait.com\/hu\/termek\/173-lcd-kepernyo-msi-ms-17g1-ms-17l1-gs75-matt-fhd-ips-144hz-uj\/","title":{"rendered":"17,3&#8243; LCD k\u00e9perny\u0151 MSI MS-17G1 MS-17L1 GS75 matt FHD IPS 144Hz \u00daj"},"content":{"rendered":"<p><strong>T\u00e9nyleges LCD-k\u00e9perny\u0151s modell: N173HCE-G33 REV C1 \/ NV173FHM-NY2 v8.1 \u2013 TELJESEN KOMPATIBILIS AZ MSI MS-17G1 MS-17L1 GS75 STEALTH-HAL<\/strong><\/p>\n<p>N\u00f6velje j\u00e1t\u00e9k\u00e9lm\u00e9ny\u00e9t a 17,3 h\u00fcvelykes LCD-k\u00e9perny\u0151vel, amelyet kifejezetten az MSI MS-17G1 \u00e9s MS-17L1 GS75 Stealth modellekhez terveztek. Ez a nagy teljes\u00edtm\u00e9ny\u0171 k\u00e9perny\u0151 Full HD (1920&#215;1080) felbont\u00e1st k\u00edn\u00e1l, amely \u00e9les \u00e9s r\u00e9szletgazdag k\u00e9pet biztos\u00edt. Az IPS technol\u00f3gi\u00e1nak k\u00f6sz\u00f6nhet\u0151en \u00e9l\u00e9nk sz\u00edneket \u00e9s sz\u00e9les betekint\u00e9si sz\u00f6geket \u00e9lvezhet, \u00edgy minden j\u00e1t\u00e9k, vide\u00f3 vagy k\u00e9p kiemelked\u0151 lesz.<\/p>\n<p>A k\u00e9perny\u0151 144 Hz-es friss\u00edt\u00e9si gyakoris\u00e1ggal rendelkezik, amely rendk\u00edv\u00fcl sima mozg\u00e1st biztos\u00edt, \u00e9s cs\u00f6kkenti az elmos\u00f3d\u00e1st a gyors j\u00e1t\u00e9k forgat\u00f3k\u00f6nyveiben. A matt fel\u00fclet minim\u00e1lisra cs\u00f6kkenti a t\u00fckr\u00f6z\u0151d\u00e9st \u00e9s a t\u00fckr\u00f6z\u0151d\u00e9st, \u00edgy belt\u00e9ri \u00e9s k\u00fclt\u00e9ri haszn\u00e1latra egyar\u00e1nt ide\u00e1lis. A 40 t\u0171s eDP-csatlakoz\u00f3val felszerelt LCD-k\u00e9perny\u0151 egyszer\u0171 telep\u00edt\u00e9st tesz lehet\u0151v\u00e9. B\u00e1r nem tartalmaz fels\u0151 \u00e9s als\u00f3 tart\u00f3t, k\u00e9toldalas ragaszt\u00f3cs\u00edkokkal rendelkezik, amelyek biztons\u00e1gosan illeszkednek a laptophoz.<\/p>\n<p>A vadonat\u00faj \u00e9s kifog\u00e1stalan \u00e1llapot\u00fa LCD-k\u00e9perny\u0151 t\u00f6k\u00e9letes helyettes\u00edt\u0151je az MSI GS75 Stealth-nek. Legyen sz\u00f3 profi j\u00e1t\u00e9kosr\u00f3l vagy alkalmi j\u00e1t\u00e9kosr\u00f3l, ez a k\u00e9perny\u0151 a mag\u00e1val ragad\u00f3 \u00e9lm\u00e9nyhez sz\u00fcks\u00e9ges teljes\u00edtm\u00e9nyt \u00e9s min\u0151s\u00e9get ny\u00fajtja.<\/p>\n","protected":false},"excerpt":{"rendered":"<p>Friss\u00edtse MSI GS75 Stealth k\u00e9sz\u00fcl\u00e9k\u00e9t egy 17,3 h\u00fcvelykes LCD-k\u00e9perny\u0151vel, amelyet nagy teljes\u00edtm\u00e9ny\u0171 j\u00e1t\u00e9kokhoz terveztek. Ez az FHD IPS k\u00e9perny\u0151 leny\u0171g\u00f6z\u0151 l\u00e1tv\u00e1nyt ny\u00fajt 144 Hz-es friss\u00edt\u00e9si gyakoris\u00e1ggal. A matt fel\u00fclet cs\u00f6kkenti a t\u00fckr\u00f6z\u0151d\u00e9st, m\u00edg a 40 t\u0171s eDP csatlakoz\u00f3 egyszer\u0171 telep\u00edt\u00e9st tesz lehet\u0151v\u00e9. A biztons\u00e1gos r\u00f6gz\u00edt\u00e9shez k\u00e9toldalas ragaszt\u00f3cs\u00edkok vannak mell\u00e9kelve. Vadonat\u00faj \u00e9s k\u00e9szen \u00e1ll a j\u00e1t\u00e9k\u00e9lm\u00e9ny fokoz\u00e1s\u00e1ra.<\/p>\n","protected":false},"featured_media":9911,"template":"","meta":[],"product_brand":[],"product_cat":[72,71],"product_tag":[58],"class_list":{"0":"post-9926","1":"product","2":"type-product","3":"status-publish","4":"has-post-thumbnail","6":"product_cat-17-3","7":"product_cat-new-laptop-screens-lcd-panels","8":"product_tag-msi","10":"first","11":"instock","12":"taxable","13":"shipping-taxable","14":"purchasable","15":"product-type-simple"},"_links":{"self":[{"href":"https:\/\/boreait.com\/hu\/wp-json\/wp\/v2\/product\/9926","targetHints":{"allow":["GET"]}}],"collection":[{"href":"https:\/\/boreait.com\/hu\/wp-json\/wp\/v2\/product"}],"about":[{"href":"https:\/\/boreait.com\/hu\/wp-json\/wp\/v2\/types\/product"}],"wp:featuredmedia":[{"embeddable":true,"href":"https:\/\/boreait.com\/hu\/wp-json\/wp\/v2\/media\/9911"}],"wp:attachment":[{"href":"https:\/\/boreait.com\/hu\/wp-json\/wp\/v2\/media?parent=9926"}],"wp:term":[{"taxonomy":"product_brand","embeddable":true,"href":"https:\/\/boreait.com\/hu\/wp-json\/wp\/v2\/product_brand?post=9926"},{"taxonomy":"product_cat","embeddable":true,"href":"https:\/\/boreait.com\/hu\/wp-json\/wp\/v2\/product_cat?post=9926"},{"taxonomy":"product_tag","embeddable":true,"href":"https:\/\/boreait.com\/hu\/wp-json\/wp\/v2\/product_tag?post=9926"}],"curies":[{"name":"wp","href":"https:\/\/api.w.org\/{rel}","templated":true}]}}