{"id":9925,"date":"2025-09-17T12:45:27","date_gmt":"2025-09-17T10:45:27","guid":{"rendered":"https:\/\/boreait.com\/hu\/?post_type=product&#038;p=9925"},"modified":"2025-09-17T12:45:34","modified_gmt":"2025-09-17T10:45:34","slug":"173-huvelykes-lcd-kepernyo-dell-g7-7790-7700-fhd-ips-144-hz-matt-40-tus-uj","status":"publish","type":"product","link":"https:\/\/boreait.com\/hu\/termek\/173-huvelykes-lcd-kepernyo-dell-g7-7790-7700-fhd-ips-144-hz-matt-40-tus-uj\/","title":{"rendered":"17,3 h\u00fcvelykes LCD k\u00e9perny\u0151 Dell G7 7790 7700 FHD IPS 144 Hz matt 40 t\u0171s \u00faj"},"content":{"rendered":"<p><strong>T\u00e9nyleges LCD-k\u00e9perny\u0151s modell: N173HCE-G33 REV C1 \/ NV173FHM-NY2 v8.1 \u2013 TELJESEN KOMPATIBILIS A Dell G7 17 7790 7700 P46E \u200b\u200bP46E001 P40E P40E001 VEL\u00dcVEL<\/strong><\/p>\n<p>Tapasztalja meg a kiv\u00e1l\u00f3 megjelen\u00edt\u00e9si min\u0151s\u00e9get a Dell G7 17 7790 \u00e9s 7700 modellekhez tervezett 17,3 h\u00fcvelykes LCD-k\u00e9perny\u0151vel. Ez a k\u00e9perny\u0151 Full HD (1920 x 1080) felbont\u00e1st k\u00edn\u00e1l, amely \u00e9les \u00e9s tiszta k\u00e9pet biztos\u00edt, ide\u00e1lis a j\u00e1t\u00e9kokhoz, a multim\u00e9di\u00e1hoz \u00e9s a mindennapi sz\u00e1m\u00edt\u00e1stechnik\u00e1hoz. A 144 Hz-es 144 Hz-es gyors videofriss\u00edt\u00e9s \u00e9s a nagy sebess\u00e9g\u0171 j\u00e1t\u00e9k t\u00f6k\u00e9letes k\u00e9pfriss\u00edt\u00e9st tesz lehet\u0151v\u00e9. lej\u00e1tsz\u00e1s.<\/p>\n<p>Az IPS (In-Plane Switching) technol\u00f3gi\u00e1val \u00e9l\u00e9nk sz\u00edneket \u00e9s sz\u00e9les betekint\u00e9si sz\u00f6geket \u00e9lvezhet, \u00edgy \u00e1lland\u00f3 k\u00e9pmin\u0151s\u00e9get biztos\u00edt a poz\u00edci\u00f3t\u00f3l f\u00fcggetlen\u00fcl. A matt fel\u00fclet cs\u00f6kkenti a t\u00fckr\u00f6z\u0151d\u00e9st \u00e9s a t\u00fckr\u00f6z\u0151d\u00e9st, \u00edgy k\u00e9nyelmes megtekint\u00e9si \u00e9lm\u00e9nyt biztos\u00edt k\u00fcl\u00f6nf\u00e9le f\u00e9nyviszonyok k\u00f6z\u00f6tt.<\/p>\n<p>Ez a k\u00e9perny\u0151 40 t\u0171s eDP-csatlakoz\u00f3val rendelkezik az egyszer\u0171 \u00e9s biztons\u00e1gos telep\u00edt\u00e9s \u00e9rdek\u00e9ben. B\u00e1r a fels\u0151 \u00e9s als\u00f3 konzolt nem tartalmazza, a mell\u00e9kelt k\u00e9toldalas ragaszt\u00f3cs\u00edkok stabilan illeszkednek a laptophoz. A k\u00e9perny\u0151 vadonat\u00faj, megb\u00edzhat\u00f3 teljes\u00edtm\u00e9nyt \u00e9s jelent\u0151s friss\u00edt\u00e9st biztos\u00edt Dell G7 17 laptopj\u00e1hoz.<\/p>\n<p>Ak\u00e1r j\u00e1t\u00e9kos, ak\u00e1r kreat\u00edv szakember, ak\u00e1r h\u00e9tk\u00f6znapi felhaszn\u00e1l\u00f3, ez a kiv\u00e1l\u00f3 min\u0151s\u00e9g\u0171 LCD-k\u00e9perny\u0151 tov\u00e1bbfejleszti laptopja megjelen\u00edt\u00e9si k\u00e9pess\u00e9geit, \u00e9s pr\u00e9mium vizu\u00e1lis \u00e9lm\u00e9nyt k\u00edn\u00e1l.<\/p>\n","protected":false},"excerpt":{"rendered":"<p>Friss\u00edtse Dell G7 17 7790 vagy 7700 k\u00e9sz\u00fcl\u00e9k\u00e9t ezzel a nagy teljes\u00edtm\u00e9ny\u0171, 17,3 h\u00fcvelykes LCD-k\u00e9perny\u0151vel. FHD felbont\u00e1ssal, 144 Hz-es friss\u00edt\u00e9si gyakoris\u00e1ggal \u00e9s IPS technol\u00f3gi\u00e1val ez a matt k\u00e9perny\u0151 \u00e9les \u00e9s \u00e9l\u00e9nk l\u00e1tv\u00e1nyt ny\u00fajt. A 40 t\u0171s eDP-csatlakoz\u00f3 biztos\u00edtja az egyszer\u0171 telep\u00edt\u00e9st, a k\u00e9toldalas cs\u00edkok pedig nem tartalmazz\u00e1k a fels\u0151 \u00e9s a k\u00e9perny\u0151t. tart\u00f3konzolok vadonat\u00fajak \u00e9s k\u00e9szen \u00e1llnak a megtekint\u00e9si \u00e9lm\u00e9ny fokoz\u00e1s\u00e1ra.<\/p>\n<h3><\/h3>\n","protected":false},"featured_media":9911,"template":"","meta":[],"product_brand":[],"product_cat":[72,71],"product_tag":[],"class_list":{"0":"post-9925","1":"product","2":"type-product","3":"status-publish","4":"has-post-thumbnail","6":"product_cat-17-3","7":"product_cat-new-laptop-screens-lcd-panels","9":"first","10":"instock","11":"taxable","12":"shipping-taxable","13":"purchasable","14":"product-type-simple"},"_links":{"self":[{"href":"https:\/\/boreait.com\/hu\/wp-json\/wp\/v2\/product\/9925","targetHints":{"allow":["GET"]}}],"collection":[{"href":"https:\/\/boreait.com\/hu\/wp-json\/wp\/v2\/product"}],"about":[{"href":"https:\/\/boreait.com\/hu\/wp-json\/wp\/v2\/types\/product"}],"wp:featuredmedia":[{"embeddable":true,"href":"https:\/\/boreait.com\/hu\/wp-json\/wp\/v2\/media\/9911"}],"wp:attachment":[{"href":"https:\/\/boreait.com\/hu\/wp-json\/wp\/v2\/media?parent=9925"}],"wp:term":[{"taxonomy":"product_brand","embeddable":true,"href":"https:\/\/boreait.com\/hu\/wp-json\/wp\/v2\/product_brand?post=9925"},{"taxonomy":"product_cat","embeddable":true,"href":"https:\/\/boreait.com\/hu\/wp-json\/wp\/v2\/product_cat?post=9925"},{"taxonomy":"product_tag","embeddable":true,"href":"https:\/\/boreait.com\/hu\/wp-json\/wp\/v2\/product_tag?post=9925"}],"curies":[{"name":"wp","href":"https:\/\/api.w.org\/{rel}","templated":true}]}}