{"id":9924,"date":"2025-09-17T12:45:27","date_gmt":"2025-09-17T10:45:27","guid":{"rendered":"https:\/\/boreait.com\/hu\/?post_type=product&#038;p=9924"},"modified":"2025-09-17T12:45:33","modified_gmt":"2025-09-17T10:45:33","slug":"173-huvelykes-lcd-kepernyo-lenovo-legion-y540-17irh-fhd-ips-144-hz-hez-uj","status":"publish","type":"product","link":"https:\/\/boreait.com\/hu\/termek\/173-huvelykes-lcd-kepernyo-lenovo-legion-y540-17irh-fhd-ips-144-hz-hez-uj\/","title":{"rendered":"17,3 h\u00fcvelykes LCD k\u00e9perny\u0151 Lenovo Legion Y540 17IRH FHD IPS 144 Hz-hez \u00daj"},"content":{"rendered":"<p><strong>T\u00e9nyleges LCD-k\u00e9perny\u0151s modell: N173HCE-G33 REV C1 \/ NV173FHM-NY2 v8.1 \u2013 TELJESEN KOMPATIBILIS A Lenovo Legion Y540 17IRH 81Q40010MX VEL<\/strong><\/p>\n<p>Fokozza j\u00e1t\u00e9k- \u00e9s vizu\u00e1lis \u00e9lm\u00e9ny\u00e9t a Lenovo Legion Y540 17IRH 81Q40010MX LCD-k\u00e9perny\u0151 cser\u00e9j\u00e9vel. Ez a vadonat\u00faj, 17,3 h\u00fcvelykes matt kijelz\u0151 Full HD (FHD) felbont\u00e1st k\u00edn\u00e1l, \u00e9les \u00e9s tiszta k\u00e9pet biztos\u00edtva, amely t\u00f6k\u00e9letes j\u00e1t\u00e9khoz, streamel\u00e9shez \u00e9s mindennapi haszn\u00e1latra. Az IPS technol\u00f3gia sz\u00e9les betekint\u00e9si sz\u00f6geket \u00e9s \u00e9l\u00e9nk sz\u00edneket biztos\u00edt, m\u00edg a 144 Hz-es friss\u00edt\u00e9si frekvencia sima \u00e9s g\u00f6rd\u00fcl\u00e9keny mozg\u00e1st biztos\u00edt, ide\u00e1lis a gyors temp\u00f3j\u00fa j\u00e1t\u00e9kokhoz.<\/p>\n<p>A k\u00e9perny\u0151 40 t\u0171s eDP-csatlakoz\u00f3val van felszerelve a z\u00f6kken\u0151mentes \u00e9s egyszer\u0171 telep\u00edt\u00e9si folyamat \u00e9rdek\u00e9ben. B\u00e1r ez a k\u00e9perny\u0151 nem tartalmaz fels\u0151 \u00e9s als\u00f3 konzolt, k\u00e9toldalas ragaszt\u00f3cs\u00edkokkal rendelkezik a biztons\u00e1gos \u00e9s stabil illeszked\u00e9s \u00e9rdek\u00e9ben.<\/p>\n<p>Ak\u00e1r s\u00e9r\u00fclt k\u00e9perny\u0151t cser\u00e9l, ak\u00e1r friss\u00edteni szeretn\u00e9 jelenlegi be\u00e1ll\u00edt\u00e1sait, ez az LCD-k\u00e9perny\u0151 kiv\u00e1l\u00f3 v\u00e1laszt\u00e1s Lenovo Legion Y540 17IRH k\u00e9sz\u00fcl\u00e9k\u00e9hez. Tapasztalja meg a nagy teljes\u00edtm\u00e9ny\u0171 l\u00e1tv\u00e1nyt, \u00e9s \u00e9lvezze j\u00e1t\u00e9kait \u00e9s m\u00e9di\u00e1j\u00e1t, mint m\u00e9g soha ezzel a kiv\u00e1l\u00f3 min\u0151s\u00e9g\u0171 kijelz\u0151vel.<\/p>\n","protected":false},"excerpt":{"rendered":"<p>Friss\u00edtse Lenovo Legion Y540 17IRH k\u00e9sz\u00fcl\u00e9k\u00e9t egy vadonat\u00faj, 17,3&#8243;-es matt LCD-k\u00e9perny\u0151vel. FHD felbont\u00e1ssal, IPS technol\u00f3gi\u00e1val \u00e9s 144 Hz-es friss\u00edt\u00e9si gyakoris\u00e1ggal ez a k\u00e9perny\u0151 sima \u00e9s \u00e9l\u00e9nk l\u00e1tv\u00e1nyt ny\u00fajt. A 40 t\u0171s eDP-csatlakoz\u00f3 biztos\u00edtja az egyszer\u0171 telep\u00edt\u00e9st, a k\u00e9toldalas ragaszt\u00f3cs\u00edk pedig az als\u00f3 r\u00f6gz\u00edt\u00e9shez nem tartozik hozz\u00e1.<\/p>\n<h3><\/h3>\n","protected":false},"featured_media":9911,"template":"","meta":[],"product_brand":[],"product_cat":[72,71],"product_tag":[26],"class_list":{"0":"post-9924","1":"product","2":"type-product","3":"status-publish","4":"has-post-thumbnail","6":"product_cat-17-3","7":"product_cat-new-laptop-screens-lcd-panels","8":"product_tag-lenovo","10":"first","11":"instock","12":"taxable","13":"shipping-taxable","14":"purchasable","15":"product-type-simple"},"_links":{"self":[{"href":"https:\/\/boreait.com\/hu\/wp-json\/wp\/v2\/product\/9924","targetHints":{"allow":["GET"]}}],"collection":[{"href":"https:\/\/boreait.com\/hu\/wp-json\/wp\/v2\/product"}],"about":[{"href":"https:\/\/boreait.com\/hu\/wp-json\/wp\/v2\/types\/product"}],"wp:featuredmedia":[{"embeddable":true,"href":"https:\/\/boreait.com\/hu\/wp-json\/wp\/v2\/media\/9911"}],"wp:attachment":[{"href":"https:\/\/boreait.com\/hu\/wp-json\/wp\/v2\/media?parent=9924"}],"wp:term":[{"taxonomy":"product_brand","embeddable":true,"href":"https:\/\/boreait.com\/hu\/wp-json\/wp\/v2\/product_brand?post=9924"},{"taxonomy":"product_cat","embeddable":true,"href":"https:\/\/boreait.com\/hu\/wp-json\/wp\/v2\/product_cat?post=9924"},{"taxonomy":"product_tag","embeddable":true,"href":"https:\/\/boreait.com\/hu\/wp-json\/wp\/v2\/product_tag?post=9924"}],"curies":[{"name":"wp","href":"https:\/\/api.w.org\/{rel}","templated":true}]}}