{"id":9922,"date":"2025-09-17T12:45:27","date_gmt":"2025-09-17T10:45:27","guid":{"rendered":"https:\/\/boreait.com\/hu\/?post_type=product&#038;p=9922"},"modified":"2025-09-17T12:45:33","modified_gmt":"2025-09-17T10:45:33","slug":"173-lcd-kepernyo-lenovo-legion-5-17arh05h-144hz-fhd-ips-uj","status":"publish","type":"product","link":"https:\/\/boreait.com\/hu\/termek\/173-lcd-kepernyo-lenovo-legion-5-17arh05h-144hz-fhd-ips-uj\/","title":{"rendered":"17,3&#8243; LCD k\u00e9perny\u0151 Lenovo Legion 5 17ARH05H 144Hz FHD IPS \u00daj"},"content":{"rendered":"<p><strong>T\u00e9nyleges LCD-k\u00e9perny\u0151s modell: N173HCE-G33 REV C1 \/ NV173FHM-NY2 v8.1 \u2013 TELJESEN KOMPATIBILIS A Lenovo Legion 5 17ARH05H 82GN VEL<\/strong><\/p>\n<p>Fokozza j\u00e1t\u00e9k\u00e9lm\u00e9ny\u00e9t ezzel a pr\u00e9mium 17,3 h\u00fcvelykes LCD-k\u00e9perny\u0151vel, amelyet kifejezetten a Lenovo Legion 5 17ARH05H (82GN modell) sz\u00e1m\u00e1ra terveztek. Ez a k\u00e9perny\u0151 1920&#215;1080-as Full HD (FHD) felbont\u00e1ssal rendelkezik, amely leny\u0171g\u00f6z\u0151 tisztas\u00e1got \u00e9s r\u00e9szletess\u00e9get biztos\u00edt minden vizu\u00e1lis ig\u00e9ny\u00e9nek. Az IPS (In-Plane Switching) technol\u00f3gia \u00e9l\u00e9nk sz\u00edneket \u00e9s sz\u00e9les betekint\u00e9si sz\u00f6geket biztos\u00edt, m\u00edg a 144 Hz-es friss\u00edt\u00e9si frekvencia rendk\u00edv\u00fcl sima mozg\u00e1st tesz lehet\u0151v\u00e9, \u00edgy ide\u00e1lis j\u00e1t\u00e9khoz \u00e9s p\u00f6rg\u0151s akci\u00f3khoz.<\/p>\n<p>Ez az LCD-k\u00e9perny\u0151 matt fel\u00fclet\u0171, cs\u00f6kkenti a t\u00fckr\u00f6z\u0151d\u00e9st, \u00e9s m\u00e9g er\u0151sen megvil\u00e1g\u00edtott k\u00f6rnyezetben is k\u00e9nyelmes megtekint\u00e9si \u00e9lm\u00e9nyt biztos\u00edt. 40 t\u0171s eDP-csatlakoz\u00f3val van felszerelve, amely biztons\u00e1gos \u00e9s egyszer\u0171 csatlakoz\u00e1st biztos\u00edt laptopj\u00e1hoz. B\u00e1r nem tartalmaz fels\u0151 \u00e9s als\u00f3 konzolt, k\u00e9toldalas ragaszt\u00f3cs\u00edkokkal rendelkezik, amelyek lehet\u0151v\u00e9 teszik az egyszer\u0171 \u00e9s stabil telep\u00edt\u00e9si folyamatot.<\/p>\n<p>Vonatosan \u00faj \u00e9s t\u00f6k\u00e9letes \u00e1llapotban l\u00e9v\u0151 k\u00e9perny\u0151 ide\u00e1lis csere vagy friss\u00edt\u00e9s Lenovo Legion 5 17ARH05H k\u00e9sz\u00fcl\u00e9k\u00e9hez. Legyen sz\u00f3 j\u00e1t\u00e9kosr\u00f3l, profir\u00f3l vagy tartalomk\u00e9sz\u00edt\u0151r\u0151l, ezt a k\u00e9perny\u0151t \u00fagy tervezt\u00e9k, hogy kiv\u00e1l\u00f3 vizu\u00e1lis \u00e9lm\u00e9nyt ny\u00fajtson, amely a k\u00f6vetkez\u0151 szintre emeli laptopja teljes\u00edtm\u00e9ny\u00e9t.<\/p>\n","protected":false},"excerpt":{"rendered":"<p>Friss\u00edtse Lenovo Legion 5 17ARH05H k\u00e9sz\u00fcl\u00e9k\u00e9t ezzel a 17,3 h\u00fcvelykes matt LCD-k\u00e9perny\u0151vel. FHD felbont\u00e1s\u00e1val, 144 Hz-es friss\u00edt\u00e9si gyakoris\u00e1g\u00e1val \u00e9s IPS technol\u00f3gi\u00e1j\u00e1val ez a k\u00e9perny\u0151 kiv\u00e9teles tisztas\u00e1got \u00e9s egyenletes l\u00e1tv\u00e1nyt biztos\u00edt. 40 t\u0171s eDP-csatlakoz\u00f3val felszerelt, k\u00e9toldalas ragaszt\u00f3cs\u00edkokkal van ell\u00e1tva az egyszer\u0171 telep\u00edt\u00e9s \u00e9rdek\u00e9ben. Teljesen \u00faj, fels\u0151 \u00e9s als\u00f3 tart\u00f3 n\u00e9lk\u00fcl.<\/p>\n<h3><\/h3>\n","protected":false},"featured_media":9911,"template":"","meta":[],"product_brand":[],"product_cat":[72,71],"product_tag":[26],"class_list":{"0":"post-9922","1":"product","2":"type-product","3":"status-publish","4":"has-post-thumbnail","6":"product_cat-17-3","7":"product_cat-new-laptop-screens-lcd-panels","8":"product_tag-lenovo","10":"first","11":"instock","12":"taxable","13":"shipping-taxable","14":"purchasable","15":"product-type-simple"},"_links":{"self":[{"href":"https:\/\/boreait.com\/hu\/wp-json\/wp\/v2\/product\/9922","targetHints":{"allow":["GET"]}}],"collection":[{"href":"https:\/\/boreait.com\/hu\/wp-json\/wp\/v2\/product"}],"about":[{"href":"https:\/\/boreait.com\/hu\/wp-json\/wp\/v2\/types\/product"}],"wp:featuredmedia":[{"embeddable":true,"href":"https:\/\/boreait.com\/hu\/wp-json\/wp\/v2\/media\/9911"}],"wp:attachment":[{"href":"https:\/\/boreait.com\/hu\/wp-json\/wp\/v2\/media?parent=9922"}],"wp:term":[{"taxonomy":"product_brand","embeddable":true,"href":"https:\/\/boreait.com\/hu\/wp-json\/wp\/v2\/product_brand?post=9922"},{"taxonomy":"product_cat","embeddable":true,"href":"https:\/\/boreait.com\/hu\/wp-json\/wp\/v2\/product_cat?post=9922"},{"taxonomy":"product_tag","embeddable":true,"href":"https:\/\/boreait.com\/hu\/wp-json\/wp\/v2\/product_tag?post=9922"}],"curies":[{"name":"wp","href":"https:\/\/api.w.org\/{rel}","templated":true}]}}