{"id":9918,"date":"2025-09-17T12:45:26","date_gmt":"2025-09-17T10:45:26","guid":{"rendered":"https:\/\/boreait.com\/hu\/?post_type=product&#038;p=9918"},"modified":"2025-09-17T12:45:32","modified_gmt":"2025-09-17T10:45:32","slug":"173-huvelykes-lcd-kepernyo-a-hp-omen-17-ck-sorozathoz-matt-144-hz-ips-40-tus-fhd-uj","status":"publish","type":"product","link":"https:\/\/boreait.com\/hu\/termek\/173-huvelykes-lcd-kepernyo-a-hp-omen-17-ck-sorozathoz-matt-144-hz-ips-40-tus-fhd-uj\/","title":{"rendered":"17,3 h\u00fcvelykes LCD k\u00e9perny\u0151 a HP OMEN 17-ck sorozathoz, matt 144 Hz IPS 40 t\u0171s FHD \u00daj"},"content":{"rendered":"<p><strong>T\u00e9nyleges LCD-k\u00e9perny\u0151s modell: Val\u00f3s LCD-k\u00e9perny\u0151s modell: N173HCE-G33 REV C1 \/ NV173FHM-NY2 v8.1<\/strong><\/p>\n<p>Fokozza j\u00e1t\u00e9k- \u00e9s multim\u00e9di\u00e1s \u00e9lm\u00e9ny\u00e9t ezzel a nagy teljes\u00edtm\u00e9ny\u0171, 17,3 h\u00fcvelykes LCD-k\u00e9perny\u0151vel, amelyet a HP OMEN 17-ck sorozathoz terveztek, bele\u00e9rtve a 17-ck0000, 17-ck1000 \u00e9s 17-ck2000 modelleket. Full HD (FHD) felbont\u00e1ssal \u00e9s IPS panellel, ez a k\u00e9perny\u0151 t\u00f6k\u00e9letes j\u00e1t\u00e9k\u00e9lm\u00e9nyt \u00e9s sz\u00e9les l\u00e1t\u00f3sz\u00f6get biztos\u00edt. mindennapi haszn\u00e1lat.<\/p>\n<p>A matt fel\u00fclet cs\u00f6kkenti a t\u00fckr\u00f6z\u0151d\u00e9st, tiszta l\u00e1that\u00f3s\u00e1got biztos\u00edtva k\u00fcl\u00f6nf\u00e9le f\u00e9nyviszonyok k\u00f6z\u00f6tt, m\u00edg a leny\u0171g\u00f6z\u0151 144 Hz-es friss\u00edt\u00e9si frekvencia rendk\u00edv\u00fcl sima mozg\u00e1st biztos\u00edt, amely ide\u00e1lis a gyors temp\u00f3j\u00fa j\u00e1t\u00e9kokhoz \u00e9s a dinamikus tartalmakhoz. Ez a k\u00e9perny\u0151 40 t\u0171s eDP-csatlakoz\u00f3val van felszerelve, amely z\u00f6kken\u0151mentes kompatibilit\u00e1st biztos\u00edt laptopj\u00e1val.<\/p>\n<p>A hagyom\u00e1nyos k\u00e9perny\u0151kkel ellent\u00e9tben ez a modell nem tartalmaz fels\u0151 \u00e9s als\u00f3 tart\u00f3t, de k\u00e9toldalas ragaszt\u00f3cs\u00edkokkal rendelkezik a biztons\u00e1gos \u00e9s egyszer\u0171 telep\u00edt\u00e9s \u00e9rdek\u00e9ben. Ez a vadonat\u00faj \u00e9s t\u00f6k\u00e9letes \u00e1llapot\u00fa LCD-k\u00e9perny\u0151 kiv\u00e1l\u00f3 v\u00e1laszt\u00e1s azok sz\u00e1m\u00e1ra, akik lecser\u00e9lik vagy friss\u00edtik megl\u00e9v\u0151 kijelz\u0151j\u00fcket a jobb vizu\u00e1lis \u00e9lm\u00e9ny \u00e9rdek\u00e9ben.<\/p>\n","protected":false},"excerpt":{"rendered":"<p>Friss\u00edtse HP OMEN 17-ck sorozat\u00fa laptopj\u00e1t egy \u00faj, 17,3&#8243;-es FHD IPS LCD-k\u00e9perny\u0151vel. Ez a matt kijelz\u0151 leny\u0171g\u00f6z\u0151, 144 Hz-es friss\u00edt\u00e9si gyakoris\u00e1got k\u00edn\u00e1l a sima k\u00e9pmin\u0151s\u00e9g \u00e9rdek\u00e9ben, \u00e9s 40 t\u0171s eDP-csatlakoz\u00f3val rendelkezik. A k\u00e9toldalas ragaszt\u00f3cs\u00edkok a k\u00f6nny\u0171 telep\u00edt\u00e9s \u00e9rdek\u00e9ben. 17-ck2000.<\/p>\n<h3><\/h3>\n","protected":false},"featured_media":9911,"template":"","meta":[],"product_brand":[],"product_cat":[72,71],"product_tag":[],"class_list":{"0":"post-9918","1":"product","2":"type-product","3":"status-publish","4":"has-post-thumbnail","6":"product_cat-17-3","7":"product_cat-new-laptop-screens-lcd-panels","9":"first","10":"instock","11":"taxable","12":"shipping-taxable","13":"purchasable","14":"product-type-simple"},"_links":{"self":[{"href":"https:\/\/boreait.com\/hu\/wp-json\/wp\/v2\/product\/9918","targetHints":{"allow":["GET"]}}],"collection":[{"href":"https:\/\/boreait.com\/hu\/wp-json\/wp\/v2\/product"}],"about":[{"href":"https:\/\/boreait.com\/hu\/wp-json\/wp\/v2\/types\/product"}],"wp:featuredmedia":[{"embeddable":true,"href":"https:\/\/boreait.com\/hu\/wp-json\/wp\/v2\/media\/9911"}],"wp:attachment":[{"href":"https:\/\/boreait.com\/hu\/wp-json\/wp\/v2\/media?parent=9918"}],"wp:term":[{"taxonomy":"product_brand","embeddable":true,"href":"https:\/\/boreait.com\/hu\/wp-json\/wp\/v2\/product_brand?post=9918"},{"taxonomy":"product_cat","embeddable":true,"href":"https:\/\/boreait.com\/hu\/wp-json\/wp\/v2\/product_cat?post=9918"},{"taxonomy":"product_tag","embeddable":true,"href":"https:\/\/boreait.com\/hu\/wp-json\/wp\/v2\/product_tag?post=9918"}],"curies":[{"name":"wp","href":"https:\/\/api.w.org\/{rel}","templated":true}]}}