{"id":9917,"date":"2025-09-17T12:45:26","date_gmt":"2025-09-17T10:45:26","guid":{"rendered":"https:\/\/boreait.com\/hu\/?post_type=product&#038;p=9917"},"modified":"2025-09-17T12:45:32","modified_gmt":"2025-09-17T10:45:32","slug":"173-huvelykes-lcd-kepernyo-hp-m11449-001-m13595-001-fhd-ips-144-hz-matt-40-tus-uj","status":"publish","type":"product","link":"https:\/\/boreait.com\/hu\/termek\/173-huvelykes-lcd-kepernyo-hp-m11449-001-m13595-001-fhd-ips-144-hz-matt-40-tus-uj\/","title":{"rendered":"17,3 h\u00fcvelykes LCD k\u00e9perny\u0151 HP M11449-001 M13595-001 FHD IPS 144 Hz matt 40 t\u0171s \u00faj"},"content":{"rendered":"<p><strong>T\u00e9nyleges LCD-k\u00e9perny\u0151s modell: Val\u00f3s LCD-k\u00e9perny\u0151s modell: N173HCE-G33 REV C1 \/ NV173FHM-NY2 v8.1 \u2013 TELJESEN KOMPATIBILIS A HP M11449-001 M13595-001-EL<\/strong><\/p>\n<p>A HP M11449-001 M13595-001 LCD-k\u00e9perny\u0151t \u00fagy tervezt\u00e9k, hogy jav\u00edtsa laptopja vizu\u00e1lis \u00e9lm\u00e9ny\u00e9t. A 17,3 h\u00fcvelykes matt kijelz\u0151vel rendelkez\u0151 k\u00e9perny\u0151 Full HD (1920&#215;1080) felbont\u00e1st k\u00edn\u00e1l, amely \u00e9les \u00e9s \u00e9l\u00e9nk k\u00e9peket biztos\u00edt. Az IPS technol\u00f3gi\u00e1nak k\u00f6sz\u00f6nhet\u0151en sz\u00e9les betekint\u00e9si sz\u00f6geket \u00e9s \u00e9leth\u0171 sz\u00edneket \u00e9lvezhet, \u00edgy professzion\u00e1lis munk\u00e1hoz \u00e9s sz\u00f3rakoz\u00e1shoz egyar\u00e1nt t\u00f6k\u00e9letes.<\/p>\n<p>Ennek az LCD-k\u00e9perny\u0151nek az egyik kiemelked\u0151 tulajdons\u00e1ga a 144 Hz-es friss\u00edt\u00e9si gyakoris\u00e1g, amely egyenletes \u00e9s g\u00f6rd\u00fcl\u00e9keny l\u00e1tv\u00e1nyt biztos\u00edt, k\u00fcl\u00f6n\u00f6sen gyors temp\u00f3j\u00fa j\u00e1t\u00e9k vagy videolej\u00e1tsz\u00e1s k\u00f6zben. A k\u00e9perny\u0151 40 t\u0171s eDP csatlakoz\u00f3n kereszt\u00fcl csatlakozik a laptophoz, \u00edgy megb\u00edzhat\u00f3 \u00e9s biztons\u00e1gos kapcsolatot biztos\u00edt. B\u00e1r nem tartalmaz fels\u0151 \u00e9s als\u00f3 tart\u00f3t, a csomag k\u00e9toldalas ragaszt\u00f3cs\u00edkokat tartalmaz, \u00edgy a telep\u00edt\u00e9si folyamat egyszer\u0171 \u00e9s biztons\u00e1gos.<\/p>\n<p>A vadonat\u00faj \u00e9s kifog\u00e1stalan \u00e1llapot\u00fa HP M11449-001 M13595-001 kiv\u00e1l\u00f3 v\u00e1laszt\u00e1s azoknak, akik laptopjuk kijelz\u0151j\u00e9t szeretn\u00e9k friss\u00edteni. Legyen sz\u00f3 j\u00e1t\u00e9kosr\u00f3l, kreat\u00edv szakemberr\u0151l vagy egyszer\u0171en csak olyan valakir\u0151l, aki \u00e9rt\u00e9keli a kiv\u00e1l\u00f3 min\u0151s\u00e9g\u0171 l\u00e1tv\u00e1nyt, ezt a k\u00e9perny\u0151t \u00fagy tervezt\u00e9k, hogy kiv\u00e9teles teljes\u00edtm\u00e9nyt \u00e9s kiv\u00e1l\u00f3 megtekint\u00e9si \u00e9lm\u00e9nyt ny\u00fajtson.<\/p>\n","protected":false},"excerpt":{"rendered":"<p>Friss\u00edtse laptopj\u00e1t a HP M11449-001 M13595-001 LCD-k\u00e9perny\u0151vel. Ez a 17,3 h\u00fcvelykes matt kijelz\u0151 FHD felbont\u00e1ssal, IPS technol\u00f3gi\u00e1val \u00e9s 144 Hz-es friss\u00edt\u00e9si gyakoris\u00e1ggal rendelkezik. 40 t\u0171s eDP csatlakoz\u00f3n kereszt\u00fcl csatlakozik, \u00e9s k\u00e9toldalas ragaszt\u00f3cs\u00edkokkal sz\u00e1ll\u00edtjuk az egyszer\u0171 telep\u00edt\u00e9s \u00e9rdek\u00e9ben. Ez a vadonat\u00faj k\u00e9perny\u0151 kiv\u00e9teles l\u00e1tv\u00e1nyt ny\u00fajt a j\u00e1t\u00e9kokhoz \u00e9s a multim\u00e9di\u00e1hoz.<\/p>\n<h3><\/h3>\n","protected":false},"featured_media":9911,"template":"","meta":[],"product_brand":[],"product_cat":[72,71],"product_tag":[],"class_list":{"0":"post-9917","1":"product","2":"type-product","3":"status-publish","4":"has-post-thumbnail","6":"product_cat-17-3","7":"product_cat-new-laptop-screens-lcd-panels","9":"first","10":"instock","11":"taxable","12":"shipping-taxable","13":"purchasable","14":"product-type-simple"},"_links":{"self":[{"href":"https:\/\/boreait.com\/hu\/wp-json\/wp\/v2\/product\/9917","targetHints":{"allow":["GET"]}}],"collection":[{"href":"https:\/\/boreait.com\/hu\/wp-json\/wp\/v2\/product"}],"about":[{"href":"https:\/\/boreait.com\/hu\/wp-json\/wp\/v2\/types\/product"}],"wp:featuredmedia":[{"embeddable":true,"href":"https:\/\/boreait.com\/hu\/wp-json\/wp\/v2\/media\/9911"}],"wp:attachment":[{"href":"https:\/\/boreait.com\/hu\/wp-json\/wp\/v2\/media?parent=9917"}],"wp:term":[{"taxonomy":"product_brand","embeddable":true,"href":"https:\/\/boreait.com\/hu\/wp-json\/wp\/v2\/product_brand?post=9917"},{"taxonomy":"product_cat","embeddable":true,"href":"https:\/\/boreait.com\/hu\/wp-json\/wp\/v2\/product_cat?post=9917"},{"taxonomy":"product_tag","embeddable":true,"href":"https:\/\/boreait.com\/hu\/wp-json\/wp\/v2\/product_tag?post=9917"}],"curies":[{"name":"wp","href":"https:\/\/api.w.org\/{rel}","templated":true}]}}