{"id":9916,"date":"2025-09-17T12:45:26","date_gmt":"2025-09-17T10:45:26","guid":{"rendered":"https:\/\/boreait.com\/hu\/?post_type=product&#038;p=9916"},"modified":"2025-09-17T12:45:31","modified_gmt":"2025-09-17T10:45:31","slug":"173-lcd-kepernyo-b173han04-9-matt-144hz-fhd-ips-40tus-uj","status":"publish","type":"product","link":"https:\/\/boreait.com\/hu\/termek\/173-lcd-kepernyo-b173han04-9-matt-144hz-fhd-ips-40tus-uj\/","title":{"rendered":"17,3&#8243; LCD k\u00e9perny\u0151 B173HAN04.9 matt 144Hz FHD IPS 40t\u0171s \u00faj"},"content":{"rendered":"<p><strong>T\u00e9nyleges LCD-k\u00e9perny\u0151s modell: Val\u00f3s LCD-k\u00e9perny\u0151s modell: N173HCE-G33 REV C1 \/ NV173FHM-NY2 v8.1 \u2013 TELJESEN KOMPATIBILIS A B173HAN04.9-VEL<\/strong><\/p>\n<p>A B173HAN04.9 egy pr\u00e9mium 17,3 h\u00fcvelykes LCD-k\u00e9perny\u0151, amelyet laptopja vizu\u00e1lis teljes\u00edtm\u00e9ny\u00e9nek jav\u00edt\u00e1s\u00e1ra terveztek. Ez a matt fel\u00fclet\u0171 k\u00e9perny\u0151 cs\u00f6kkenti a t\u00fckr\u00f6z\u0151d\u00e9st, \u00e9s k\u00e9nyelmes megtekint\u00e9si \u00e9lm\u00e9nyt biztos\u00edt, ak\u00e1r j\u00e1tszik, dolgozik, ak\u00e1r filmeket n\u00e9z. A Full HD (1920&#215;1080) felbont\u00e1s az IPS technol\u00f3gi\u00e1val kombin\u00e1lva \u00e9l\u00e9nk sz\u00edneket \u00e9s sz\u00e9les betekint\u00e9si sz\u00f6geket biztos\u00edt, \u00edgy minden k\u00e9p \u00e9les \u00e9s tiszta.<\/p>\n<p>A k\u00e9perny\u0151 egyik kiemelked\u0151 tulajdons\u00e1ga a 144 Hz-es friss\u00edt\u00e9si frekvencia, amely rendk\u00edv\u00fcl sima mozg\u00e1st biztos\u00edt, \u00e9s t\u00f6k\u00e9letes j\u00e1t\u00e9khoz vagy b\u00e1rmilyen nagy sebess\u00e9g\u0171 alkalmaz\u00e1shoz. A k\u00e9perny\u0151 k\u00f6nnyen csatlakoztathat\u00f3 egy 40 t\u0171s eDP csatlakoz\u00f3n kereszt\u00fcl, \u00e9s b\u00e1r nem tartalmaz fels\u0151 \u00e9s als\u00f3 konzolt, k\u00e9toldalas ragaszt\u00f3cs\u00edkokkal rendelkezik a biztons\u00e1gos telep\u00edt\u00e9s \u00e9rdek\u00e9ben, \u00edgy t\u00f6k\u00e9letes illeszked\u00e9st biztos\u00edt laptopj\u00e1hoz.<\/p>\n<p>A vadonat\u00faj \u00e9s kiv\u00e1l\u00f3 \u00e1llapotban l\u00e9v\u0151 B173HAN04.9 ide\u00e1lis friss\u00edt\u00e9s mindazok sz\u00e1m\u00e1ra, akik laptopjuk kijelz\u0151j\u00e9t szeretn\u00e9k kiv\u00e1l\u00f3 min\u0151s\u00e9g\u0171 k\u00e9ppel \u00e9s folyamatos teljes\u00edtm\u00e9nnyel feljav\u00edtani. Ak\u00e1r j\u00e1t\u00e9kos, ak\u00e1r profi, ak\u00e1r h\u00e9tk\u00f6znapi felhaszn\u00e1l\u00f3, ezt az LCD-k\u00e9perny\u0151t \u00fagy tervezt\u00e9k, hogy megfeleljen az \u00d6n ig\u00e9nyeinek, cs\u00facsteljes\u00edtm\u00e9nye \u00e9s megb\u00edzhat\u00f3s\u00e1ga mellett.<\/p>\n","protected":false},"excerpt":{"rendered":"<p>B\u0151v\u00edtse laptopja kijelz\u0151j\u00e9t a B173HAN04.9 LCD k\u00e9perny\u0151vel. Ez a 17,3 h\u00fcvelykes matt k\u00e9perny\u0151 leny\u0171g\u00f6z\u0151 FHD felbont\u00e1st k\u00edn\u00e1l IPS technol\u00f3gi\u00e1val \u00e9s egyenletes, 144 Hz-es friss\u00edt\u00e9si gyakoris\u00e1ggal. A 40 t\u0171s eDP csatlakoz\u00f3val \u00e9s az egyszer\u0171 telep\u00edt\u00e9s \u00e9rdek\u00e9ben k\u00e9toldalas \u00f6ntapad\u00f3 cs\u00edkokkal felszerelt vadonat\u00faj k\u00e9perny\u0151 t\u00f6k\u00e9letes a j\u00e1t\u00e9kosok \u00e9s a profik sz\u00e1m\u00e1ra.<\/p>\n","protected":false},"featured_media":9911,"template":"","meta":[],"product_brand":[],"product_cat":[72,71],"product_tag":[],"class_list":{"0":"post-9916","1":"product","2":"type-product","3":"status-publish","4":"has-post-thumbnail","6":"product_cat-17-3","7":"product_cat-new-laptop-screens-lcd-panels","9":"first","10":"instock","11":"taxable","12":"shipping-taxable","13":"purchasable","14":"product-type-simple"},"_links":{"self":[{"href":"https:\/\/boreait.com\/hu\/wp-json\/wp\/v2\/product\/9916","targetHints":{"allow":["GET"]}}],"collection":[{"href":"https:\/\/boreait.com\/hu\/wp-json\/wp\/v2\/product"}],"about":[{"href":"https:\/\/boreait.com\/hu\/wp-json\/wp\/v2\/types\/product"}],"wp:featuredmedia":[{"embeddable":true,"href":"https:\/\/boreait.com\/hu\/wp-json\/wp\/v2\/media\/9911"}],"wp:attachment":[{"href":"https:\/\/boreait.com\/hu\/wp-json\/wp\/v2\/media?parent=9916"}],"wp:term":[{"taxonomy":"product_brand","embeddable":true,"href":"https:\/\/boreait.com\/hu\/wp-json\/wp\/v2\/product_brand?post=9916"},{"taxonomy":"product_cat","embeddable":true,"href":"https:\/\/boreait.com\/hu\/wp-json\/wp\/v2\/product_cat?post=9916"},{"taxonomy":"product_tag","embeddable":true,"href":"https:\/\/boreait.com\/hu\/wp-json\/wp\/v2\/product_tag?post=9916"}],"curies":[{"name":"wp","href":"https:\/\/api.w.org\/{rel}","templated":true}]}}