{"id":9915,"date":"2025-09-17T12:45:26","date_gmt":"2025-09-17T10:45:26","guid":{"rendered":"https:\/\/boreait.com\/hu\/?post_type=product&#038;p=9915"},"modified":"2025-09-17T12:45:31","modified_gmt":"2025-09-17T10:45:31","slug":"173-huvelykes-lcd-kepernyo-ne173fhm-nz1-matt-fhd-ips-144-hz-40-tus-uj","status":"publish","type":"product","link":"https:\/\/boreait.com\/hu\/termek\/173-huvelykes-lcd-kepernyo-ne173fhm-nz1-matt-fhd-ips-144-hz-40-tus-uj\/","title":{"rendered":"17,3 h\u00fcvelykes LCD k\u00e9perny\u0151 NE173FHM-NZ1 matt FHD IPS 144 Hz 40 t\u0171s \u00daj"},"content":{"rendered":"<p><strong>T\u00e9nyleges LCD-k\u00e9perny\u0151s modell: Val\u00f3s LCD-k\u00e9perny\u0151: N173HCE-G33 REV C1 \/ NV173FHM-NY2 v8.1 \u2013 TELJESEN KOMPATIBILIS AZ NE173FHM-NZ1-VEL<\/strong><\/p>\n<p>Az NE173FHM-NZ1 egy pr\u00e9mium 17,3 h\u00fcvelykes LCD-k\u00e9perny\u0151, amelyet laptopja vizu\u00e1lis teljes\u00edtm\u00e9ny\u00e9nek jav\u00edt\u00e1s\u00e1ra terveztek. Ez a Full HD (1920&#215;1080) felbont\u00e1s\u00fa k\u00e9perny\u0151 \u00e9les \u00e9s r\u00e9szletgazdag l\u00e1tv\u00e1nyt ny\u00fajt, ide\u00e1lis munk\u00e1hoz \u00e9s sz\u00f3rakoz\u00e1shoz egyar\u00e1nt. Az IPS (In-Plane Switching) technol\u00f3gia egyenletes sz\u00ednpontoss\u00e1got \u00e9s sz\u00e9les betekint\u00e9si sz\u00f6get biztos\u00edt, \u00edgy a kijelz\u0151 minden n\u00e9z\u0151pontb\u00f3l \u00e9l\u00e9nk lesz.<\/p>\n<p>Ez a k\u00e9perny\u0151 leny\u0171g\u00f6z\u0151, 144 Hz-es friss\u00edt\u00e9si gyakoris\u00e1ggal is b\u00fcszk\u00e9lkedhet, egyenletes \u00e9s g\u00f6rd\u00fcl\u00e9keny mozg\u00e1st biztos\u00edt, \u00edgy t\u00f6k\u00e9letes j\u00e1t\u00e9khoz, vide\u00f3szerkeszt\u00e9shez \u00e9s egy\u00e9b nagy teljes\u00edtm\u00e9ny\u0171 feladatokhoz. A matt fel\u00fclet cs\u00f6kkenti a t\u00fckr\u00f6z\u0151d\u00e9st, \u00edgy m\u00e9g vil\u00e1gos k\u00f6rnyezetben is k\u00e9nyelmesen dolgozhat.<\/p>\n<p>Az NE173FHM-NZ1 40 t\u0171s eDP-csatlakoz\u00f3val rendelkezik a z\u00f6kken\u0151mentes kompatibilit\u00e1s \u00e9rdek\u00e9ben laptopj\u00e1val. B\u00e1r nem tartozik hozz\u00e1 fels\u0151 \u00e9s als\u00f3 konzol, k\u00e9toldalas ragaszt\u00f3cs\u00edkokat tartalmaz a biztons\u00e1gos \u00e9s egyszer\u0171 telep\u00edt\u00e9s \u00e9rdek\u00e9ben.<\/p>\n<p>T\u00f6k\u00e9letes \u00e1llapot\u00fa, vadonat\u00faj LCD-k\u00e9perny\u0151 kiv\u00e1l\u00f3 v\u00e1laszt\u00e1s azok sz\u00e1m\u00e1ra, akik friss\u00edteni vagy cser\u00e9lni szeretn\u00e9k jelenlegi kijelz\u0151j\u00fcket. Ak\u00e1r j\u00e1t\u00e9kos, ak\u00e1r kreat\u00edv szakember, ak\u00e1r valaki, aki \u00e9rt\u00e9keli a kiv\u00e1l\u00f3 min\u0151s\u00e9g\u0171 l\u00e1tv\u00e1nyt, az NE173FHM-NZ1 kiv\u00e9teles megtekint\u00e9si \u00e9lm\u00e9nyt ny\u00fajt.<\/p>\n","protected":false},"excerpt":{"rendered":"<p>Emelje fel laptopja kijelz\u0151j\u00e9t az NE173FHM-NZ1 17,3 h\u00fcvelykes matt LCD-k\u00e9perny\u0151vel. Leny\u0171g\u00f6z\u0151 FHD felbont\u00e1s\u00fa, IPS technol\u00f3gi\u00e1val \u00e9s 144 Hz-es friss\u00edt\u00e9si gyakoris\u00e1ggal rendelkez\u0151 k\u00e9perny\u0151 \u00e9l\u00e9nk \u00e9s g\u00f6rd\u00fcl\u00e9keny l\u00e1tv\u00e1nyt ny\u00fajt. 40 t\u0171s eDP csatlakoz\u00f3val rendelkezik, \u00e9s k\u00e9toldalas ragaszt\u00f3cs\u00edkokat tartalmaz az egyszer\u0171 telep\u00edt\u00e9s \u00e9rdek\u00e9ben. A nagy teljes\u00edtm\u00e9ny\u0171 feladatokhoz t\u00f6k\u00e9letes ez a k\u00e9perny\u0151 vadonat\u00faj, \u00e9s k\u00e9szen \u00e1ll a vizu\u00e1lis \u00e9lm\u00e9ny jav\u00edt\u00e1s\u00e1ra.<\/p>\n","protected":false},"featured_media":9911,"template":"","meta":[],"product_brand":[],"product_cat":[72,71],"product_tag":[],"class_list":{"0":"post-9915","1":"product","2":"type-product","3":"status-publish","4":"has-post-thumbnail","6":"product_cat-17-3","7":"product_cat-new-laptop-screens-lcd-panels","9":"first","10":"instock","11":"taxable","12":"shipping-taxable","13":"purchasable","14":"product-type-simple"},"_links":{"self":[{"href":"https:\/\/boreait.com\/hu\/wp-json\/wp\/v2\/product\/9915","targetHints":{"allow":["GET"]}}],"collection":[{"href":"https:\/\/boreait.com\/hu\/wp-json\/wp\/v2\/product"}],"about":[{"href":"https:\/\/boreait.com\/hu\/wp-json\/wp\/v2\/types\/product"}],"wp:featuredmedia":[{"embeddable":true,"href":"https:\/\/boreait.com\/hu\/wp-json\/wp\/v2\/media\/9911"}],"wp:attachment":[{"href":"https:\/\/boreait.com\/hu\/wp-json\/wp\/v2\/media?parent=9915"}],"wp:term":[{"taxonomy":"product_brand","embeddable":true,"href":"https:\/\/boreait.com\/hu\/wp-json\/wp\/v2\/product_brand?post=9915"},{"taxonomy":"product_cat","embeddable":true,"href":"https:\/\/boreait.com\/hu\/wp-json\/wp\/v2\/product_cat?post=9915"},{"taxonomy":"product_tag","embeddable":true,"href":"https:\/\/boreait.com\/hu\/wp-json\/wp\/v2\/product_tag?post=9915"}],"curies":[{"name":"wp","href":"https:\/\/api.w.org\/{rel}","templated":true}]}}