{"id":9914,"date":"2025-09-17T12:45:26","date_gmt":"2025-09-17T10:45:26","guid":{"rendered":"https:\/\/boreait.com\/hu\/?post_type=product&#038;p=9914"},"modified":"2025-09-17T12:45:31","modified_gmt":"2025-09-17T10:45:31","slug":"173-lcd-kepernyo-lq173m1jw04-lq173m1jw05-fhd-ips-144hz-matt-uj","status":"publish","type":"product","link":"https:\/\/boreait.com\/hu\/termek\/173-lcd-kepernyo-lq173m1jw04-lq173m1jw05-fhd-ips-144hz-matt-uj\/","title":{"rendered":"17,3&#8243; LCD k\u00e9perny\u0151 LQ173M1JW04 LQ173M1JW05 FHD IPS 144Hz matt \u00faj"},"content":{"rendered":"<p><strong>T\u00e9nyleges LCD-k\u00e9perny\u0151s modell: Val\u00f3s LCD-kijelz\u0151 modell: N173HCE-G33 REV C1 \/ NV173FHM-NY2 v8.1 \u2013 TELJESEN KOMPATIBILIS AZ LQ173M1JW04 LQ173M1JW05-VEL<\/strong><\/p>\n<p>Az LQ173M1JW04 \u00e9s az LQ173M1JW05 pr\u00e9mium 17,3 h\u00fcvelykes LCD-k\u00e9perny\u0151k, amelyek kiv\u00e9teles megtekint\u00e9si \u00e9lm\u00e9nyt ny\u00fajtanak laptopja sz\u00e1m\u00e1ra. Ezek a k\u00e9perny\u0151k Full HD felbont\u00e1ssal (1920&#215;1080) \u00e9les \u00e9s r\u00e9szletgazdag k\u00e9peket biztos\u00edtanak, \u00edgy t\u00f6k\u00e9letesek j\u00e1t\u00e9khoz, filmn\u00e9z\u00e9shez vagy r\u00e9szletes feladatok elv\u00e9gz\u00e9s\u00e9hez. Az IPS technol\u00f3gia \u00e9l\u00e9nk sz\u00edneket \u00e9s sz\u00e9les betekint\u00e9si sz\u00f6geket biztos\u00edt, \u00edgy a k\u00e9perny\u0151 b\u00e1rmilyen poz\u00edci\u00f3b\u00f3l k\u00f6nnyen megtekinthet\u0151.<\/p>\n<p>Magas, 144 Hz-es friss\u00edt\u00e9si gyakoris\u00e1ggal ezek a k\u00e9perny\u0151k sima \u00e9s g\u00f6rd\u00fcl\u00e9keny l\u00e1tv\u00e1nyt ny\u00fajtanak, jelent\u0151sen jav\u00edtva a j\u00e1t\u00e9k\u00e9lm\u00e9nyt \u00e9s a multim\u00e9di\u00e1s \u00e9lm\u00e9nyt. A matt fel\u00fclet cs\u00f6kkenti a t\u00fckr\u00f6z\u0151d\u00e9st, \u00edgy k\u00e9nyelmesen haszn\u00e1lhatja laptopj\u00e1t k\u00fcl\u00f6nf\u00e9le f\u00e9nyviszonyok k\u00f6z\u00f6tt.<\/p>\n<p>A k\u00e9perny\u0151k 40 t\u0171s eDP-csatlakoz\u00f3val vannak felszerelve a biztons\u00e1gos \u00e9s egyszer\u0171 telep\u00edt\u00e9s \u00e9rdek\u00e9ben. B\u00e1r fels\u0151 \u00e9s als\u00f3 tart\u00f3val nem sz\u00e1ll\u00edtj\u00e1k \u0151ket, k\u00e9toldalas ragaszt\u00f3cs\u00edkokat tartalmaznak, \u00edgy a telep\u00edt\u00e9si folyamat egyszer\u0171 \u00e9s probl\u00e9mamentes.<\/p>\n<p>A vadonat\u00faj \u00e9s kifog\u00e1stalan \u00e1llapot\u00fa LQ173M1JW04 \u00e9s LQ173M1JW05 kiv\u00e1l\u00f3 v\u00e1laszt\u00e1s mindazok sz\u00e1m\u00e1ra, akik laptopjuk kijelz\u0151j\u00e9t szeretn\u00e9k friss\u00edteni, hogy jobb l\u00e1tv\u00e1nyt, gyorsabb friss\u00edt\u00e9si gyakoris\u00e1got \u00e9s jobb sz\u00ednpontoss\u00e1got \u00e9lvezhessenek. Legyen sz\u00f3 j\u00e1t\u00e9kosr\u00f3l, professzion\u00e1lis vagy alkalmi felhaszn\u00e1l\u00f3r\u00f3l, ezeket a k\u00e9perny\u0151ket \u00fagy tervezt\u00e9k, hogy megfeleljenek az \u00d6n nagy teljes\u00edtm\u00e9ny\u0171 ig\u00e9nyeinek.<\/p>\n","protected":false},"excerpt":{"rendered":"<p>Friss\u00edtse laptopja kijelz\u0151j\u00e9t az LQ173M1JW04 vagy LQ173M1JW05 LCD k\u00e9perny\u0151vel. Ez a 17,3 h\u00fcvelykes matt k\u00e9perny\u0151 40 t\u0171s eDP-csatlakoz\u00f3val, Full HD felbont\u00e1ssal \u00e9s IPS technol\u00f3gi\u00e1val rendelkezik az \u00e9l\u00e9nk sz\u00ednek \u00e9s a sz\u00e9les betekint\u00e9si sz\u00f6gek \u00e9rdek\u00e9ben. 144 Hz-es friss\u00edt\u00e9si frekvenci\u00e1j\u00e1val z\u00f6kken\u0151mentes l\u00e1tv\u00e1nyt biztos\u00edt a j\u00e1t\u00e9kokhoz \u00e9s a multim\u00e9di\u00e1hoz. Tartalmazza a k\u00e9toldalas ragaszt\u00f3cs\u00edkokat az egyszer\u0171 telep\u00edt\u00e9s \u00e9rdek\u00e9ben. Vadonat \u00faj \u00e1llapot\u00fa.<\/p>\n","protected":false},"featured_media":9911,"template":"","meta":[],"product_brand":[],"product_cat":[72,71],"product_tag":[],"class_list":{"0":"post-9914","1":"product","2":"type-product","3":"status-publish","4":"has-post-thumbnail","6":"product_cat-17-3","7":"product_cat-new-laptop-screens-lcd-panels","9":"first","10":"instock","11":"taxable","12":"shipping-taxable","13":"purchasable","14":"product-type-simple"},"_links":{"self":[{"href":"https:\/\/boreait.com\/hu\/wp-json\/wp\/v2\/product\/9914","targetHints":{"allow":["GET"]}}],"collection":[{"href":"https:\/\/boreait.com\/hu\/wp-json\/wp\/v2\/product"}],"about":[{"href":"https:\/\/boreait.com\/hu\/wp-json\/wp\/v2\/types\/product"}],"wp:featuredmedia":[{"embeddable":true,"href":"https:\/\/boreait.com\/hu\/wp-json\/wp\/v2\/media\/9911"}],"wp:attachment":[{"href":"https:\/\/boreait.com\/hu\/wp-json\/wp\/v2\/media?parent=9914"}],"wp:term":[{"taxonomy":"product_brand","embeddable":true,"href":"https:\/\/boreait.com\/hu\/wp-json\/wp\/v2\/product_brand?post=9914"},{"taxonomy":"product_cat","embeddable":true,"href":"https:\/\/boreait.com\/hu\/wp-json\/wp\/v2\/product_cat?post=9914"},{"taxonomy":"product_tag","embeddable":true,"href":"https:\/\/boreait.com\/hu\/wp-json\/wp\/v2\/product_tag?post=9914"}],"curies":[{"name":"wp","href":"https:\/\/api.w.org\/{rel}","templated":true}]}}