{"id":9913,"date":"2025-09-17T12:45:25","date_gmt":"2025-09-17T10:45:25","guid":{"rendered":"https:\/\/boreait.com\/hu\/?post_type=product&#038;p=9913"},"modified":"2025-09-17T12:45:31","modified_gmt":"2025-09-17T10:45:31","slug":"173-huvelykes-lcd-kepernyo-lp173wfg-spv2-spv3-fhd-ips-144hz-matt-40-tus-uj","status":"publish","type":"product","link":"https:\/\/boreait.com\/hu\/termek\/173-huvelykes-lcd-kepernyo-lp173wfg-spv2-spv3-fhd-ips-144hz-matt-40-tus-uj\/","title":{"rendered":"17,3 h\u00fcvelykes LCD k\u00e9perny\u0151 LP173WFG-SPV2\/SPV3 FHD IPS 144Hz matt 40 t\u0171s \u00daj"},"content":{"rendered":"<p><strong>T\u00e9nyleges LCD-k\u00e9perny\u0151s modell: Val\u00f3s LCD-k\u00e9perny\u0151s modell: N173HCE-G33 REV C1 \/ NV173FHM-NY2 v8.1 \u2013 TELJESEN KOMPATIBILIS AZ LP173WFG-SPV2 SPV3-mal<\/strong><\/p>\n<p>Az LP173WFG-SPV2\/SPV3 egy pr\u00e9mium 17,3 h\u00fcvelykes LCD-k\u00e9perny\u0151, amelyet arra terveztek, hogy n\u00f6velje laptopja megjelen\u00edt\u00e9si k\u00e9pess\u00e9geit, k\u00fcl\u00f6n\u00f6sen a j\u00e1t\u00e9kokhoz \u00e9s a professzion\u00e1lis haszn\u00e1latra. Ez a k\u00e9perny\u0151 matt fel\u00fclettel rendelkezik, amely cs\u00f6kkenti a t\u00fckr\u00f6z\u0151d\u00e9st \u00e9s a t\u00fckr\u00f6z\u0151d\u00e9st, \u00edgy m\u00e9g vil\u00e1gos k\u00f6rnyezetben is k\u00e9nyelmes megtekint\u00e9si \u00e9lm\u00e9nyt biztos\u00edt. A Full HD felbont\u00e1ssal (1920&#215;1080) \u00e9les \u00e9s r\u00e9szletgazdag l\u00e1tv\u00e1nyt \u00e9lvezhet, m\u00edg az IPS technol\u00f3gia \u00e9l\u00e9nk sz\u00edneket \u00e9s sz\u00e9les betekint\u00e9si sz\u00f6geket biztos\u00edt, \u00edgy a j\u00e1t\u00e9kt\u00f3l a kreat\u00edv munk\u00e1ig mindenhez ide\u00e1lis.<\/p>\n<p>A k\u00e9perny\u0151 egyik kiemelked\u0151 tulajdons\u00e1ga a 144 Hz-es friss\u00edt\u00e9si frekvencia, amely rendk\u00edv\u00fcl sima mozg\u00e1st biztos\u00edt, \u00e9s cs\u00f6kkenti az elmos\u00f3d\u00e1st, \u00edgy t\u00f6k\u00e9letes a gyors temp\u00f3j\u00fa j\u00e1t\u00e9kokhoz vagy vide\u00f3szerkeszt\u00e9shez. A k\u00e9perny\u0151 k\u00f6nnyen csatlakoztathat\u00f3 egy 40 t\u0171s eDP-csatlakoz\u00f3n kereszt\u00fcl, \u00edgy a laptopok sz\u00e9les v\u00e1laszt\u00e9k\u00e1val kompatibilis. B\u00e1r ez a modell nem tartalmaz fels\u0151 \u00e9s als\u00f3 tart\u00f3t, k\u00e9toldalas ragaszt\u00f3cs\u00edkokkal rendelkezik a biztons\u00e1gos \u00e9s egyszer\u0171 felszerel\u00e9s \u00e9rdek\u00e9ben.<\/p>\n<p>A vadonat\u00faj \u00e9s kifog\u00e1stalan \u00e1llapot\u00fa LP173WFG-SPV2\/SPV3 kiv\u00e1l\u00f3 v\u00e1laszt\u00e1s mindazok sz\u00e1m\u00e1ra, akik fejleszteni szeretn\u00e9k laptopjuk kijelz\u0151j\u00e9t. Legyen sz\u00f3 j\u00e1t\u00e9kosr\u00f3l, kreat\u00edv szakemberr\u0151l vagy csak olyan valakir\u0151l, aki \u00e9rt\u00e9keli a kiv\u00e1l\u00f3 min\u0151s\u00e9g\u0171 l\u00e1tv\u00e1nyt, ez a k\u00e9perny\u0151 a sz\u00fcks\u00e9ges teljes\u00edtm\u00e9nyt \u00e9s megb\u00edzhat\u00f3s\u00e1got k\u00edn\u00e1lja.<\/p>\n","protected":false},"excerpt":{"rendered":"<p>Friss\u00edtse j\u00e1t\u00e9k- vagy munka\u00e9lm\u00e9ny\u00e9t az LP173WFG-SPV2\/SPV3 LCD-k\u00e9perny\u0151vel. Ez a 17,3 h\u00fcvelykes matt kijelz\u0151 Full HD felbont\u00e1st \u00e9s 144 Hz-es friss\u00edt\u00e9si frekvenci\u00e1t k\u00edn\u00e1l a sima k\u00e9pmin\u0151s\u00e9g \u00e9rdek\u00e9ben. Az IPS technol\u00f3gi\u00e1nak k\u00f6sz\u00f6nhet\u0151en \u00e9l\u00e9nk sz\u00edneket \u00e9s sz\u00e9les betekint\u00e9si sz\u00f6geket biztos\u00edt. A 40 t\u0171s eDP-csatlakoz\u00f3 egyszer\u0171 telep\u00edt\u00e9st tesz lehet\u0151v\u00e9, \u00e9s k\u00e9toldalas ragaszt\u00f3cs\u00edkokat is mell\u00e9kelnek hozz\u00e1. Teljesen \u00faj, \u00e9s k\u00e9szen \u00e1ll a laptop fejleszt\u00e9s\u00e9re.<\/p>\n","protected":false},"featured_media":9911,"template":"","meta":[],"product_brand":[],"product_cat":[72,71],"product_tag":[],"class_list":{"0":"post-9913","1":"product","2":"type-product","3":"status-publish","4":"has-post-thumbnail","6":"product_cat-17-3","7":"product_cat-new-laptop-screens-lcd-panels","9":"first","10":"instock","11":"taxable","12":"shipping-taxable","13":"purchasable","14":"product-type-simple"},"_links":{"self":[{"href":"https:\/\/boreait.com\/hu\/wp-json\/wp\/v2\/product\/9913","targetHints":{"allow":["GET"]}}],"collection":[{"href":"https:\/\/boreait.com\/hu\/wp-json\/wp\/v2\/product"}],"about":[{"href":"https:\/\/boreait.com\/hu\/wp-json\/wp\/v2\/types\/product"}],"wp:featuredmedia":[{"embeddable":true,"href":"https:\/\/boreait.com\/hu\/wp-json\/wp\/v2\/media\/9911"}],"wp:attachment":[{"href":"https:\/\/boreait.com\/hu\/wp-json\/wp\/v2\/media?parent=9913"}],"wp:term":[{"taxonomy":"product_brand","embeddable":true,"href":"https:\/\/boreait.com\/hu\/wp-json\/wp\/v2\/product_brand?post=9913"},{"taxonomy":"product_cat","embeddable":true,"href":"https:\/\/boreait.com\/hu\/wp-json\/wp\/v2\/product_cat?post=9913"},{"taxonomy":"product_tag","embeddable":true,"href":"https:\/\/boreait.com\/hu\/wp-json\/wp\/v2\/product_tag?post=9913"}],"curies":[{"name":"wp","href":"https:\/\/api.w.org\/{rel}","templated":true}]}}