{"id":9906,"date":"2025-09-17T12:45:05","date_gmt":"2025-09-17T10:45:05","guid":{"rendered":"https:\/\/boreait.com\/hu\/?post_type=product&#038;p=9906"},"modified":"2025-09-17T12:45:24","modified_gmt":"2025-09-17T10:45:24","slug":"173-huvelykes-lcd-kepernyo-n173hce-e31-fhd-ips-144hz-40-pin-matt-uj","status":"publish","type":"product","link":"https:\/\/boreait.com\/hu\/termek\/173-huvelykes-lcd-kepernyo-n173hce-e31-fhd-ips-144hz-40-pin-matt-uj\/","title":{"rendered":"17,3 h\u00fcvelykes LCD k\u00e9perny\u0151 N173HCE-E31 FHD IPS 144Hz 40 Pin matt \u00daj"},"content":{"rendered":"<p><strong>T\u00e9nyleges LCD-k\u00e9perny\u0151s modell: N173HCE-G33 REV C1 \/ NV173FHM-NY2 v8.1 \u2013 TELJESEN KOMPATIBILIS AZ N173HCE-E31 E3A E3B E3C E41 G32 G3A G3C GA1 GA2-vel<\/strong><\/p>\n<p>Az N173HCE-E31 LCD-k\u00e9perny\u0151 a legjobb v\u00e1laszt\u00e1s laptopja megjelen\u00edt\u00e9si k\u00e9pess\u00e9geinek fejleszt\u00e9s\u00e9hez. A nagy, 17,3 h\u00fcvelykes matt k\u00e9perny\u0151vel ez a panel Full HD (1920&#215;1080) felbont\u00e1st k\u00edn\u00e1l, \u00e9les \u00e9s \u00e9l\u00e9nk l\u00e1tv\u00e1nyt ny\u00fajtva. Az IPS technol\u00f3gia sz\u00e9les l\u00e1t\u00f3sz\u00f6get \u00e9s pontos sz\u00ednvisszaad\u00e1st biztos\u00edt, \u00edgy ide\u00e1lis kreat\u00edv munk\u00e1hoz, j\u00e1t\u00e9khoz \u00e9s multim\u00e9di\u00e1s fogyaszt\u00e1shoz.<\/p>\n<p>Ezt a k\u00e9perny\u0151t leny\u0171g\u00f6z\u0151, 144 Hz-es friss\u00edt\u00e9si gyakoris\u00e1ga k\u00fcl\u00f6nb\u00f6zteti meg egym\u00e1st\u00f3l, amely rendk\u00edv\u00fcl sima mozg\u00e1st biztos\u00edt, t\u00f6k\u00e9letes j\u00e1t\u00e9khoz vagy b\u00e1rmilyen nagy sebess\u00e9g\u0171 vizu\u00e1lis tartalomhoz. A 40 t\u0171s eDP-csatlakoz\u00f3 k\u00f6nny\u0171 kompatibilit\u00e1st biztos\u00edt laptopok sz\u00e9les v\u00e1laszt\u00e9k\u00e1val. M\u00e1s k\u00e9perny\u0151kkel ellent\u00e9tben ez a modell nem ig\u00e9nyel fels\u0151 \u00e9s als\u00f3 konzolt a telep\u00edt\u00e9shez, hanem k\u00e9toldalas ragaszt\u00f3cs\u00edkokkal \u00e9rkezik, \u00edgy biztos\u00edtva a biztons\u00e1gos \u00e9s probl\u00e9mamentes be\u00e1ll\u00edt\u00e1st.<\/p>\n<p>A vadonat\u00faj \u00e9s kifog\u00e1stalan \u00e1llapot\u00fa N173HCE-E31 kiv\u00e1l\u00f3 friss\u00edt\u00e9s mindazok sz\u00e1m\u00e1ra, akik laptopjuk kijelz\u0151j\u00e9t szeretn\u00e9k jav\u00edtani. Legyen sz\u00f3 j\u00e1t\u00e9kosr\u00f3l, tervez\u0151r\u0151l vagy egyszer\u0171en csak olyan szem\u00e9lyr\u0151l, aki \u00e9rt\u00e9keli a kiv\u00e1l\u00f3 min\u0151s\u00e9g\u0171 l\u00e1tv\u00e1nyt, ez a k\u00e9perny\u0151 a sz\u00fcks\u00e9ges teljes\u00edtm\u00e9nyt \u00e9s megb\u00edzhat\u00f3s\u00e1got k\u00edn\u00e1lja.<\/p>\n","protected":false},"excerpt":{"rendered":"<p>Emelje fel laptopja kijelz\u0151j\u00e9t az N173HCE-E31 LCD k\u00e9perny\u0151vel. Ez a 17,3 h\u00fcvelykes matt kijelz\u0151 Full HD felbont\u00e1ssal, IPS technol\u00f3gi\u00e1val \u00e9s 144 Hz-es friss\u00edt\u00e9si frekvenci\u00e1val rendelkezik a sima l\u00e1tv\u00e1ny \u00e9rdek\u00e9ben. A 40 t\u0171s eDP csatlakoz\u00f3val \u00e9s a biztons\u00e1gos telep\u00edt\u00e9st biztos\u00edt\u00f3 k\u00e9toldalas ragaszt\u00f3cs\u00edkokkal ez a vadonat\u00faj k\u00e9perny\u0151 t\u00f6k\u00e9letes a nagy teljes\u00edtm\u00e9ny\u0171 sz\u00e1m\u00edt\u00e1stechnik\u00e1hoz.<\/p>\n","protected":false},"featured_media":9911,"template":"","meta":[],"product_brand":[],"product_cat":[72,71],"product_tag":[],"class_list":{"0":"post-9906","1":"product","2":"type-product","3":"status-publish","4":"has-post-thumbnail","6":"product_cat-17-3","7":"product_cat-new-laptop-screens-lcd-panels","9":"first","10":"instock","11":"taxable","12":"shipping-taxable","13":"purchasable","14":"product-type-simple"},"_links":{"self":[{"href":"https:\/\/boreait.com\/hu\/wp-json\/wp\/v2\/product\/9906","targetHints":{"allow":["GET"]}}],"collection":[{"href":"https:\/\/boreait.com\/hu\/wp-json\/wp\/v2\/product"}],"about":[{"href":"https:\/\/boreait.com\/hu\/wp-json\/wp\/v2\/types\/product"}],"wp:featuredmedia":[{"embeddable":true,"href":"https:\/\/boreait.com\/hu\/wp-json\/wp\/v2\/media\/9911"}],"wp:attachment":[{"href":"https:\/\/boreait.com\/hu\/wp-json\/wp\/v2\/media?parent=9906"}],"wp:term":[{"taxonomy":"product_brand","embeddable":true,"href":"https:\/\/boreait.com\/hu\/wp-json\/wp\/v2\/product_brand?post=9906"},{"taxonomy":"product_cat","embeddable":true,"href":"https:\/\/boreait.com\/hu\/wp-json\/wp\/v2\/product_cat?post=9906"},{"taxonomy":"product_tag","embeddable":true,"href":"https:\/\/boreait.com\/hu\/wp-json\/wp\/v2\/product_tag?post=9906"}],"curies":[{"name":"wp","href":"https:\/\/api.w.org\/{rel}","templated":true}]}}