{"id":9905,"date":"2025-09-17T12:45:05","date_gmt":"2025-09-17T10:45:05","guid":{"rendered":"https:\/\/boreait.com\/hu\/?post_type=product&#038;p=9905"},"modified":"2025-09-17T12:45:24","modified_gmt":"2025-09-17T10:45:24","slug":"173-huvelykes-lcd-kepernyo-n173hce-g33-fhd-ips-144hz-40-pin-matt-uj","status":"publish","type":"product","link":"https:\/\/boreait.com\/hu\/termek\/173-huvelykes-lcd-kepernyo-n173hce-g33-fhd-ips-144hz-40-pin-matt-uj\/","title":{"rendered":"17,3 h\u00fcvelykes LCD k\u00e9perny\u0151 N173HCE-G33 FHD IPS 144Hz 40 Pin matt \u00daj"},"content":{"rendered":"<p><strong>T\u00e9nyleges LCD-k\u00e9perny\u0151s modell: N173HCE-G33 REV C1 \/ NV173FHM-NY2 v8.1 <\/strong><\/p>\n<p>Az N173HCE-G33 REV C1 egy pr\u00e9mium 17,3 h\u00fcvelykes LCD-k\u00e9perny\u0151, amelyet laptopja vizu\u00e1lis teljes\u00edtm\u00e9ny\u00e9nek jav\u00edt\u00e1s\u00e1ra terveztek. A Full HD (1920&#215;1080) felbont\u00e1s \u00e9s az IPS technol\u00f3gia r\u00e9v\u00e9n ez a k\u00e9perny\u0151 \u00e9les, \u00e9l\u00e9nk \u00e9s pontos sz\u00edneket biztos\u00edt sz\u00e9les l\u00e1t\u00f3sz\u00f6gb\u0151l. A 144 Hz-es friss\u00edt\u00e9si frekvencia sima mozg\u00e1st biztos\u00edt, \u00edgy kiv\u00e1l\u00f3 v\u00e1laszt\u00e1s a j\u00e1t\u00e9kosok \u00e9s a foly\u00e9kony l\u00e1tv\u00e1nyt ig\u00e9nyl\u0151 szakemberek sz\u00e1m\u00e1ra.<\/p>\n<p>Ez az LCD-k\u00e9perny\u0151 40 t\u0171s eDP-csatlakoz\u00f3val van felszerelve, amely egyszer\u0171 \u00e9s megb\u00edzhat\u00f3 csatlakoz\u00e1st biztos\u00edt laptopj\u00e1hoz. B\u00e1r nem tartalmaz fels\u0151 \u00e9s als\u00f3 konzolt, a csomag k\u00e9toldalas ragaszt\u00f3cs\u00edkokkal rendelkezik, amelyek r\u00f6gz\u00edtik a k\u00e9perny\u0151t, \u00edgy a telep\u00edt\u00e9si folyamat egyszer\u0171 \u00e9s hat\u00e9kony.<\/p>\n<p>A vadonat\u00faj \u00e9s kifog\u00e1stalan \u00e1llapot\u00fa N173HCE-G33 REV C1 t\u00f6k\u00e9letes azok sz\u00e1m\u00e1ra, akik ki szeretn\u00e9k cser\u00e9lni vagy friss\u00edteni laptopjuk kijelz\u0151j\u00e9t. Legyen sz\u00f3 j\u00e1t\u00e9kr\u00f3l, grafikai tervez\u00e9sr\u0151l, vagy egyszer\u0171en csak j\u00f3 min\u0151s\u00e9g\u0171 k\u00e9perny\u0151re van sz\u00fcks\u00e9ge a mindennapi haszn\u00e1lathoz, ez az LCD-panel kiv\u00e9teles megtekint\u00e9si \u00e9lm\u00e9nyt ny\u00fajt fokozott tisztas\u00e1ggal, sz\u00ednekkel \u00e9s \u00e9rz\u00e9kenys\u00e9ggel.<\/p>\n","protected":false},"excerpt":{"rendered":"<p>Friss\u00edtse laptopj\u00e1t az N173HCE-G33 REV C1 LCD k\u00e9perny\u0151vel. Ez a 17,3 h\u00fcvelykes matt kijelz\u0151 FHD felbont\u00e1ssal, IPS technol\u00f3gi\u00e1val \u00e9s 144 Hz-es friss\u00edt\u00e9si gyakoris\u00e1ggal rendelkezik. A 40 t\u0171s eDP csatlakoz\u00f3val \u00e9s a mell\u00e9kelt k\u00e9toldalas ragaszt\u00f3cs\u00edkokkal a telep\u00edt\u00e9s egyszer\u0171 \u00e9s biztons\u00e1gos. Vadonat\u00faj, fels\u0151 \u00e9s als\u00f3 konzolok n\u00e9lk\u00fcl ez a k\u00e9perny\u0151 kiv\u00e1l\u00f3 vizu\u00e1lis \u00e9lm\u00e9nyt ny\u00fajt.<\/p>\n","protected":false},"featured_media":9911,"template":"","meta":[],"product_brand":[],"product_cat":[72,71],"product_tag":[],"class_list":{"0":"post-9905","1":"product","2":"type-product","3":"status-publish","4":"has-post-thumbnail","6":"product_cat-17-3","7":"product_cat-new-laptop-screens-lcd-panels","9":"first","10":"instock","11":"taxable","12":"shipping-taxable","13":"purchasable","14":"product-type-simple"},"_links":{"self":[{"href":"https:\/\/boreait.com\/hu\/wp-json\/wp\/v2\/product\/9905","targetHints":{"allow":["GET"]}}],"collection":[{"href":"https:\/\/boreait.com\/hu\/wp-json\/wp\/v2\/product"}],"about":[{"href":"https:\/\/boreait.com\/hu\/wp-json\/wp\/v2\/types\/product"}],"wp:featuredmedia":[{"embeddable":true,"href":"https:\/\/boreait.com\/hu\/wp-json\/wp\/v2\/media\/9911"}],"wp:attachment":[{"href":"https:\/\/boreait.com\/hu\/wp-json\/wp\/v2\/media?parent=9905"}],"wp:term":[{"taxonomy":"product_brand","embeddable":true,"href":"https:\/\/boreait.com\/hu\/wp-json\/wp\/v2\/product_brand?post=9905"},{"taxonomy":"product_cat","embeddable":true,"href":"https:\/\/boreait.com\/hu\/wp-json\/wp\/v2\/product_cat?post=9905"},{"taxonomy":"product_tag","embeddable":true,"href":"https:\/\/boreait.com\/hu\/wp-json\/wp\/v2\/product_tag?post=9905"}],"curies":[{"name":"wp","href":"https:\/\/api.w.org\/{rel}","templated":true}]}}