{"id":9903,"date":"2025-09-17T12:45:04","date_gmt":"2025-09-17T10:45:04","guid":{"rendered":"https:\/\/boreait.com\/hu\/?post_type=product&#038;p=9903"},"modified":"2025-09-17T12:45:23","modified_gmt":"2025-09-17T10:45:23","slug":"156-huvelykes-lcd-kepernyo-hp-probook-650-g1-g2-450-g2-g3-455-g4-matt-30-tus-uj","status":"publish","type":"product","link":"https:\/\/boreait.com\/hu\/termek\/156-huvelykes-lcd-kepernyo-hp-probook-650-g1-g2-450-g2-g3-455-g4-matt-30-tus-uj\/","title":{"rendered":"15,6 h\u00fcvelykes LCD k\u00e9perny\u0151 HP ProBook 650 G1 G2 450 G2 G3 455 G4 matt 30 t\u0171s \u00faj"},"content":{"rendered":"<p><strong>T\u00e9nyleges modell: N156BGA-EA2 REV C1 vagy B156XTN07.1 \u2013 TELJESEN KOMPATIBILIS A HP ProBook 650 G1 G2 450 G2 G3 455 G4 laptopokkal <\/strong><\/p>\n<p>Vitaliz\u00e1lja HP \u200b\u200bProBookj\u00e1t ezzel a kiv\u00e1l\u00f3 min\u0151s\u00e9g\u0171, 15,6 h\u00fcvelykes LCD-k\u00e9perny\u0151vel, amelyet \u00fagy terveztek, hogy t\u00f6k\u00e9letesen illeszkedjen a 650 G1, G2, 450 G2, G3 \u00e9s 455 G4 modellekhez. A k\u00e9perny\u0151 matt fel\u00fclete minim\u00e1lisra cs\u00f6kkenti a t\u00fckr\u00f6z\u0151d\u00e9st, \u00edgy belt\u00e9ri \u00e9s k\u00fclt\u00e9ri haszn\u00e1latra egyar\u00e1nt ide\u00e1lis, m\u00edg a WXGA felbont\u00e1s (1366&#215;768) \u00e9les \u00e9s \u00e9l\u00e9nk l\u00e1tv\u00e1nyt biztos\u00edt, amely t\u00f6k\u00e9letes munk\u00e1hoz vagy sz\u00f3rakoz\u00e1shoz.<\/p>\n<p>Ez az LCD-k\u00e9perny\u0151 30 t\u0171s eDP-csatlakoz\u00f3val rendelkezik, amely egyszer\u0171 \u00e9s biztons\u00e1gos telep\u00edt\u00e9st tesz lehet\u0151v\u00e9. A fels\u0151 \u00e9s als\u00f3 konzolok tov\u00e1bbi stabilit\u00e1st biztos\u00edtanak, megk\u00f6nny\u00edtve a megl\u00e9v\u0151 k\u00e9perny\u0151 magabiztos cser\u00e9j\u00e9t. B\u00e1r ez egy nem IPS k\u00e9perny\u0151, m\u00e9gis megb\u00edzhat\u00f3 sz\u00ednvisszaad\u00e1st \u00e9s tisztess\u00e9ges betekint\u00e9si sz\u00f6geket biztos\u00edt, amelyek alkalmasak a mindennapi feladatokra.<\/p>\n<p>Ez a vadonat\u00faj \u00e9s kifog\u00e1stalan \u00e1llapot\u00fa LCD-k\u00e9perny\u0151 kiv\u00e1l\u00f3 csere vagy friss\u00edt\u00e9s a HP ProBook-hoz. Legyen sz\u00f3 professzion\u00e1lis, di\u00e1k vagy alkalmi felhaszn\u00e1l\u00f3r\u00f3l, ez a k\u00e9perny\u0151 megb\u00edzhat\u00f3 teljes\u00edtm\u00e9nyt \u00e9s tiszta, k\u00e9nyelmes megtekint\u00e9si \u00e9lm\u00e9nyt k\u00edn\u00e1l, \u00edgy laptopja ism\u00e9t \u00fajnak t\u0171nik.<\/p>\n","protected":false},"excerpt":{"rendered":"<p>Friss\u00edtse HP ProBook-j\u00e1t egy \u00faj, 15,6 h\u00fcvelykes matt LCD-k\u00e9perny\u0151vel, amely kompatibilis a 650 G1, G2, 450 G2, G3 \u00e9s 455 G4 modellekkel. WXGA felbont\u00e1ssal \u00e9s 30 t\u0171s eDP-csatlakoz\u00f3val rendelkezik, ez a nem IPS-k\u00e9perny\u0151 fels\u0151 \u00e9s als\u00f3 tart\u00f3konzollal rendelkezik az egyszer\u0171 telep\u00edt\u00e9s \u00e9rdek\u00e9ben, \u00edgy biztos\u00edtva a tiszta \u00e9s megb\u00edzhat\u00f3 teljes\u00edtm\u00e9nyt.<\/p>\n","protected":false},"featured_media":9890,"template":"","meta":[],"product_brand":[],"product_cat":[81,71],"product_tag":[],"class_list":{"0":"post-9903","1":"product","2":"type-product","3":"status-publish","4":"has-post-thumbnail","6":"product_cat-15-6-new-laptop-screens-lcd-panels","7":"product_cat-new-laptop-screens-lcd-panels","9":"first","10":"instock","11":"taxable","12":"shipping-taxable","13":"purchasable","14":"product-type-simple"},"_links":{"self":[{"href":"https:\/\/boreait.com\/hu\/wp-json\/wp\/v2\/product\/9903","targetHints":{"allow":["GET"]}}],"collection":[{"href":"https:\/\/boreait.com\/hu\/wp-json\/wp\/v2\/product"}],"about":[{"href":"https:\/\/boreait.com\/hu\/wp-json\/wp\/v2\/types\/product"}],"wp:featuredmedia":[{"embeddable":true,"href":"https:\/\/boreait.com\/hu\/wp-json\/wp\/v2\/media\/9890"}],"wp:attachment":[{"href":"https:\/\/boreait.com\/hu\/wp-json\/wp\/v2\/media?parent=9903"}],"wp:term":[{"taxonomy":"product_brand","embeddable":true,"href":"https:\/\/boreait.com\/hu\/wp-json\/wp\/v2\/product_brand?post=9903"},{"taxonomy":"product_cat","embeddable":true,"href":"https:\/\/boreait.com\/hu\/wp-json\/wp\/v2\/product_cat?post=9903"},{"taxonomy":"product_tag","embeddable":true,"href":"https:\/\/boreait.com\/hu\/wp-json\/wp\/v2\/product_tag?post=9903"}],"curies":[{"name":"wp","href":"https:\/\/api.w.org\/{rel}","templated":true}]}}