{"id":9902,"date":"2025-09-17T12:45:04","date_gmt":"2025-09-17T10:45:04","guid":{"rendered":"https:\/\/boreait.com\/hu\/?post_type=product&#038;p=9902"},"modified":"2025-09-17T12:45:22","modified_gmt":"2025-09-17T10:45:22","slug":"156-lcd-kepernyo-hp-250-g4-matt-30-tus-wxga-uj","status":"publish","type":"product","link":"https:\/\/boreait.com\/hu\/termek\/156-lcd-kepernyo-hp-250-g4-matt-30-tus-wxga-uj\/","title":{"rendered":"15,6&#8243; LCD k\u00e9perny\u0151 HP 250 G4 matt 30 t\u0171s WXGA \u00daj"},"content":{"rendered":"<p><strong>T\u00e9nyleges modell: N156BGA-EA2 REV C1 vagy B156XTN07.1 \u2013 TELJESEN KOMPATIBILIS A HP 250 G4 laptoppal<\/strong><\/p>\n<p>Revitaliz\u00e1lja HP \u200b\u200b250 G4 laptopj\u00e1t egy \u00faj, 15,6 h\u00fcvelykes LCD-k\u00e9perny\u0151vel, amelyet optim\u00e1lis teljes\u00edtm\u00e9nyre terveztek. A k\u00e9perny\u0151 matt fel\u00fclete cs\u00f6kkenti a t\u00fckr\u00f6z\u0151d\u00e9st, k\u00e9nyelmes megtekint\u00e9st biztos\u00edtva k\u00fcl\u00f6nf\u00e9le f\u00e9nyviszonyok k\u00f6z\u00f6tt. Az 1366&#215;768-as WXGA-felbont\u00e1snak k\u00f6sz\u00f6nhet\u0151en \u00e9les \u00e9s \u00e9l\u00e9nk l\u00e1tv\u00e1nyra sz\u00e1m\u00edthat, amely jav\u00edtja a mindennapi sz\u00e1m\u00edt\u00e1stechnikai feladatait.<\/p>\n<p>Ez az LCD-k\u00e9perny\u0151 30 t\u0171s eDP-csatlakoz\u00f3val van felszerelve, \u00edgy a telep\u00edt\u00e9s egyszer\u0171 \u00e9s biztons\u00e1gos. A fels\u0151 \u00e9s als\u00f3 tart\u00f3elemek stabil \u00e9s szoros illeszked\u00e9st biztos\u00edtanak, lehet\u0151v\u00e9 t\u00e9ve a probl\u00e9mamentes be\u00e1ll\u00edt\u00e1st. B\u00e1r ez a k\u00e9perny\u0151 nem IPS, m\u00e9gis j\u00f3 sz\u00ednvisszaad\u00e1st \u00e9s betekint\u00e9si sz\u00f6geket k\u00edn\u00e1l, \u00edgy \u00e1ltal\u00e1nos haszn\u00e1latra alkalmas.<\/p>\n<p>Ez a vadonat\u00faj \u00e9s kifog\u00e1stalan \u00e1llapot\u00fa LCD-k\u00e9perny\u0151 ide\u00e1lis helyettes\u00edt\u0151je HP 250 G4 laptopj\u00e1nak. Ak\u00e1r dolgozik, ak\u00e1r b\u00f6ng\u00e9szik, ak\u00e1r streamel, ez a kijelz\u0151 egyenletes \u00e9s megb\u00edzhat\u00f3 teljes\u00edtm\u00e9nyt ny\u00fajt, jav\u00edtva az \u00e1ltal\u00e1nos felhaszn\u00e1l\u00f3i \u00e9lm\u00e9nyt.<\/p>\n","protected":false},"excerpt":{"rendered":"<p>Friss\u00edtse HP 250 G4 k\u00e9sz\u00fcl\u00e9k\u00e9t egy vadonat\u00faj, 15,6&#8243;-es matt LCD-k\u00e9perny\u0151vel. Ez a k\u00e9perny\u0151 WXGA felbont\u00e1st \u00e9s 30 t\u0171s eDP-csatlakoz\u00f3t k\u00edn\u00e1l az egyszer\u0171 telep\u00edt\u00e9s \u00e9rdek\u00e9ben. A fels\u0151 \u00e9s als\u00f3 konzollal felszerelve biztons\u00e1gosan illeszkedik. A mindennapi haszn\u00e1latra ide\u00e1lis, ez a nem IPS-kijelz\u0151 tiszta \u00e9s megb\u00edzhat\u00f3 k\u00e9pet biztos\u00edt.<\/p>\n","protected":false},"featured_media":9890,"template":"","meta":[],"product_brand":[],"product_cat":[81,71],"product_tag":[],"class_list":{"0":"post-9902","1":"product","2":"type-product","3":"status-publish","4":"has-post-thumbnail","6":"product_cat-15-6-new-laptop-screens-lcd-panels","7":"product_cat-new-laptop-screens-lcd-panels","9":"first","10":"instock","11":"taxable","12":"shipping-taxable","13":"purchasable","14":"product-type-simple"},"_links":{"self":[{"href":"https:\/\/boreait.com\/hu\/wp-json\/wp\/v2\/product\/9902","targetHints":{"allow":["GET"]}}],"collection":[{"href":"https:\/\/boreait.com\/hu\/wp-json\/wp\/v2\/product"}],"about":[{"href":"https:\/\/boreait.com\/hu\/wp-json\/wp\/v2\/types\/product"}],"wp:featuredmedia":[{"embeddable":true,"href":"https:\/\/boreait.com\/hu\/wp-json\/wp\/v2\/media\/9890"}],"wp:attachment":[{"href":"https:\/\/boreait.com\/hu\/wp-json\/wp\/v2\/media?parent=9902"}],"wp:term":[{"taxonomy":"product_brand","embeddable":true,"href":"https:\/\/boreait.com\/hu\/wp-json\/wp\/v2\/product_brand?post=9902"},{"taxonomy":"product_cat","embeddable":true,"href":"https:\/\/boreait.com\/hu\/wp-json\/wp\/v2\/product_cat?post=9902"},{"taxonomy":"product_tag","embeddable":true,"href":"https:\/\/boreait.com\/hu\/wp-json\/wp\/v2\/product_tag?post=9902"}],"curies":[{"name":"wp","href":"https:\/\/api.w.org\/{rel}","templated":true}]}}