{"id":9901,"date":"2025-09-17T12:45:04","date_gmt":"2025-09-17T10:45:04","guid":{"rendered":"https:\/\/boreait.com\/hu\/?post_type=product&#038;p=9901"},"modified":"2025-09-17T12:45:22","modified_gmt":"2025-09-17T10:45:22","slug":"156-lcd-kepernyo-hp-250-g5-matt-30-tus-wxga-uj","status":"publish","type":"product","link":"https:\/\/boreait.com\/hu\/termek\/156-lcd-kepernyo-hp-250-g5-matt-30-tus-wxga-uj\/","title":{"rendered":"15,6&#8243; LCD k\u00e9perny\u0151 HP 250 G5 matt 30 t\u0171s WXGA \u00daj"},"content":{"rendered":"<p><strong>T\u00e9nyleges modell: N156BGA-EA2 REV C1 vagy B156XTN07.1 \u2013 TELJESEN KOMPATIBILIS A HP 250 G5 laptoppal<\/strong><\/p>\n<p>A HP 250 G5 15,6 h\u00fcvelykes LCD-k\u00e9perny\u0151 t\u00f6k\u00e9letes csere vagy friss\u00edt\u00e9s laptopj\u00e1hoz. Az \u00e9les \u00e9s tiszta k\u00e9p megjelen\u00edt\u00e9s\u00e9re tervezett matt k\u00e9perny\u0151 minim\u00e1lisra cs\u00f6kkenti a t\u00fckr\u00f6z\u0151d\u00e9st, \u00edgy ide\u00e1lis k\u00fcl\u00f6nf\u00e9le f\u00e9nyviszonyokhoz. A WXGA felbont\u00e1ssal (1366&#215;768) ez a k\u00e9perny\u0151 \u00e9les k\u00e9pmin\u0151s\u00e9get biztos\u00edt, jav\u00edtva a munka vagy sz\u00f3rakoz\u00e1s k\u00f6zbeni megtekint\u00e9si \u00e9lm\u00e9nyt.<\/p>\n<p>A 30 t\u0171s eDP-csatlakoz\u00f3val felszerelt HP 250 G5 k\u00e9perny\u0151 egyszer\u0171 telep\u00edt\u00e9si folyamatot tesz lehet\u0151v\u00e9. A fels\u0151 \u00e9s als\u00f3 konzolok biztos\u00edtj\u00e1k, hogy a k\u00e9perny\u0151 biztons\u00e1gosan illeszkedjen a laptopba, \u00edgy stabil \u00e9s megb\u00edzhat\u00f3 teljes\u00edtm\u00e9nyt ny\u00fajt. Noha ez egy nem IPS k\u00e9perny\u0151, m\u00e9g mindig j\u00f3 sz\u00ednpontoss\u00e1got \u00e9s betekint\u00e9si sz\u00f6get biztos\u00edt, \u00edgy mindennapi haszn\u00e1latra alkalmas.<\/p>\n<p>Ez a k\u00e9perny\u0151 vadonat\u00faj, \u00edgy a legjobb min\u0151s\u00e9get \u00e9s teljes\u00edtm\u00e9nyt ny\u00fajtja laptopj\u00e1hoz. Ak\u00e1r egy s\u00e9r\u00fclt k\u00e9perny\u0151t cser\u00e9l, ak\u00e1r a jobb l\u00e1tv\u00e1ny \u00e9rdek\u00e9ben friss\u00edt, a HP 250 G5 LCD-k\u00e9perny\u0151 megb\u00edzhat\u00f3 v\u00e1laszt\u00e1s, k\u00e9nyelmes \u00e9s tiszta megtekint\u00e9si \u00e9lm\u00e9nyt biztos\u00edt.<\/p>\n","protected":false},"excerpt":{"rendered":"<p>Friss\u00edtse HP 250 G5 laptopj\u00e1t egy \u00faj, 15,6 h\u00fcvelykes matt LCD-k\u00e9perny\u0151vel. Ez a WXGA kijelz\u0151 tiszta l\u00e1tv\u00e1nyt ny\u00fajt, \u00e9s 30 t\u0171s eDP-csatlakoz\u00f3val rendelkezik az egyszer\u0171 telep\u00edt\u00e9s \u00e9rdek\u00e9ben. A fels\u0151 \u00e9s als\u00f3 tart\u00f3kkal kieg\u00e9sz\u00edtve ez a nem IPS k\u00e9perny\u0151 t\u00f6k\u00e9letes a napi feladatokhoz.<\/p>\n","protected":false},"featured_media":9890,"template":"","meta":[],"product_brand":[],"product_cat":[81,71],"product_tag":[],"class_list":{"0":"post-9901","1":"product","2":"type-product","3":"status-publish","4":"has-post-thumbnail","6":"product_cat-15-6-new-laptop-screens-lcd-panels","7":"product_cat-new-laptop-screens-lcd-panels","9":"first","10":"instock","11":"taxable","12":"shipping-taxable","13":"purchasable","14":"product-type-simple"},"_links":{"self":[{"href":"https:\/\/boreait.com\/hu\/wp-json\/wp\/v2\/product\/9901","targetHints":{"allow":["GET"]}}],"collection":[{"href":"https:\/\/boreait.com\/hu\/wp-json\/wp\/v2\/product"}],"about":[{"href":"https:\/\/boreait.com\/hu\/wp-json\/wp\/v2\/types\/product"}],"wp:featuredmedia":[{"embeddable":true,"href":"https:\/\/boreait.com\/hu\/wp-json\/wp\/v2\/media\/9890"}],"wp:attachment":[{"href":"https:\/\/boreait.com\/hu\/wp-json\/wp\/v2\/media?parent=9901"}],"wp:term":[{"taxonomy":"product_brand","embeddable":true,"href":"https:\/\/boreait.com\/hu\/wp-json\/wp\/v2\/product_brand?post=9901"},{"taxonomy":"product_cat","embeddable":true,"href":"https:\/\/boreait.com\/hu\/wp-json\/wp\/v2\/product_cat?post=9901"},{"taxonomy":"product_tag","embeddable":true,"href":"https:\/\/boreait.com\/hu\/wp-json\/wp\/v2\/product_tag?post=9901"}],"curies":[{"name":"wp","href":"https:\/\/api.w.org\/{rel}","templated":true}]}}