{"id":9900,"date":"2025-09-17T12:45:04","date_gmt":"2025-09-17T10:45:04","guid":{"rendered":"https:\/\/boreait.com\/hu\/?post_type=product&#038;p=9900"},"modified":"2025-09-17T12:45:22","modified_gmt":"2025-09-17T10:45:22","slug":"156-huvelykes-lcd-kepernyo-lenovo-ideapad-320-330-matt-30-tus-wxga-hoz-uj","status":"publish","type":"product","link":"https:\/\/boreait.com\/hu\/termek\/156-huvelykes-lcd-kepernyo-lenovo-ideapad-320-330-matt-30-tus-wxga-hoz-uj\/","title":{"rendered":"15,6 h\u00fcvelykes LCD k\u00e9perny\u0151 Lenovo IdeaPad 320\/330 matt 30 t\u0171s WXGA-hoz \u00daj"},"content":{"rendered":"<p><strong>T\u00e9nyleges modell: N156BGA-EA2 REV C1 vagy B156XTN07.1 \u2013 TELJESEN KOMPATIBILIS A Lenovo IdeaPad 320-15ISK, 320-15IAP, 330-15IGM laptopokkal<\/strong><\/p>\n<p>Ez a 15,6 h\u00fcvelykes matt LCD-k\u00e9perny\u0151 t\u00f6k\u00e9letes helyettes\u00edti Lenovo IdeaPad 320-15ISK, 320-15IAP vagy 330-15IGM laptopj\u00e1t. Az \u00e9les \u00e9s tiszta k\u00e9p megjelen\u00edt\u00e9s\u00e9re tervezett k\u00e9perny\u0151 WXGA felbont\u00e1s\u00fa (1366&#215;768), amely ide\u00e1lis k\u00fcl\u00f6nf\u00e9le feladatokhoz, a webb\u00f6ng\u00e9sz\u00e9st\u0151l a vide\u00f3k megtekint\u00e9s\u00e9ig \u00e9s a dokumentumokon val\u00f3 munk\u00e1ig.<\/p>\n<p>A k\u00e9perny\u0151 30 t\u0171s eDP-csatlakoz\u00f3val van felszerelve, amely z\u00f6kken\u0151mentes kapcsolatot biztos\u00edt laptopj\u00e1val. Tartalmaz tov\u00e1bb\u00e1 fels\u0151 \u00e9s als\u00f3 konzolokat a biztons\u00e1gos \u00e9s egyszer\u0171 telep\u00edt\u00e9s \u00e9rdek\u00e9ben, \u00edgy nyugalmat biztos\u00edt, ha tudja, hogy a k\u00e9perny\u0151 szil\u00e1rdan a hely\u00e9n van. B\u00e1r nem IPS panelr\u0151l van sz\u00f3, m\u00e9g mindig j\u00f3 sz\u00ednpontoss\u00e1got \u00e9s betekint\u00e9si sz\u00f6geket k\u00edn\u00e1l, \u00edgy praktikus v\u00e1laszt\u00e1s a mindennapi haszn\u00e1latra.<\/p>\n<p>Ez az LCD-k\u00e9perny\u0151 vadonat\u00faj \u00e9s t\u00f6k\u00e9letes \u00e1llapotban van, \u00edgy kiv\u00e1l\u00f3 v\u00e1laszt\u00e1s azoknak, akik megl\u00e9v\u0151 laptopjuk k\u00e9perny\u0151j\u00e9t szeretn\u00e9k cser\u00e9lni vagy friss\u00edteni. Ak\u00e1r munk\u00e1ra, ak\u00e1r tanul\u00e1sra vagy sz\u00f3rakoz\u00e1sra haszn\u00e1lja Lenovo IdeaPadj\u00e9t, ez a k\u00e9perny\u0151 megb\u00edzhat\u00f3 \u00e9s vizu\u00e1lisan tetszet\u0151s \u00e9lm\u00e9nyt ny\u00fajt, \u00e9s jav\u00edtja a laptop teljes\u00edtm\u00e9ny\u00e9t.<\/p>\n","protected":false},"excerpt":{"rendered":"<p>Friss\u00edtse Lenovo IdeaPad 320-15ISK, 320-15IAP vagy 330-15IGM k\u00e9sz\u00fcl\u00e9k\u00e9t ezzel a 15,6 h\u00fcvelykes matt LCD-k\u00e9perny\u0151vel. A WXGA felbont\u00e1s\u00fa \u00e9s 30 t\u0171s eDP-csatlakoz\u00f3val rendelkez\u0151 k\u00e9perny\u0151 fels\u0151 \u00e9s als\u00f3 tart\u00f3kkal rendelkezik a biztons\u00e1gos telep\u00edt\u00e9s \u00e9rdek\u00e9ben. Ez a vadonat\u00faj, nem IPS-es k\u00e9perny\u0151, amely t\u00f6k\u00e9letes a napi feladatokhoz, tiszta \u00e9s megb\u00edzhat\u00f3 l\u00e1tv\u00e1nyt ny\u00fajt.<\/p>\n","protected":false},"featured_media":9890,"template":"","meta":[],"product_brand":[],"product_cat":[81,71],"product_tag":[26],"class_list":{"0":"post-9900","1":"product","2":"type-product","3":"status-publish","4":"has-post-thumbnail","6":"product_cat-15-6-new-laptop-screens-lcd-panels","7":"product_cat-new-laptop-screens-lcd-panels","8":"product_tag-lenovo","10":"first","11":"instock","12":"taxable","13":"shipping-taxable","14":"purchasable","15":"product-type-simple"},"_links":{"self":[{"href":"https:\/\/boreait.com\/hu\/wp-json\/wp\/v2\/product\/9900","targetHints":{"allow":["GET"]}}],"collection":[{"href":"https:\/\/boreait.com\/hu\/wp-json\/wp\/v2\/product"}],"about":[{"href":"https:\/\/boreait.com\/hu\/wp-json\/wp\/v2\/types\/product"}],"wp:featuredmedia":[{"embeddable":true,"href":"https:\/\/boreait.com\/hu\/wp-json\/wp\/v2\/media\/9890"}],"wp:attachment":[{"href":"https:\/\/boreait.com\/hu\/wp-json\/wp\/v2\/media?parent=9900"}],"wp:term":[{"taxonomy":"product_brand","embeddable":true,"href":"https:\/\/boreait.com\/hu\/wp-json\/wp\/v2\/product_brand?post=9900"},{"taxonomy":"product_cat","embeddable":true,"href":"https:\/\/boreait.com\/hu\/wp-json\/wp\/v2\/product_cat?post=9900"},{"taxonomy":"product_tag","embeddable":true,"href":"https:\/\/boreait.com\/hu\/wp-json\/wp\/v2\/product_tag?post=9900"}],"curies":[{"name":"wp","href":"https:\/\/api.w.org\/{rel}","templated":true}]}}