{"id":9899,"date":"2025-09-17T12:45:03","date_gmt":"2025-09-17T10:45:03","guid":{"rendered":"https:\/\/boreait.com\/hu\/?post_type=product&#038;p=9899"},"modified":"2025-09-17T12:45:22","modified_gmt":"2025-09-17T10:45:22","slug":"156-lcd-kepernyo-lenovo-ideapad-z51-70-matt-30-tus-wxga-uj","status":"publish","type":"product","link":"https:\/\/boreait.com\/hu\/termek\/156-lcd-kepernyo-lenovo-ideapad-z51-70-matt-30-tus-wxga-uj\/","title":{"rendered":"15,6&#8243; LCD k\u00e9perny\u0151 Lenovo Ideapad Z51-70 matt 30 t\u0171s WXGA \u00faj"},"content":{"rendered":"<p><strong>T\u00e9nyleges modell: N156BGA-EA2 REV C1 vagy B156XTN07.1 \u2013 TELJESEN KOMPATIBILIS A Lenovo Ideapad Z51-70 laptoppal<\/strong><\/p>\n<p>A Lenovo Ideapad Z51-70 LCD-k\u00e9perny\u0151 egy cs\u00facsmin\u0151s\u00e9g\u0171 cserealkatr\u00e9sz, amelyet laptopja megjelen\u00edt\u00e9si teljes\u00edtm\u00e9ny\u00e9nek jav\u00edt\u00e1s\u00e1ra terveztek. Ez a 15,6 h\u00fcvelykes k\u00e9perny\u0151 matt fel\u00fclettel rendelkezik, cs\u00f6kkenti a t\u00fckr\u00f6z\u0151d\u00e9st, \u00e9s k\u00e9nyelmes megtekint\u00e9si \u00e9lm\u00e9nyt biztos\u00edt, ak\u00e1r belt\u00e9ren, ak\u00e1r kint tart\u00f3zkodik. A WXGA felbont\u00e1ssal (1366&#215;768) \u00e9les, tiszta k\u00e9peket \u00e9lvezhet, amelyek munk\u00e1hoz \u00e9s sz\u00f3rakoz\u00e1shoz egyar\u00e1nt t\u00f6k\u00e9letesek.<\/p>\n<p>Ez a k\u00e9perny\u0151 30 t\u0171s eDP-csatlakoz\u00f3val van felszerelve, amely z\u00f6kken\u0151mentes \u00e9s egyszer\u0171 telep\u00edt\u00e9st tesz lehet\u0151v\u00e9. A mell\u00e9kelt fels\u0151 \u00e9s als\u00f3 konzolok extra stabilit\u00e1st biztos\u00edtanak, \u00edgy biztos\u00edtva, hogy a k\u00e9perny\u0151 biztons\u00e1gosan illeszkedjen a laptophoz. B\u00e1r ez a k\u00e9perny\u0151 nem IPS, m\u00e9gis j\u00f3 sz\u00ednpontoss\u00e1got \u00e9s sz\u00e9les betekint\u00e9si sz\u00f6geket k\u00edn\u00e1l, \u00edgy megb\u00edzhat\u00f3 v\u00e1laszt\u00e1s a mindennapi feladatokhoz.<\/p>\n<p>A vadonat\u00faj \u00e9s kifog\u00e1stalan \u00e1llapot\u00fa Lenovo Ideapad Z51-70 LCD-k\u00e9perny\u0151 kiv\u00e1l\u00f3 lehet\u0151s\u00e9g a megl\u00e9v\u0151 k\u00e9perny\u0151 cser\u00e9j\u00e9re vagy friss\u00edt\u00e9s\u00e9re. Legyen sz\u00f3 di\u00e1k, professzion\u00e1lis vagy h\u00e9tk\u00f6znapi felhaszn\u00e1l\u00f3r\u00f3l, ezt a k\u00e9perny\u0151t \u00fagy tervezt\u00e9k, hogy egyenletes teljes\u00edtm\u00e9nyt \u00e9s tiszta k\u00e9pet biztos\u00edtson, jav\u00edtva ezzel az \u00e1ltal\u00e1nos laptop \u00e9lm\u00e9nyt.<\/p>\n<p>&nbsp;<\/p>\n","protected":false},"excerpt":{"rendered":"<p>Friss\u00edtse Lenovo Ideapad Z51-70 k\u00e9sz\u00fcl\u00e9k\u00e9t vadonat\u00faj, 15,6 h\u00fcvelykes matt LCD-k\u00e9perny\u0151vel. A WXGA felbont\u00e1s\u00fa, 30 t\u0171s eDP-csatlakoz\u00f3val, valamint biztons\u00e1gos fels\u0151 \u00e9s als\u00f3 konzolokkal ez a nem IPS-k\u00e9perny\u0151 tiszta \u00e9s \u00e9l\u00e9nk l\u00e1tv\u00e1nyt ny\u00fajt a mindennapi haszn\u00e1latra.<\/p>\n","protected":false},"featured_media":9890,"template":"","meta":[],"product_brand":[],"product_cat":[81,71],"product_tag":[26],"class_list":{"0":"post-9899","1":"product","2":"type-product","3":"status-publish","4":"has-post-thumbnail","6":"product_cat-15-6-new-laptop-screens-lcd-panels","7":"product_cat-new-laptop-screens-lcd-panels","8":"product_tag-lenovo","10":"first","11":"instock","12":"taxable","13":"shipping-taxable","14":"purchasable","15":"product-type-simple"},"_links":{"self":[{"href":"https:\/\/boreait.com\/hu\/wp-json\/wp\/v2\/product\/9899","targetHints":{"allow":["GET"]}}],"collection":[{"href":"https:\/\/boreait.com\/hu\/wp-json\/wp\/v2\/product"}],"about":[{"href":"https:\/\/boreait.com\/hu\/wp-json\/wp\/v2\/types\/product"}],"wp:featuredmedia":[{"embeddable":true,"href":"https:\/\/boreait.com\/hu\/wp-json\/wp\/v2\/media\/9890"}],"wp:attachment":[{"href":"https:\/\/boreait.com\/hu\/wp-json\/wp\/v2\/media?parent=9899"}],"wp:term":[{"taxonomy":"product_brand","embeddable":true,"href":"https:\/\/boreait.com\/hu\/wp-json\/wp\/v2\/product_brand?post=9899"},{"taxonomy":"product_cat","embeddable":true,"href":"https:\/\/boreait.com\/hu\/wp-json\/wp\/v2\/product_cat?post=9899"},{"taxonomy":"product_tag","embeddable":true,"href":"https:\/\/boreait.com\/hu\/wp-json\/wp\/v2\/product_tag?post=9899"}],"curies":[{"name":"wp","href":"https:\/\/api.w.org\/{rel}","templated":true}]}}