{"id":9897,"date":"2025-09-17T12:45:03","date_gmt":"2025-09-17T10:45:03","guid":{"rendered":"https:\/\/boreait.com\/hu\/?post_type=product&#038;p=9897"},"modified":"2025-09-17T12:45:21","modified_gmt":"2025-09-17T10:45:21","slug":"156-huvelykes-lcd-kepernyo-acer-aspire-5-a515-51g-82ar-matt-30-tus-wxga-hoz-uj","status":"publish","type":"product","link":"https:\/\/boreait.com\/hu\/termek\/156-huvelykes-lcd-kepernyo-acer-aspire-5-a515-51g-82ar-matt-30-tus-wxga-hoz-uj\/","title":{"rendered":"15,6 h\u00fcvelykes LCD k\u00e9perny\u0151 Acer Aspire 5 A515-51G-82AR matt 30 t\u0171s WXGA-hoz \u00daj"},"content":{"rendered":"<p><strong>T\u00e9nyleges modell: N156BGA-EA2 REV C1 vagy B156XTN07.1 \u2013 TELJESEN KOMPATIBILIS Acer Aspire 5 A515-51G-82AR laptoppal<\/strong><\/p>\n<p>Fokozza a megtekint\u00e9si \u00e9lm\u00e9nyt az Acer Aspire 5 A515-51G-82AR k\u00e9sz\u00fcl\u00e9ken ezzel a pr\u00e9mium 15,6 h\u00fcvelykes LCD-k\u00e9perny\u0151vel. Az \u00e9les \u00e9s tiszta k\u00e9p megjelen\u00edt\u00e9s\u00e9re tervezett k\u00e9perny\u0151 matt fel\u00fclettel rendelkezik, amely cs\u00f6kkenti a t\u00fckr\u00f6z\u0151d\u00e9st, \u00edgy ide\u00e1lis k\u00fcl\u00f6nf\u00e9le f\u00e9nyviszonyok k\u00f6z\u00f6tt. A WXGA felbont\u00e1snak (1366&#215;768) \u00e9lvezheti az \u00e9l\u00e9nk sz\u00edneket \u00e9s a r\u00e9szletgazdag k\u00e9peket, ak\u00e1r dolgozik, ak\u00e1r vide\u00f3kat streamel, ak\u00e1r az interneten b\u00f6ng\u00e9szik.<\/p>\n<p>A k\u00e9perny\u0151 30 t\u0171s eDP-csatlakoz\u00f3val van felszerelve, amely z\u00f6kken\u0151mentes kapcsolatot biztos\u00edt laptopj\u00e1val. Fels\u0151 \u00e9s als\u00f3 konzolokkal is rendelkezik, amelyek tov\u00e1bbi stabilit\u00e1st biztos\u00edtanak, \u00e9s egyszer\u0171v\u00e9 teszik a telep\u00edt\u00e9si folyamatot. B\u00e1r ez egy nem IPS k\u00e9perny\u0151, m\u00e9gis j\u00f3 betekint\u00e9si sz\u00f6geket \u00e9s sz\u00ednpontoss\u00e1got k\u00edn\u00e1l, \u00edgy megb\u00edzhat\u00f3 v\u00e1laszt\u00e1s a mindennapi feladatokhoz.<\/p>\n<p>Ez az LCD-k\u00e9perny\u0151 vadonat\u00faj \u00e9s t\u00f6k\u00e9letes \u00e1llapotban van, \u00edgy ide\u00e1lis az Acer Aspire 5 A515-51G-82AR cser\u00e9je vagy friss\u00edt\u00e9se. Legyen \u00d6n di\u00e1k, professzion\u00e1lis vagy alkalmi felhaszn\u00e1l\u00f3, ezt a k\u00e9perny\u0151t \u00fagy tervezt\u00e9k, hogy egyenletes teljes\u00edtm\u00e9nyt \u00e9s k\u00e9nyelmes megtekint\u00e9si \u00e9lm\u00e9nyt ny\u00fajtson minden alkalommal.<\/p>\n","protected":false},"excerpt":{"rendered":"<p>Friss\u00edtse Acer Aspire 5 A515-51G-82AR k\u00e9sz\u00fcl\u00e9k\u00e9t ezzel a 15,6 h\u00fcvelykes matt LCD-k\u00e9perny\u0151vel. A WXGA felbont\u00e1s\u00fa \u00e9s 30 t\u0171s eDP-csatlakoz\u00f3val rendelkez\u0151 k\u00e9perny\u0151 t\u00f6k\u00e9letes a tiszta, t\u00fckr\u00f6z\u0151d\u00e9smentes megjelen\u00edt\u00e9shez. Tartalmaz fels\u0151 \u00e9s als\u00f3 tart\u00f3t a biztons\u00e1gos telep\u00edt\u00e9s \u00e9rdek\u00e9ben. Vadonat\u00faj \u00e9s nem IPS, megb\u00edzhat\u00f3 teljes\u00edtm\u00e9nyt biztos\u00edt a mindennapi haszn\u00e1latra.<\/p>\n","protected":false},"featured_media":9890,"template":"","meta":[],"product_brand":[],"product_cat":[81,71],"product_tag":[29],"class_list":{"0":"post-9897","1":"product","2":"type-product","3":"status-publish","4":"has-post-thumbnail","6":"product_cat-15-6-new-laptop-screens-lcd-panels","7":"product_cat-new-laptop-screens-lcd-panels","8":"product_tag-acer","10":"first","11":"instock","12":"taxable","13":"shipping-taxable","14":"purchasable","15":"product-type-simple"},"_links":{"self":[{"href":"https:\/\/boreait.com\/hu\/wp-json\/wp\/v2\/product\/9897","targetHints":{"allow":["GET"]}}],"collection":[{"href":"https:\/\/boreait.com\/hu\/wp-json\/wp\/v2\/product"}],"about":[{"href":"https:\/\/boreait.com\/hu\/wp-json\/wp\/v2\/types\/product"}],"wp:featuredmedia":[{"embeddable":true,"href":"https:\/\/boreait.com\/hu\/wp-json\/wp\/v2\/media\/9890"}],"wp:attachment":[{"href":"https:\/\/boreait.com\/hu\/wp-json\/wp\/v2\/media?parent=9897"}],"wp:term":[{"taxonomy":"product_brand","embeddable":true,"href":"https:\/\/boreait.com\/hu\/wp-json\/wp\/v2\/product_brand?post=9897"},{"taxonomy":"product_cat","embeddable":true,"href":"https:\/\/boreait.com\/hu\/wp-json\/wp\/v2\/product_cat?post=9897"},{"taxonomy":"product_tag","embeddable":true,"href":"https:\/\/boreait.com\/hu\/wp-json\/wp\/v2\/product_tag?post=9897"}],"curies":[{"name":"wp","href":"https:\/\/api.w.org\/{rel}","templated":true}]}}