{"id":9896,"date":"2025-09-17T12:45:02","date_gmt":"2025-09-17T10:45:02","guid":{"rendered":"https:\/\/boreait.com\/hu\/?post_type=product&#038;p=9896"},"modified":"2025-09-17T12:45:21","modified_gmt":"2025-09-17T10:45:21","slug":"156-lcd-kepernyo-acer-aspire-es1-572-matt-30-tus-wxga-uj","status":"publish","type":"product","link":"https:\/\/boreait.com\/hu\/termek\/156-lcd-kepernyo-acer-aspire-es1-572-matt-30-tus-wxga-uj\/","title":{"rendered":"15,6&#8243; LCD k\u00e9perny\u0151 Acer Aspire ES1-572 matt 30 t\u0171s WXGA \u00faj"},"content":{"rendered":"<p><strong>T\u00e9nyleges modell: N156BGA-EA2 REV C1 vagy B156XTN07.1 \u2013 TELJESEN KOMPATIBILIS Acer Aspire ES1-572 laptoppal<\/strong><\/p>\n<p>N\u00f6velje Acer Aspire ES1-572 laptopja megjelen\u00edt\u00e9si min\u0151s\u00e9g\u00e9t ezzel a vadonat\u00faj 15,6 h\u00fcvelykes LCD-k\u00e9perny\u0151vel. Ezt a matt fel\u00fclet\u0171 k\u00e9perny\u0151t \u00fagy tervezt\u00e9k, hogy minim\u00e1lisra cs\u00f6kkentse a t\u00fckr\u00f6z\u0151d\u00e9st, \u00e9s k\u00e9nyelmesebb megtekint\u00e9si \u00e9lm\u00e9nyt biztos\u00edtson ak\u00e1r belt\u00e9ren, ak\u00e1r kint. A WXGA felbont\u00e1s (1366&#215;768) \u00e9les \u00e9s \u00e9l\u00e9nk l\u00e1tv\u00e1nyt biztos\u00edt, \u00edgy ide\u00e1lis k\u00fcl\u00f6nf\u00e9le feladatokhoz, a webb\u00f6ng\u00e9sz\u00e9st\u0151l a dokumentumokon val\u00f3 munk\u00e1ig.<\/p>\n<p>Ez az LCD-k\u00e9perny\u0151 30 t\u0171s eDP-csatlakoz\u00f3val van felszerelve, amely biztons\u00e1gos \u00e9s egyszer\u0171 csatlakoz\u00e1st tesz lehet\u0151v\u00e9 laptopj\u00e1hoz. A fels\u0151 \u00e9s als\u00f3 konzolok megk\u00f6nny\u00edtik a felszerel\u00e9st \u00e9s stabil illeszked\u00e9st biztos\u00edtanak. Noha ez egy nem IPS kijelz\u0151, m\u00e9gis j\u00f3 sz\u00ednpontoss\u00e1got \u00e9s sz\u00e9les betekint\u00e9si sz\u00f6get k\u00edn\u00e1l, amely alkalmas a mindennapi sz\u00e1m\u00edt\u00e1stechnikai ig\u00e9nyekre.<\/p>\n<p>A vadonat\u00faj \u00e9s t\u00f6k\u00e9letes \u00e1llapotban l\u00e9v\u0151 LCD-k\u00e9perny\u0151 kiv\u00e1l\u00f3 csere vagy friss\u00edt\u00e9s az Acer Aspire ES1-572-hez. Legyen sz\u00f3 tanul\u00f3r\u00f3l, professzion\u00e1lis vagy alkalmi felhaszn\u00e1l\u00f3r\u00f3l, ez a k\u00e9perny\u0151 megb\u00edzhat\u00f3 \u00e9s egyenletes teljes\u00edtm\u00e9nyt ny\u00fajt, tiszta \u00e9s \u00e9les l\u00e1tv\u00e1nyt ny\u00fajtva minden napi tev\u00e9kenys\u00e9g\u00e9hez.<\/p>\n","protected":false},"excerpt":{"rendered":"<p>Friss\u00edtse Acer Aspire ES1-572 k\u00e9sz\u00fcl\u00e9k\u00e9t egy \u00faj, 15,6 h\u00fcvelykes matt LCD-k\u00e9perny\u0151vel. Ez a WXGA k\u00e9perny\u0151 tiszta l\u00e1tv\u00e1nyt \u00e9s egyszer\u0171 telep\u00edt\u00e9st k\u00edn\u00e1l a fels\u0151 \u00e9s als\u00f3 tart\u00f3kkal. A 30 t\u0171s eDP csatlakoz\u00f3val felszerelt nem IPS kijelz\u0151 t\u00f6k\u00e9letes a mindennapi haszn\u00e1latra, megb\u00edzhat\u00f3 teljes\u00edtm\u00e9nyt ny\u00fajt \u00e9s cs\u00f6kkenti a t\u00fckr\u00f6z\u0151d\u00e9st.<\/p>\n","protected":false},"featured_media":9890,"template":"","meta":[],"product_brand":[],"product_cat":[81,71],"product_tag":[29],"class_list":{"0":"post-9896","1":"product","2":"type-product","3":"status-publish","4":"has-post-thumbnail","6":"product_cat-15-6-new-laptop-screens-lcd-panels","7":"product_cat-new-laptop-screens-lcd-panels","8":"product_tag-acer","10":"first","11":"instock","12":"taxable","13":"shipping-taxable","14":"purchasable","15":"product-type-simple"},"_links":{"self":[{"href":"https:\/\/boreait.com\/hu\/wp-json\/wp\/v2\/product\/9896","targetHints":{"allow":["GET"]}}],"collection":[{"href":"https:\/\/boreait.com\/hu\/wp-json\/wp\/v2\/product"}],"about":[{"href":"https:\/\/boreait.com\/hu\/wp-json\/wp\/v2\/types\/product"}],"wp:featuredmedia":[{"embeddable":true,"href":"https:\/\/boreait.com\/hu\/wp-json\/wp\/v2\/media\/9890"}],"wp:attachment":[{"href":"https:\/\/boreait.com\/hu\/wp-json\/wp\/v2\/media?parent=9896"}],"wp:term":[{"taxonomy":"product_brand","embeddable":true,"href":"https:\/\/boreait.com\/hu\/wp-json\/wp\/v2\/product_brand?post=9896"},{"taxonomy":"product_cat","embeddable":true,"href":"https:\/\/boreait.com\/hu\/wp-json\/wp\/v2\/product_cat?post=9896"},{"taxonomy":"product_tag","embeddable":true,"href":"https:\/\/boreait.com\/hu\/wp-json\/wp\/v2\/product_tag?post=9896"}],"curies":[{"name":"wp","href":"https:\/\/api.w.org\/{rel}","templated":true}]}}