{"id":9894,"date":"2025-09-17T12:45:01","date_gmt":"2025-09-17T10:45:01","guid":{"rendered":"https:\/\/boreait.com\/hu\/?post_type=product&#038;p=9894"},"modified":"2025-09-17T12:45:20","modified_gmt":"2025-09-17T10:45:20","slug":"156-lcd-kepernyo-hp-15-bw-15-bs-matt-30-tus-wxga-uj","status":"publish","type":"product","link":"https:\/\/boreait.com\/hu\/termek\/156-lcd-kepernyo-hp-15-bw-15-bs-matt-30-tus-wxga-uj\/","title":{"rendered":"15,6&#8243; LCD k\u00e9perny\u0151 HP 15-BW 15-BS matt 30 t\u0171s WXGA \u00faj"},"content":{"rendered":"<p><strong>T\u00e9nyleges modell: N156BGA-EA2 REV C1 vagy B156XTN07.1 \u2013 TELJESEN KOMPATIBILIS A HP 15-BW 15-BS SOROZAT\u00da LAPTOP\u00c1VAL<\/strong><\/p>\n<p>Fokozza HP 15-BW vagy 15-BS laptopja kijelz\u0151j\u00e9t ezzel a kiv\u00e1l\u00f3 min\u0151s\u00e9g\u0171 15,6 h\u00fcvelykes LCD-k\u00e9perny\u0151vel. A tiszta \u00e9s \u00e9les k\u00e9p megjelen\u00edt\u00e9s\u00e9re tervezett matt k\u00e9perny\u0151 cs\u00f6kkenti a t\u00fckr\u00f6z\u0151d\u00e9st, \u00edgy t\u00f6k\u00e9letes a k\u00fcl\u00f6nf\u00e9le f\u00e9nyviszonyok melletti haszn\u00e1latra. 1366&#215;768-as WXGA felbont\u00e1s\u00e1val r\u00e9szletgazdag k\u00e9peket \u00e9s \u00e9l\u00e9nk sz\u00edneket biztos\u00edt, ide\u00e1lis napi feladatokhoz, p\u00e9ld\u00e1ul webb\u00f6ng\u00e9sz\u00e9shez, dokumentumszerkeszt\u00e9shez \u00e9s multim\u00e9di\u00e1s fogyaszt\u00e1shoz.<\/p>\n<p>Ez az LCD-k\u00e9perny\u0151 30 t\u0171s eDP-csatlakoz\u00f3val van felszerelve, amely z\u00f6kken\u0151mentes kapcsolatot biztos\u00edt laptopj\u00e1val. A k\u00e9perny\u0151h\u00f6z mell\u00e9kelt fels\u0151 \u00e9s als\u00f3 konzolok tov\u00e1bbi stabilit\u00e1st biztos\u00edtanak, \u00edgy a telep\u00edt\u00e9si folyamat egyszer\u0171 \u00e9s biztons\u00e1gos. B\u00e1r nem IPS kijelz\u0151r\u0151l van sz\u00f3, m\u00e9gis megb\u00edzhat\u00f3 sz\u00ednpontoss\u00e1got \u00e9s mindennapi haszn\u00e1latra alkalmas betekint\u00e9si sz\u00f6geket k\u00edn\u00e1l.<\/p>\n<p>Ez a k\u00e9perny\u0151 teljesen \u00faj \u00e9s t\u00f6k\u00e9letes \u00e1llapotban van, \u00edgy kiv\u00e1l\u00f3an helyettes\u00edtheti vagy friss\u00edtheti a megl\u00e9v\u0151 laptop kijelz\u0151j\u00e9t. Legyen sz\u00f3 di\u00e1k, professzion\u00e1lis vagy h\u00e9tk\u00f6znapi felhaszn\u00e1l\u00f3r\u00f3l, ezt az LCD-k\u00e9perny\u0151t \u00fagy tervezt\u00e9k, hogy egyenletes teljes\u00edtm\u00e9nyt ny\u00fajtson, \u00e9s tiszta \u00e9s k\u00e9nyelmes k\u00e9ppel jav\u00edtja az \u00e1ltal\u00e1nos sz\u00e1m\u00edt\u00e1stechnikai \u00e9lm\u00e9nyt.<\/p>\n","protected":false},"excerpt":{"rendered":"<p>Friss\u00edtse HP 15-BW vagy 15-BS laptopj\u00e1t ezzel a 15,6 h\u00fcvelykes matt LCD-k\u00e9perny\u0151vel. A WXGA felbont\u00e1s\u00fa, 30 t\u0171s eDP-csatlakoz\u00f3val, valamint fels\u0151 \u00e9s als\u00f3 tart\u00f3kkal rendelkez\u0151 vadonat\u00faj, nem IPS-kijelz\u0151 tiszta l\u00e1tv\u00e1nyt \u00e9s egyszer\u0171 telep\u00edt\u00e9st biztos\u00edt a megb\u00edzhat\u00f3 teljes\u00edtm\u00e9ny \u00e9rdek\u00e9ben.<\/p>\n","protected":false},"featured_media":9890,"template":"","meta":[],"product_brand":[],"product_cat":[81,71],"product_tag":[],"class_list":{"0":"post-9894","1":"product","2":"type-product","3":"status-publish","4":"has-post-thumbnail","6":"product_cat-15-6-new-laptop-screens-lcd-panels","7":"product_cat-new-laptop-screens-lcd-panels","9":"first","10":"instock","11":"taxable","12":"shipping-taxable","13":"purchasable","14":"product-type-simple"},"_links":{"self":[{"href":"https:\/\/boreait.com\/hu\/wp-json\/wp\/v2\/product\/9894","targetHints":{"allow":["GET"]}}],"collection":[{"href":"https:\/\/boreait.com\/hu\/wp-json\/wp\/v2\/product"}],"about":[{"href":"https:\/\/boreait.com\/hu\/wp-json\/wp\/v2\/types\/product"}],"wp:featuredmedia":[{"embeddable":true,"href":"https:\/\/boreait.com\/hu\/wp-json\/wp\/v2\/media\/9890"}],"wp:attachment":[{"href":"https:\/\/boreait.com\/hu\/wp-json\/wp\/v2\/media?parent=9894"}],"wp:term":[{"taxonomy":"product_brand","embeddable":true,"href":"https:\/\/boreait.com\/hu\/wp-json\/wp\/v2\/product_brand?post=9894"},{"taxonomy":"product_cat","embeddable":true,"href":"https:\/\/boreait.com\/hu\/wp-json\/wp\/v2\/product_cat?post=9894"},{"taxonomy":"product_tag","embeddable":true,"href":"https:\/\/boreait.com\/hu\/wp-json\/wp\/v2\/product_tag?post=9894"}],"curies":[{"name":"wp","href":"https:\/\/api.w.org\/{rel}","templated":true}]}}