{"id":9892,"date":"2025-09-17T12:45:00","date_gmt":"2025-09-17T10:45:00","guid":{"rendered":"https:\/\/boreait.com\/hu\/?post_type=product&#038;p=9892"},"modified":"2025-09-17T12:45:20","modified_gmt":"2025-09-17T10:45:20","slug":"156-huvelykes-lcd-kepernyo-lenovo-ideapad-z50-75-matt-30-tus-wxga-uj","status":"publish","type":"product","link":"https:\/\/boreait.com\/hu\/termek\/156-huvelykes-lcd-kepernyo-lenovo-ideapad-z50-75-matt-30-tus-wxga-uj\/","title":{"rendered":"15,6 h\u00fcvelykes LCD k\u00e9perny\u0151 Lenovo IdeaPad Z50-75 matt 30 t\u0171s WXGA \u00faj"},"content":{"rendered":"<p><strong>T\u00e9nyleges modell: N156BGA-EA2 REV C1 vagy B156XTN07.1 \u2013 TELJESEN KOMPATIBILIS A Lenovo IdeaPad Z50-75 laptoppal<\/strong><\/p>\n<p>B\u0151v\u00edtse Lenovo IdeaPad Z50-75 k\u00e9sz\u00fcl\u00e9k\u00e9t egy vadonat\u00faj, 15,6 h\u00fcvelykes LCD-k\u00e9perny\u0151vel, amelyet optim\u00e1lis teljes\u00edtm\u00e9nyre terveztek. Ez a matt k\u00e9perny\u0151 cs\u00f6kkenti a t\u00fckr\u00f6z\u0151d\u00e9st, \u00e9s k\u00e9nyelmes megtekint\u00e9si \u00e9lm\u00e9nyt biztos\u00edt, ak\u00e1r belt\u00e9ren, ak\u00e1r kint dolgozik. A WXGA felbont\u00e1ssal (1366&#215;768) tiszta \u00e9s \u00e9l\u00e9nk l\u00e1tv\u00e1nyt \u00e9lvezhet, \u00edgy munk\u00e1hoz \u00e9s sz\u00f3rakoz\u00e1shoz egyar\u00e1nt ide\u00e1lis.<\/p>\n<p>A k\u00e9perny\u0151 30 t\u0171s eDP-csatlakoz\u00f3val van felszerelve, amely biztos\u00edtja az egyszer\u0171 \u00e9s biztons\u00e1gos telep\u00edt\u00e9st. A fels\u0151 \u00e9s als\u00f3 tart\u00f3 extra stabilit\u00e1st biztos\u00edt, garant\u00e1lva a t\u00f6k\u00e9letes illeszked\u00e9st laptopj\u00e1hoz. Noha ez egy nem IPS panel, m\u00e9gis kiv\u00e1l\u00f3 sz\u00ednvisszaad\u00e1st \u00e9s betekint\u00e9si sz\u00f6geket biztos\u00edt, amelyek a mindennapi feladatok sz\u00e9les k\u00f6r\u00e9re alkalmasak.<\/p>\n<p>Ez az LCD-k\u00e9perny\u0151 t\u00f6k\u00e9letesen helyettes\u00edti a Lenovo IdeaPad Z50-75-\u00f6t, a tart\u00f3ss\u00e1g \u00e9s a tisztas\u00e1g kombin\u00e1ci\u00f3j\u00e1t k\u00edn\u00e1lja, amely \u00faj \u00e9letre kelt laptopja sz\u00e1m\u00e1ra. Legyen sz\u00f3 tanul\u00f3r\u00f3l, professzion\u00e1lis vagy alkalmi felhaszn\u00e1l\u00f3r\u00f3l, ez a k\u00e9perny\u0151 megb\u00edzhat\u00f3 teljes\u00edtm\u00e9nyt \u00e9s \u00e9les megjelen\u00edt\u00e9st biztos\u00edt napi ig\u00e9nyeinek kiel\u00e9g\u00edt\u00e9s\u00e9re.<\/p>\n","protected":false},"excerpt":{"rendered":"<p>Friss\u00edtse Lenovo IdeaPad Z50-75 k\u00e9sz\u00fcl\u00e9k\u00e9t ezzel a 15,6 h\u00fcvelykes matt LCD-k\u00e9perny\u0151vel. WXGA felbont\u00e1ssal, 30 t\u0171s eDP-csatlakoz\u00f3val, valamint fels\u0151 \u00e9s als\u00f3 konzollal a biztons\u00e1gos telep\u00edt\u00e9s \u00e9rdek\u00e9ben. Ez a nem IPS k\u00e9perny\u0151 tiszta \u00e9s \u00e9les k\u00e9pet k\u00edn\u00e1l, t\u00f6k\u00e9letes mindennapi haszn\u00e1latra. Vadonat\u00faj \u00e9s k\u00e9szen \u00e1ll arra, hogy fokozza a laptop \u00e9lm\u00e9ny\u00e9t.<\/p>\n","protected":false},"featured_media":9890,"template":"","meta":[],"product_brand":[],"product_cat":[81,71],"product_tag":[26],"class_list":{"0":"post-9892","1":"product","2":"type-product","3":"status-publish","4":"has-post-thumbnail","6":"product_cat-15-6-new-laptop-screens-lcd-panels","7":"product_cat-new-laptop-screens-lcd-panels","8":"product_tag-lenovo","10":"first","11":"instock","12":"taxable","13":"shipping-taxable","14":"purchasable","15":"product-type-simple"},"_links":{"self":[{"href":"https:\/\/boreait.com\/hu\/wp-json\/wp\/v2\/product\/9892","targetHints":{"allow":["GET"]}}],"collection":[{"href":"https:\/\/boreait.com\/hu\/wp-json\/wp\/v2\/product"}],"about":[{"href":"https:\/\/boreait.com\/hu\/wp-json\/wp\/v2\/types\/product"}],"wp:featuredmedia":[{"embeddable":true,"href":"https:\/\/boreait.com\/hu\/wp-json\/wp\/v2\/media\/9890"}],"wp:attachment":[{"href":"https:\/\/boreait.com\/hu\/wp-json\/wp\/v2\/media?parent=9892"}],"wp:term":[{"taxonomy":"product_brand","embeddable":true,"href":"https:\/\/boreait.com\/hu\/wp-json\/wp\/v2\/product_brand?post=9892"},{"taxonomy":"product_cat","embeddable":true,"href":"https:\/\/boreait.com\/hu\/wp-json\/wp\/v2\/product_cat?post=9892"},{"taxonomy":"product_tag","embeddable":true,"href":"https:\/\/boreait.com\/hu\/wp-json\/wp\/v2\/product_tag?post=9892"}],"curies":[{"name":"wp","href":"https:\/\/api.w.org\/{rel}","templated":true}]}}