{"id":9891,"date":"2025-09-17T12:45:00","date_gmt":"2025-09-17T10:45:00","guid":{"rendered":"https:\/\/boreait.com\/hu\/?post_type=product&#038;p=9891"},"modified":"2025-09-17T12:45:20","modified_gmt":"2025-09-17T10:45:20","slug":"156-lcd-kepernyo-lenovo-fru-00hm066-matt-30-tus-wxga-uj","status":"publish","type":"product","link":"https:\/\/boreait.com\/hu\/termek\/156-lcd-kepernyo-lenovo-fru-00hm066-matt-30-tus-wxga-uj\/","title":{"rendered":"15,6&#8243; LCD k\u00e9perny\u0151 Lenovo FRU 00HM066 matt 30 t\u0171s WXGA \u00faj"},"content":{"rendered":"<p><strong>T\u00e9nyleges modell: N156BGA-EA2 REV C1 vagy B156XTN07.1 \u2013 TELJESEN KOMPATIBILIS A Lenovo FRU 00HM066 P\/N SD10A09795 laptoppal<\/strong><\/p>\n<p>A Lenovo FRU 00HM066 (P\/N SD10A09795) egy pr\u00e9mium 15,6 h\u00fcvelykes LCD-k\u00e9perny\u0151, amely t\u00f6k\u00e9letes a laptop megjelen\u00edt\u00e9s\u00e9nek jav\u00edt\u00e1s\u00e1hoz. A matt fel\u00fcletnek k\u00f6sz\u00f6nhet\u0151en ez a k\u00e9perny\u0151 minim\u00e1lisra cs\u00f6kkenti a t\u00fckr\u00f6z\u0151d\u00e9st, \u00edgy ide\u00e1lis k\u00fcl\u00f6nf\u00e9le f\u00e9nyviszonyok k\u00f6z\u00f6tt. A WXGA felbont\u00e1s (1366&#215;768) \u00e9les \u00e9s r\u00e9szletgazdag l\u00e1tv\u00e1nyt biztos\u00edt, ak\u00e1r dokumentumokon dolgozik, ak\u00e1r az interneten b\u00f6ng\u00e9szik, ak\u00e1r multim\u00e9di\u00e1s tartalmakat \u00e9lvez.<\/p>\n<p>Ez az LCD-k\u00e9perny\u0151 30 t\u0171s eDP-csatlakoz\u00f3val rendelkezik, amely biztons\u00e1gos \u00e9s egyszer\u0171 csatlakoz\u00e1st biztos\u00edt laptopj\u00e1hoz. A mell\u00e9kelt fels\u0151 \u00e9s als\u00f3 konzolok sim\u00e1v\u00e1 \u00e9s stabill\u00e1 teszik a telep\u00edt\u00e9si folyamatot. B\u00e1r nem IPS k\u00e9perny\u0151r\u0151l van sz\u00f3, m\u00e9g mindig j\u00f3 sz\u00ednpontoss\u00e1got \u00e9s elegend\u0151 betekint\u00e9si sz\u00f6get k\u00edn\u00e1l, amely megfelel a napi sz\u00e1m\u00edt\u00e1si ig\u00e9nyeknek.<\/p>\n<p>A vadonat\u00faj \u00e9s t\u00f6k\u00e9letes \u00e1llapotban l\u00e9v\u0151 Lenovo FRU 00HM066 kiv\u00e1l\u00f3an helyettes\u00edti vagy friss\u00edti laptopja megl\u00e9v\u0151 k\u00e9perny\u0151j\u00e9t. Legyen sz\u00f3 di\u00e1k, professzion\u00e1lis vagy h\u00e9tk\u00f6znapi felhaszn\u00e1l\u00f3r\u00f3l, ezt az LCD-k\u00e9perny\u0151t \u00fagy tervezt\u00e9k, hogy egyenletes, kiv\u00e1l\u00f3 min\u0151s\u00e9g\u0171 teljes\u00edtm\u00e9nyt ny\u00fajtson, tiszta \u00e9s k\u00e9nyelmes megtekint\u00e9si \u00e9lm\u00e9nyt biztos\u00edtva.<\/p>\n","protected":false},"excerpt":{"rendered":"<p>Friss\u00edtse laptopj\u00e1t a Lenovo FRU 00HM066 LCD k\u00e9perny\u0151vel. Ez a 15,6 h\u00fcvelykes matt kijelz\u0151 WXGA felbont\u00e1st \u00e9s 30 t\u0171s eDP-csatlakoz\u00f3val rendelkezik. Az egyszer\u0171 telep\u00edt\u00e9s \u00e9rdek\u00e9ben fels\u0151 \u00e9s als\u00f3 tart\u00f3kkal ell\u00e1tott, nem IPS-k\u00e9perny\u0151 vadonat\u00faj, \u00e9s k\u00e9szen \u00e1ll a tiszta, megb\u00edzhat\u00f3 k\u00e9p megjelen\u00edt\u00e9s\u00e9re.<\/p>\n","protected":false},"featured_media":9890,"template":"","meta":[],"product_brand":[],"product_cat":[81,71],"product_tag":[26],"class_list":{"0":"post-9891","1":"product","2":"type-product","3":"status-publish","4":"has-post-thumbnail","6":"product_cat-15-6-new-laptop-screens-lcd-panels","7":"product_cat-new-laptop-screens-lcd-panels","8":"product_tag-lenovo","10":"first","11":"instock","12":"taxable","13":"shipping-taxable","14":"purchasable","15":"product-type-simple"},"_links":{"self":[{"href":"https:\/\/boreait.com\/hu\/wp-json\/wp\/v2\/product\/9891","targetHints":{"allow":["GET"]}}],"collection":[{"href":"https:\/\/boreait.com\/hu\/wp-json\/wp\/v2\/product"}],"about":[{"href":"https:\/\/boreait.com\/hu\/wp-json\/wp\/v2\/types\/product"}],"wp:featuredmedia":[{"embeddable":true,"href":"https:\/\/boreait.com\/hu\/wp-json\/wp\/v2\/media\/9890"}],"wp:attachment":[{"href":"https:\/\/boreait.com\/hu\/wp-json\/wp\/v2\/media?parent=9891"}],"wp:term":[{"taxonomy":"product_brand","embeddable":true,"href":"https:\/\/boreait.com\/hu\/wp-json\/wp\/v2\/product_brand?post=9891"},{"taxonomy":"product_cat","embeddable":true,"href":"https:\/\/boreait.com\/hu\/wp-json\/wp\/v2\/product_cat?post=9891"},{"taxonomy":"product_tag","embeddable":true,"href":"https:\/\/boreait.com\/hu\/wp-json\/wp\/v2\/product_tag?post=9891"}],"curies":[{"name":"wp","href":"https:\/\/api.w.org\/{rel}","templated":true}]}}