{"id":9874,"date":"2025-09-17T12:44:38","date_gmt":"2025-09-17T10:44:38","guid":{"rendered":"https:\/\/boreait.com\/hu\/?post_type=product&#038;p=9874"},"modified":"2025-09-17T12:45:12","modified_gmt":"2025-09-17T10:45:12","slug":"156-huvelykes-lcd-kepernyo-hp-826812-001-matt-30-tus-wxga-uj","status":"publish","type":"product","link":"https:\/\/boreait.com\/hu\/termek\/156-huvelykes-lcd-kepernyo-hp-826812-001-matt-30-tus-wxga-uj\/","title":{"rendered":"15,6 h\u00fcvelykes LCD k\u00e9perny\u0151 HP 826812-001 matt 30 t\u0171s WXGA \u00faj"},"content":{"rendered":"<p><strong>T\u00e9nyleges modell: N156BGA-EA2 REV C1 vagy B156XTN07.1 \u2013 TELJESEN KOMPATIBILIS A 826812-001 HP cikksz\u00e1m\u00fa laptoppal<\/strong><\/p>\n<p>A HP 826812-001 egy kiv\u00e1l\u00f3 min\u0151s\u00e9g\u0171, 15,6 h\u00fcvelykes LCD-k\u00e9perny\u0151, amelyet a laptop vizu\u00e1lis \u00e9lm\u00e9ny\u00e9nek jav\u00edt\u00e1s\u00e1ra terveztek. Ez a matt fel\u00fclet\u0171 kijelz\u0151 cs\u00f6kkenti a t\u00fckr\u00f6z\u0151d\u00e9st, \u00edgy ide\u00e1lis k\u00fcl\u00f6nf\u00e9le f\u00e9nyviszonyok k\u00f6z\u00f6tt, ak\u00e1r belt\u00e9ren, ak\u00e1r k\u00fclt\u00e9ren. A WXGA felbont\u00e1s (1366&#215;768) biztos\u00edtja, hogy a k\u00e9p \u00e9les \u00e9s r\u00e9szletgazdag legyen, \u00e9s mindenhez t\u00f6k\u00e9letes, az internet b\u00f6ng\u00e9sz\u00e9s\u00e9t\u0151l a dokumentumokon val\u00f3 munk\u00e1ig.<\/p>\n<p>Ez az LCD-k\u00e9perny\u0151 30 t\u0171s eDP-csatlakoz\u00f3val rendelkezik, amely egyszer\u0171 \u00e9s biztons\u00e1gos csatlakoz\u00e1st k\u00edn\u00e1l laptopj\u00e1hoz. A k\u00e9perny\u0151 fels\u0151 \u00e9s als\u00f3 konzolokkal is rendelkezik, biztos\u00edtva a stabil \u00e9s probl\u00e9mamentes telep\u00edt\u00e9si folyamatot. B\u00e1r nem IPS k\u00e9perny\u0151r\u0151l van sz\u00f3, m\u00e9g mindig j\u00f3 sz\u00ednpontoss\u00e1got \u00e9s betekint\u00e9si sz\u00f6get biztos\u00edt, \u00edgy a legt\u00f6bb mindennapi feladatra alkalmas.<\/p>\n<p>A vadonat\u00faj \u00e9s t\u00f6k\u00e9letes \u00e1llapotban l\u00e9v\u0151 HP 826812-001 LCD-k\u00e9perny\u0151 kiv\u00e1l\u00f3 v\u00e1laszt\u00e1s laptopja kijelz\u0151j\u00e9nek cser\u00e9j\u00e9hez vagy friss\u00edt\u00e9s\u00e9hez. Legyen \u00d6n di\u00e1k, professzion\u00e1lis vagy alkalmi felhaszn\u00e1l\u00f3, ez a k\u00e9perny\u0151 egyenletes \u00e9s megb\u00edzhat\u00f3 teljes\u00edtm\u00e9nyt ny\u00fajt, tiszta \u00e9s k\u00e9nyelmes megtekint\u00e9si \u00e9lm\u00e9nyt ny\u00fajtva.<\/p>\n","protected":false},"excerpt":{"rendered":"<p>Friss\u00edtse laptopj\u00e1t a HP 826812-001 LCD-k\u00e9perny\u0151vel. Ez a 15,6 h\u00fcvelykes matt kijelz\u0151 WXGA felbont\u00e1ssal, 30 t\u0171s eDP-csatlakoz\u00f3val, valamint fels\u0151 \u00e9s als\u00f3 konzollal rendelkezik a biztons\u00e1gos telep\u00edt\u00e9s \u00e9rdek\u00e9ben. Vadonat\u00faj \u00e9s nem IPS, tiszta \u00e9s megb\u00edzhat\u00f3 l\u00e1tv\u00e1nyt biztos\u00edt a napi haszn\u00e1latra.<\/p>\n","protected":false},"featured_media":9890,"template":"","meta":[],"product_brand":[],"product_cat":[81,71],"product_tag":[25],"class_list":{"0":"post-9874","1":"product","2":"type-product","3":"status-publish","4":"has-post-thumbnail","6":"product_cat-15-6-new-laptop-screens-lcd-panels","7":"product_cat-new-laptop-screens-lcd-panels","8":"product_tag-hp","10":"first","11":"instock","12":"taxable","13":"shipping-taxable","14":"purchasable","15":"product-type-simple"},"_links":{"self":[{"href":"https:\/\/boreait.com\/hu\/wp-json\/wp\/v2\/product\/9874","targetHints":{"allow":["GET"]}}],"collection":[{"href":"https:\/\/boreait.com\/hu\/wp-json\/wp\/v2\/product"}],"about":[{"href":"https:\/\/boreait.com\/hu\/wp-json\/wp\/v2\/types\/product"}],"wp:featuredmedia":[{"embeddable":true,"href":"https:\/\/boreait.com\/hu\/wp-json\/wp\/v2\/media\/9890"}],"wp:attachment":[{"href":"https:\/\/boreait.com\/hu\/wp-json\/wp\/v2\/media?parent=9874"}],"wp:term":[{"taxonomy":"product_brand","embeddable":true,"href":"https:\/\/boreait.com\/hu\/wp-json\/wp\/v2\/product_brand?post=9874"},{"taxonomy":"product_cat","embeddable":true,"href":"https:\/\/boreait.com\/hu\/wp-json\/wp\/v2\/product_cat?post=9874"},{"taxonomy":"product_tag","embeddable":true,"href":"https:\/\/boreait.com\/hu\/wp-json\/wp\/v2\/product_tag?post=9874"}],"curies":[{"name":"wp","href":"https:\/\/api.w.org\/{rel}","templated":true}]}}