{"id":9873,"date":"2025-09-17T12:44:38","date_gmt":"2025-09-17T10:44:38","guid":{"rendered":"https:\/\/boreait.com\/hu\/?post_type=product&#038;p=9873"},"modified":"2025-09-17T12:45:11","modified_gmt":"2025-09-17T10:45:11","slug":"156-lcd-kepernyo-lenovo-g50-80-matt-30-tus-wxga-hoz-uj","status":"publish","type":"product","link":"https:\/\/boreait.com\/hu\/termek\/156-lcd-kepernyo-lenovo-g50-80-matt-30-tus-wxga-hoz-uj\/","title":{"rendered":"15,6&#8243; LCD k\u00e9perny\u0151 Lenovo G50-80 matt 30 t\u0171s WXGA-hoz \u00daj"},"content":{"rendered":"<p><strong>T\u00e9nyleges modell: N156BGA-EA2 REV C1 vagy B156XTN07.1 \u2013 TELJESEN KOMPATIBILIS A LENOVO G50-80 LAPTOP\u00c1VAL<\/strong><\/p>\n<p>Revitaliz\u00e1lja Lenovo G50-80 laptopj\u00e1t ezzel a vadonat\u00faj 15,6 h\u00fcvelykes LCD-k\u00e9perny\u0151vel. Ez a matt fel\u00fclet\u0171 k\u00e9perny\u0151 minim\u00e1lisra cs\u00f6kkenti a t\u00fckr\u00f6z\u0151d\u00e9st, \u00e9s k\u00e9nyelmesebb megtekint\u00e9si \u00e9lm\u00e9nyt biztos\u00edt k\u00fcl\u00f6nf\u00e9le f\u00e9nyviszonyok k\u00f6z\u00f6tt. A WXGA felbont\u00e1s (1366&#215;768) \u00e9les \u00e9s r\u00e9szletgazdag l\u00e1tv\u00e1nyt biztos\u00edt, ak\u00e1r dokumentumokon dolgozik, ak\u00e1r vide\u00f3kat streamel, ak\u00e1r az interneten b\u00f6ng\u00e9szik.<\/p>\n<p>Ez az LCD-k\u00e9perny\u0151 30 t\u0171s eDP-csatlakoz\u00f3val van felszerelve, amely egyszer\u0171 telep\u00edt\u00e9st tesz lehet\u0151v\u00e9. A fels\u0151 \u00e9s az als\u00f3 tart\u00f3 extra stabilit\u00e1st biztos\u00edt, \u00edgy t\u00f6k\u00e9letesen illeszkedik a Lenovo G50-80-hoz. B\u00e1r ez egy nem IPS kijelz\u0151, m\u00e9g mindig j\u00f3 sz\u00ednpontoss\u00e1got \u00e9s megfelel\u0151 betekint\u00e9si sz\u00f6get biztos\u00edt, \u00edgy biztos v\u00e1laszt\u00e1s a mindennapi haszn\u00e1latra.<\/p>\n<p>Ez az \u00faj LCD-k\u00e9perny\u0151 ide\u00e1lis csere a Lenovo G50-80-hoz, megb\u00edzhat\u00f3 teljes\u00edtm\u00e9nyt \u00e9s tiszta, \u00e9les l\u00e1tv\u00e1nyt k\u00edn\u00e1l. Ak\u00e1r friss\u00edti, ak\u00e1r cser\u00e9li a s\u00e9r\u00fclt k\u00e9perny\u0151t, ez a kijelz\u0151 megfelel az \u00d6n ig\u00e9nyeinek, \u00e9s jav\u00edtja laptopja haszn\u00e1lhat\u00f3s\u00e1g\u00e1t.<\/p>\n","protected":false},"excerpt":{"rendered":"<p>Friss\u00edtse Lenovo G50-80 k\u00e9sz\u00fcl\u00e9k\u00e9t egy \u00faj, 15,6 h\u00fcvelykes matt LCD-k\u00e9perny\u0151vel. A WXGA felbont\u00e1s\u00fa \u00e9s 30 t\u0171s eDP-csatlakoz\u00f3val rendelkez\u0151 k\u00e9perny\u0151 fels\u0151 \u00e9s als\u00f3 tart\u00f3kkal rendelkezik a biztons\u00e1gos telep\u00edt\u00e9s \u00e9rdek\u00e9ben. \u00c9lvezze az \u00e9les, tiszta k\u00e9pet ezzel a megb\u00edzhat\u00f3, nem IPS kijelz\u0151vel.<\/p>\n","protected":false},"featured_media":9890,"template":"","meta":[],"product_brand":[],"product_cat":[81,71],"product_tag":[26],"class_list":{"0":"post-9873","1":"product","2":"type-product","3":"status-publish","4":"has-post-thumbnail","6":"product_cat-15-6-new-laptop-screens-lcd-panels","7":"product_cat-new-laptop-screens-lcd-panels","8":"product_tag-lenovo","10":"first","11":"instock","12":"taxable","13":"shipping-taxable","14":"purchasable","15":"product-type-simple"},"_links":{"self":[{"href":"https:\/\/boreait.com\/hu\/wp-json\/wp\/v2\/product\/9873","targetHints":{"allow":["GET"]}}],"collection":[{"href":"https:\/\/boreait.com\/hu\/wp-json\/wp\/v2\/product"}],"about":[{"href":"https:\/\/boreait.com\/hu\/wp-json\/wp\/v2\/types\/product"}],"wp:featuredmedia":[{"embeddable":true,"href":"https:\/\/boreait.com\/hu\/wp-json\/wp\/v2\/media\/9890"}],"wp:attachment":[{"href":"https:\/\/boreait.com\/hu\/wp-json\/wp\/v2\/media?parent=9873"}],"wp:term":[{"taxonomy":"product_brand","embeddable":true,"href":"https:\/\/boreait.com\/hu\/wp-json\/wp\/v2\/product_brand?post=9873"},{"taxonomy":"product_cat","embeddable":true,"href":"https:\/\/boreait.com\/hu\/wp-json\/wp\/v2\/product_cat?post=9873"},{"taxonomy":"product_tag","embeddable":true,"href":"https:\/\/boreait.com\/hu\/wp-json\/wp\/v2\/product_tag?post=9873"}],"curies":[{"name":"wp","href":"https:\/\/api.w.org\/{rel}","templated":true}]}}