{"id":9861,"date":"2025-09-17T12:44:14","date_gmt":"2025-09-17T10:44:14","guid":{"rendered":"https:\/\/boreait.com\/hu\/?post_type=product&#038;p=9861"},"modified":"2025-09-17T12:45:11","modified_gmt":"2025-09-17T10:45:11","slug":"156-huvelykes-lcd-kepernyo-lenovo-g50-g5070-sorozatu-matt-30-tus-wxga-uj","status":"publish","type":"product","link":"https:\/\/boreait.com\/hu\/termek\/156-huvelykes-lcd-kepernyo-lenovo-g50-g5070-sorozatu-matt-30-tus-wxga-uj\/","title":{"rendered":"15,6 h\u00fcvelykes LCD k\u00e9perny\u0151 Lenovo G50 G5070 sorozat\u00fa matt 30 t\u0171s WXGA \u00faj"},"content":{"rendered":"<p><strong>T\u00e9nyleges modell: N156BGA-EA2 REV C1 vagy B156XTN07.1 \u2013 TELJESEN KOMPATIBILIS A Lenovo G50 G5070 sorozat\u00fa laptoppal<\/strong><\/p>\n<p>Fokozza Lenovo G50 vagy G5070 sorozat\u00fa laptopja megjelen\u00edt\u00e9si min\u0151s\u00e9g\u00e9t ezzel a pr\u00e9mium 15,6 h\u00fcvelykes LCD-k\u00e9perny\u0151vel. A matt fel\u00fclet cs\u00f6kkenti a t\u00fckr\u00f6z\u0151d\u00e9st, k\u00e9nyelmesebb megtekint\u00e9si \u00e9lm\u00e9nyt biztos\u00edtva ak\u00e1r belt\u00e9ren, ak\u00e1r kint. A WXGA felbont\u00e1s\u00fa (1366&#215;768) k\u00e9perny\u0151 tiszta \u00e9s \u00e9l\u00e9nk l\u00e1tv\u00e1nyt ny\u00fajt, t\u00f6k\u00e9letes b\u00f6ng\u00e9sz\u00e9shez, adatfolyamokhoz \u00e9s dokumentumokon val\u00f3 munk\u00e1hoz.<\/p>\n<p>A z\u00f6kken\u0151mentes kompatibilit\u00e1sra tervezett LCD-k\u00e9perny\u0151 30 t\u0171s eDP-csatlakoz\u00f3val rendelkezik, amely egyszer\u0171 \u00e9s biztons\u00e1gos csatlakoz\u00e1st biztos\u00edt laptopj\u00e1hoz. A fels\u0151 \u00e9s als\u00f3 tart\u00f3konzolok egyszer\u0171v\u00e9 teszik a telep\u00edt\u00e9st, stabil illeszked\u00e9st biztos\u00edtva, amely biztos\u00edtja, hogy a k\u00e9perny\u0151 a hely\u00e9n maradjon. B\u00e1r ez egy nem IPS panel, m\u00e9gis j\u00f3 sz\u00ednpontoss\u00e1got \u00e9s betekint\u00e9si sz\u00f6geket k\u00edn\u00e1l, \u00edgy a legt\u00f6bb felhaszn\u00e1l\u00f3 sz\u00e1m\u00e1ra nagyszer\u0171 v\u00e1laszt\u00e1s.<\/p>\n<p>Ez a vadonat\u00faj k\u00e9perny\u0151 ide\u00e1lis csere vagy friss\u00edt\u00e9s Lenovo G50 vagy G5070 sorozat\u00fa laptopj\u00e1hoz, \u00e1lland\u00f3 \u00e9s megb\u00edzhat\u00f3 teljes\u00edtm\u00e9nyt biztos\u00edtva. Legyen sz\u00f3 tanul\u00f3r\u00f3l, professzion\u00e1lis vagy alkalmi felhaszn\u00e1l\u00f3r\u00f3l, ez a k\u00e9perny\u0151 jav\u00edtja laptopja megjelen\u00edt\u00e9si min\u0151s\u00e9g\u00e9t, tiszta \u00e9s \u00e9les l\u00e1tv\u00e1nyt ny\u00fajtva minden sz\u00e1m\u00edt\u00e1stechnikai ig\u00e9ny\u00e9hez.<\/p>\n","protected":false},"excerpt":{"rendered":"<p>Friss\u00edtse Lenovo G50 vagy G5070 sorozat\u00fa laptopj\u00e1t ezzel a 15,6 h\u00fcvelykes matt LCD-k\u00e9perny\u0151vel. A WXGA felbont\u00e1s\u00fa, 30 t\u0171s eDP-csatlakoz\u00f3val, valamint a fels\u0151 \u00e9s als\u00f3 konzollal rendelkez\u0151 k\u00e9perny\u0151t egyszer\u0171 telep\u00edt\u00e9sre \u00e9s megb\u00edzhat\u00f3 teljes\u00edtm\u00e9nyre tervezt\u00e9k. Vadonat\u00faj \u00e9s nem IPS, tiszta \u00e9s \u00e9les l\u00e1tv\u00e1nyt ny\u00fajt a napi feladatokhoz.<\/p>\n","protected":false},"featured_media":9890,"template":"","meta":[],"product_brand":[],"product_cat":[81,71],"product_tag":[26],"class_list":{"0":"post-9861","1":"product","2":"type-product","3":"status-publish","4":"has-post-thumbnail","6":"product_cat-15-6-new-laptop-screens-lcd-panels","7":"product_cat-new-laptop-screens-lcd-panels","8":"product_tag-lenovo","10":"first","11":"instock","12":"taxable","13":"shipping-taxable","14":"purchasable","15":"product-type-simple"},"_links":{"self":[{"href":"https:\/\/boreait.com\/hu\/wp-json\/wp\/v2\/product\/9861","targetHints":{"allow":["GET"]}}],"collection":[{"href":"https:\/\/boreait.com\/hu\/wp-json\/wp\/v2\/product"}],"about":[{"href":"https:\/\/boreait.com\/hu\/wp-json\/wp\/v2\/types\/product"}],"wp:featuredmedia":[{"embeddable":true,"href":"https:\/\/boreait.com\/hu\/wp-json\/wp\/v2\/media\/9890"}],"wp:attachment":[{"href":"https:\/\/boreait.com\/hu\/wp-json\/wp\/v2\/media?parent=9861"}],"wp:term":[{"taxonomy":"product_brand","embeddable":true,"href":"https:\/\/boreait.com\/hu\/wp-json\/wp\/v2\/product_brand?post=9861"},{"taxonomy":"product_cat","embeddable":true,"href":"https:\/\/boreait.com\/hu\/wp-json\/wp\/v2\/product_cat?post=9861"},{"taxonomy":"product_tag","embeddable":true,"href":"https:\/\/boreait.com\/hu\/wp-json\/wp\/v2\/product_tag?post=9861"}],"curies":[{"name":"wp","href":"https:\/\/api.w.org\/{rel}","templated":true}]}}