{"id":9859,"date":"2025-09-17T12:44:13","date_gmt":"2025-09-17T10:44:13","guid":{"rendered":"https:\/\/boreait.com\/hu\/?post_type=product&#038;p=9859"},"modified":"2025-09-17T12:45:10","modified_gmt":"2025-09-17T10:45:10","slug":"156-lcd-kepernyo-dell-inspiron-15-5551-5558-015j5-matt-30-tus-wxga-uj","status":"publish","type":"product","link":"https:\/\/boreait.com\/hu\/termek\/156-lcd-kepernyo-dell-inspiron-15-5551-5558-015j5-matt-30-tus-wxga-uj\/","title":{"rendered":"15,6&#8243; LCD k\u00e9perny\u0151 Dell Inspiron 15 5551 5558 015J5 matt 30 t\u0171s WXGA \u00faj"},"content":{"rendered":"<p><strong>T\u00e9nyleges modell: N156BGA-EA2 REV C1 vagy B156XTN07.1 \u2013 TELJESEN KOMPATIBILIS A Dell Inspiron 15 5551 5558 laptoppal, cikksz\u00e1m: 015J5<\/strong><\/p>\n<p>Fokozza Dell Inspiron 15 5551 vagy 5558 kijelz\u0151j\u00e9t a kiv\u00e1l\u00f3 min\u0151s\u00e9g\u0171 15,6 h\u00fcvelykes LCD-k\u00e9perny\u0151vel (cikksz\u00e1m: 015J5). Ez a k\u00e9perny\u0151 matt fel\u00fcletet k\u00edn\u00e1l, hogy cs\u00f6kkentse a t\u00fckr\u00f6z\u0151d\u00e9st, \u00edgy kiv\u00e1l\u00f3an haszn\u00e1lhat\u00f3 k\u00fcl\u00f6nf\u00e9le f\u00e9nyviszonyok k\u00f6z\u00f6tt. 1366&#215;768-as WXGA felbont\u00e1s\u00e1val \u00e9les \u00e9s tiszta k\u00e9pet biztos\u00edt, ide\u00e1lis munk\u00e1hoz, sz\u00f3rakoz\u00e1shoz \u00e9s mindennapi feladatokhoz.<\/p>\n<p>Ez az LCD-k\u00e9perny\u0151 30 t\u0171s eDP-csatlakoz\u00f3val van felszerelve, amely biztons\u00e1gos \u00e9s egyszer\u0171 csatlakoz\u00e1st biztos\u00edt laptopj\u00e1hoz. A mell\u00e9kelt fels\u0151 \u00e9s als\u00f3 konzolok stabil \u00e9s egyszer\u0171 telep\u00edt\u00e9st tesznek lehet\u0151v\u00e9, \u00e9s z\u00f6kken\u0151mentesen illeszkednek a k\u00e9sz\u00fcl\u00e9kbe. B\u00e1r ez egy nem IPS k\u00e9perny\u0151, megb\u00edzhat\u00f3 sz\u00ednpontoss\u00e1got \u00e9s megfelel\u0151 betekint\u00e9si sz\u00f6geket k\u00edn\u00e1l, \u00edgy a legt\u00f6bb felhaszn\u00e1l\u00f3 sz\u00e1m\u00e1ra megfelel\u0151.<\/p>\n<p>A vadonat\u00faj \u00e9s kifog\u00e1stalan \u00e1llapot\u00fa Dell Inspiron 15 5551 5558 LCD-k\u00e9perny\u0151 (cikksz\u00e1m: 015J5) kiv\u00e1l\u00f3 helyettes\u00edt\u0151je vagy friss\u00edt\u00e9se jelenlegi kijelz\u0151j\u00e9nek. Ak\u00e1r egy s\u00e9r\u00fclt k\u00e9perny\u0151t cser\u00e9l, ak\u00e1r laptopja vizu\u00e1lis teljes\u00edtm\u00e9ny\u00e9t szeretn\u00e9 jav\u00edtani, ez a k\u00e9perny\u0151 megb\u00edzhat\u00f3 min\u0151s\u00e9get \u00e9s \u00e9les megtekint\u00e9si \u00e9lm\u00e9nyt k\u00edn\u00e1l.<\/p>\n","protected":false},"excerpt":{"rendered":"<p>Friss\u00edtse Dell Inspiron 15 5551 vagy 5558 k\u00e9sz\u00fcl\u00e9k\u00e9t ezzel a 15,6 h\u00fcvelykes matt LCD-k\u00e9perny\u0151vel (cikksz\u00e1m: 015J5). A WXGA felbont\u00e1s\u00fa, 30 t\u0171s eDP-csatlakoz\u00f3val, valamint az egyszer\u0171 telep\u00edt\u00e9st biztos\u00edt\u00f3 fels\u0151 \u00e9s als\u00f3 konzolokkal ez a vadonat\u00faj k\u00e9perny\u0151 tiszta, nem IPS-k\u00e9pet biztos\u00edt a mindennapi haszn\u00e1latra.<\/p>\n","protected":false},"featured_media":9890,"template":"","meta":[],"product_brand":[],"product_cat":[81,71],"product_tag":[17],"class_list":{"0":"post-9859","1":"product","2":"type-product","3":"status-publish","4":"has-post-thumbnail","6":"product_cat-15-6-new-laptop-screens-lcd-panels","7":"product_cat-new-laptop-screens-lcd-panels","8":"product_tag-dell","10":"first","11":"instock","12":"taxable","13":"shipping-taxable","14":"purchasable","15":"product-type-simple"},"_links":{"self":[{"href":"https:\/\/boreait.com\/hu\/wp-json\/wp\/v2\/product\/9859","targetHints":{"allow":["GET"]}}],"collection":[{"href":"https:\/\/boreait.com\/hu\/wp-json\/wp\/v2\/product"}],"about":[{"href":"https:\/\/boreait.com\/hu\/wp-json\/wp\/v2\/types\/product"}],"wp:featuredmedia":[{"embeddable":true,"href":"https:\/\/boreait.com\/hu\/wp-json\/wp\/v2\/media\/9890"}],"wp:attachment":[{"href":"https:\/\/boreait.com\/hu\/wp-json\/wp\/v2\/media?parent=9859"}],"wp:term":[{"taxonomy":"product_brand","embeddable":true,"href":"https:\/\/boreait.com\/hu\/wp-json\/wp\/v2\/product_brand?post=9859"},{"taxonomy":"product_cat","embeddable":true,"href":"https:\/\/boreait.com\/hu\/wp-json\/wp\/v2\/product_cat?post=9859"},{"taxonomy":"product_tag","embeddable":true,"href":"https:\/\/boreait.com\/hu\/wp-json\/wp\/v2\/product_tag?post=9859"}],"curies":[{"name":"wp","href":"https:\/\/api.w.org\/{rel}","templated":true}]}}