{"id":9856,"date":"2025-09-17T12:44:13","date_gmt":"2025-09-17T10:44:13","guid":{"rendered":"https:\/\/boreait.com\/hu\/?post_type=product&#038;p=9856"},"modified":"2025-09-17T12:45:08","modified_gmt":"2025-09-17T10:45:08","slug":"156-lcd-kepernyo-b156xtn04-6-matt-30-tus-wxga-uj","status":"publish","type":"product","link":"https:\/\/boreait.com\/hu\/termek\/156-lcd-kepernyo-b156xtn04-6-matt-30-tus-wxga-uj\/","title":{"rendered":"15,6&#8243; LCD k\u00e9perny\u0151 B156XTN04.6 matt 30 t\u0171s WXGA \u00daj"},"content":{"rendered":"<p><strong>T\u00e9nyleges modell: N156BGA-EA2 REV C1 vagy B156XTN07.1 \u2013 TELJESEN KOMPATIBILIS A B156XTN04.6-VAL<\/strong><\/p>\n<p>A B156XTN04.6 egy cs\u00facskateg\u00f3ri\u00e1s, 15,6 h\u00fcvelykes LCD-k\u00e9perny\u0151, amelyet \u00fagy terveztek, hogy \u00e9les \u00e9s tiszta vizu\u00e1lis \u00e9lm\u00e9nyt ny\u00fajtson laptopja sz\u00e1m\u00e1ra. Matt fel\u00fclet\u00e9vel ez a k\u00e9perny\u0151 hat\u00e9konyan cs\u00f6kkenti a t\u00fckr\u00f6z\u0151d\u00e9st, \u00edgy alkalmas k\u00fcl\u00f6nf\u00e9le f\u00e9nyviszonyokhoz, ak\u00e1r belt\u00e9ren, ak\u00e1r k\u00fclt\u00e9ren tart\u00f3zkodik. A WXGA felbont\u00e1s (1366&#215;768) \u00e9les \u00e9s r\u00e9szletgazdag l\u00e1tv\u00e1nyt biztos\u00edt, amely t\u00f6k\u00e9letes mindenhez a webb\u00f6ng\u00e9sz\u00e9st\u0151l a multim\u00e9di\u00e1s feladatokig.<\/p>\n<p>Ez az LCD-k\u00e9perny\u0151 30 t\u0171s eDP-csatlakoz\u00f3val rendelkezik, amely egyszer\u0171 \u00e9s biztons\u00e1gos csatlakoz\u00e1st tesz lehet\u0151v\u00e9 laptopj\u00e1hoz. A mell\u00e9kelt fels\u0151 \u00e9s als\u00f3 konzolok stabil \u00e9s probl\u00e9mamentes telep\u00edt\u00e9si folyamatot biztos\u00edtanak. B\u00e1r ez a k\u00e9perny\u0151 nem IPS, m\u00e9gis j\u00f3 sz\u00ednpontoss\u00e1got \u00e9s betekint\u00e9si sz\u00f6get biztos\u00edt, \u00edgy kiv\u00e1l\u00f3 v\u00e1laszt\u00e1s a legt\u00f6bb \u00e1ltal\u00e1nos felhaszn\u00e1l\u00e1si esetre.<\/p>\n<p>A vadonat\u00faj \u00e9s t\u00f6k\u00e9letes \u00e1llapotban l\u00e9v\u0151 B156XTN04.6 ide\u00e1lis helyettes\u00edt\u0151je vagy friss\u00edt\u00e9se laptopja megl\u00e9v\u0151 k\u00e9perny\u0151j\u00e9hez. Legyen sz\u00f3 di\u00e1kr\u00f3l, profir\u00f3l vagy h\u00e9tk\u00f6znapi felhaszn\u00e1l\u00f3r\u00f3l, ez az LCD-k\u00e9perny\u0151 egyenletes teljes\u00edtm\u00e9nyt \u00e9s k\u00e9nyelmes megtekint\u00e9si \u00e9lm\u00e9nyt k\u00edn\u00e1l, n\u00f6velve napi termel\u00e9kenys\u00e9g\u00e9t \u00e9s sz\u00f3rakoztat\u00e1s\u00e1t.<\/p>\n","protected":false},"excerpt":{"rendered":"<p>B\u0151v\u00edtse laptop kijelz\u0151j\u00e9t a B156XTN04.6 LCD k\u00e9perny\u0151vel. Ez a 15,6 h\u00fcvelykes matt k\u00e9perny\u0151 WXGA felbont\u00e1ssal \u00e9s 30 t\u0171s eDP-csatlakoz\u00f3val rendelkezik. Tartalmaz fels\u0151 \u00e9s als\u00f3 tart\u00f3t az egyszer\u0171 telep\u00edt\u00e9s \u00e9rdek\u00e9ben. Ez a vadonat\u00faj, nem IPS k\u00e9perny\u0151 tiszta \u00e9s megb\u00edzhat\u00f3 k\u00e9pet ny\u00fajt mindennapi sz\u00e1m\u00edt\u00e1stechnikai ig\u00e9nyeihez.<\/p>\n","protected":false},"featured_media":9890,"template":"","meta":[],"product_brand":[],"product_cat":[81,71],"product_tag":[],"class_list":{"0":"post-9856","1":"product","2":"type-product","3":"status-publish","4":"has-post-thumbnail","6":"product_cat-15-6-new-laptop-screens-lcd-panels","7":"product_cat-new-laptop-screens-lcd-panels","9":"first","10":"instock","11":"taxable","12":"shipping-taxable","13":"purchasable","14":"product-type-simple"},"_links":{"self":[{"href":"https:\/\/boreait.com\/hu\/wp-json\/wp\/v2\/product\/9856","targetHints":{"allow":["GET"]}}],"collection":[{"href":"https:\/\/boreait.com\/hu\/wp-json\/wp\/v2\/product"}],"about":[{"href":"https:\/\/boreait.com\/hu\/wp-json\/wp\/v2\/types\/product"}],"wp:featuredmedia":[{"embeddable":true,"href":"https:\/\/boreait.com\/hu\/wp-json\/wp\/v2\/media\/9890"}],"wp:attachment":[{"href":"https:\/\/boreait.com\/hu\/wp-json\/wp\/v2\/media?parent=9856"}],"wp:term":[{"taxonomy":"product_brand","embeddable":true,"href":"https:\/\/boreait.com\/hu\/wp-json\/wp\/v2\/product_brand?post=9856"},{"taxonomy":"product_cat","embeddable":true,"href":"https:\/\/boreait.com\/hu\/wp-json\/wp\/v2\/product_cat?post=9856"},{"taxonomy":"product_tag","embeddable":true,"href":"https:\/\/boreait.com\/hu\/wp-json\/wp\/v2\/product_tag?post=9856"}],"curies":[{"name":"wp","href":"https:\/\/api.w.org\/{rel}","templated":true}]}}