{"id":9855,"date":"2025-09-17T12:44:13","date_gmt":"2025-09-17T10:44:13","guid":{"rendered":"https:\/\/boreait.com\/hu\/?post_type=product&#038;p=9855"},"modified":"2025-09-17T12:45:07","modified_gmt":"2025-09-17T10:45:07","slug":"156-lcd-kepernyo-lp156whb-tpa2-matt-30-tus-wxga-uj","status":"publish","type":"product","link":"https:\/\/boreait.com\/hu\/termek\/156-lcd-kepernyo-lp156whb-tpa2-matt-30-tus-wxga-uj\/","title":{"rendered":"15,6&#8243; LCD k\u00e9perny\u0151 LP156WHB-TPA2 matt 30 t\u0171s WXGA \u00daj"},"content":{"rendered":"<p><strong>T\u00e9nyleges modell: N156BGA-EA2 REV C1 vagy B156XTN07.1 \u2013 TELJESEN KOMPATIBILIS AZ LP156WHB-TPA2-vel<\/strong><\/p>\n<p>Az LP156WHB-TPA2 egy cs\u00facsmin\u0151s\u00e9g\u0171, 15,6 h\u00fcvelykes LCD-k\u00e9perny\u0151, amelyet arra terveztek, hogy tiszta \u00e9s \u00e9l\u00e9nk l\u00e1tv\u00e1nyt ny\u00fajtson laptopja sz\u00e1m\u00e1ra. Ez a matt fel\u00fclet\u0171 k\u00e9perny\u0151 cs\u00f6kkenti a t\u00fckr\u00f6z\u0151d\u00e9st, \u00edgy ide\u00e1lis k\u00fcl\u00f6nf\u00e9le f\u00e9nyviszonyokhoz, ak\u00e1r belt\u00e9ren, ak\u00e1r k\u00fclt\u00e9ren tart\u00f3zkodik. A WXGA felbont\u00e1s (1366&#215;768) biztos\u00edtja, hogy \u00e9les \u00e9s r\u00e9szletgazdag k\u00e9peket \u00e9lvezhess, \u00edgy a sz\u00e1m\u00edt\u00e1si feladatok m\u00e9g \u00e9lvezetesebbek \u00e9s hat\u00e9konyabbak.<\/p>\n<p>Ez az LCD-panel 30 t\u0171s eDP-csatlakoz\u00f3val van felszerelve, amely lehet\u0151v\u00e9 teszi az egyszer\u0171 \u00e9s biztons\u00e1gos telep\u00edt\u00e9st. A k\u00e9perny\u0151 fels\u0151 \u00e9s als\u00f3 konzolokat is tartalmaz, amelyek tov\u00e1bbi stabilit\u00e1st \u00e9s probl\u00e9mamentess\u00e9 teszik a telep\u00edt\u00e9si folyamatot. B\u00e1r nem IPS k\u00e9perny\u0151r\u0151l van sz\u00f3, m\u00e9gis j\u00f3 sz\u00ednvisszaad\u00e1st \u00e9s betekint\u00e9si sz\u00f6geket k\u00edn\u00e1l, \u00e9s sokf\u00e9le alkalmaz\u00e1shoz alkalmas.<\/p>\n<p>A vadonat\u00faj \u00e9s kiv\u00e1l\u00f3 \u00e1llapotban l\u00e9v\u0151 LP156WHB-TPA2 t\u00f6k\u00e9letes helyettes\u00edt\u0151je vagy friss\u00edt\u00e9se laptopja megl\u00e9v\u0151 k\u00e9perny\u0151j\u00e9nek. Legyen \u00d6n di\u00e1k, profi vagy h\u00e9tk\u00f6znapi felhaszn\u00e1l\u00f3, ez a k\u00e9perny\u0151 megb\u00edzhat\u00f3 teljes\u00edtm\u00e9nyt \u00e9s k\u00e9nyelmes megtekint\u00e9si \u00e9lm\u00e9nyt ny\u00fajt, \u00edgy ide\u00e1lis v\u00e1laszt\u00e1s a mindennapi haszn\u00e1latra.<\/p>\n","protected":false},"excerpt":{"rendered":"<p>Friss\u00edtse laptopja kijelz\u0151j\u00e9t az LP156WHB-TPA2 LCD k\u00e9perny\u0151vel. Ez a 15,6 h\u00fcvelykes matt k\u00e9perny\u0151 WXGA felbont\u00e1ssal \u00e9s 30 t\u0171s eDP-csatlakoz\u00f3val rendelkezik az egyszer\u0171 telep\u00edt\u00e9s \u00e9rdek\u00e9ben. A fels\u0151 \u00e9s als\u00f3 tart\u00f3kkal felszerelt \u00faj, nem IPS k\u00e9perny\u0151 megb\u00edzhat\u00f3 \u00e9s \u00e9les k\u00e9pet ny\u00fajt, t\u00f6k\u00e9letes mindennapi haszn\u00e1latra.<\/p>\n","protected":false},"featured_media":9890,"template":"","meta":[],"product_brand":[],"product_cat":[81,71],"product_tag":[],"class_list":{"0":"post-9855","1":"product","2":"type-product","3":"status-publish","4":"has-post-thumbnail","6":"product_cat-15-6-new-laptop-screens-lcd-panels","7":"product_cat-new-laptop-screens-lcd-panels","9":"first","10":"instock","11":"taxable","12":"shipping-taxable","13":"purchasable","14":"product-type-simple"},"_links":{"self":[{"href":"https:\/\/boreait.com\/hu\/wp-json\/wp\/v2\/product\/9855","targetHints":{"allow":["GET"]}}],"collection":[{"href":"https:\/\/boreait.com\/hu\/wp-json\/wp\/v2\/product"}],"about":[{"href":"https:\/\/boreait.com\/hu\/wp-json\/wp\/v2\/types\/product"}],"wp:featuredmedia":[{"embeddable":true,"href":"https:\/\/boreait.com\/hu\/wp-json\/wp\/v2\/media\/9890"}],"wp:attachment":[{"href":"https:\/\/boreait.com\/hu\/wp-json\/wp\/v2\/media?parent=9855"}],"wp:term":[{"taxonomy":"product_brand","embeddable":true,"href":"https:\/\/boreait.com\/hu\/wp-json\/wp\/v2\/product_brand?post=9855"},{"taxonomy":"product_cat","embeddable":true,"href":"https:\/\/boreait.com\/hu\/wp-json\/wp\/v2\/product_cat?post=9855"},{"taxonomy":"product_tag","embeddable":true,"href":"https:\/\/boreait.com\/hu\/wp-json\/wp\/v2\/product_tag?post=9855"}],"curies":[{"name":"wp","href":"https:\/\/api.w.org\/{rel}","templated":true}]}}